{"id":989516,"date":"2024-03-21T14:31:25","date_gmt":"2024-03-21T12:31:25","guid":{"rendered":"https:\/\/cranes.lv\/?post_type=product&#038;p=989516"},"modified":"2024-03-28T17:59:32","modified_gmt":"2024-03-28T15:59:32","slug":"%d0%b4%d0%b8%d1%81%d1%82%d0%b0%d0%bd%d1%86%d0%b8%d0%be%d0%bd%d0%bd%d0%be%d0%b5-%d1%83%d0%bf%d1%80%d0%b0%d0%b2%d0%bb%d0%b5%d0%bd%d0%b8%d0%b5-%d0%ba%d0%be%d0%bf%d0%b8%d1%80%d0%be%d0%b2%d0%b0%d1%82","status":"publish","type":"product","link":"https:\/\/cranes.lv\/lt\/product\/%d0%b4%d0%b8%d1%81%d1%82%d0%b0%d0%bd%d1%86%d0%b8%d0%be%d0%bd%d0%bd%d0%be%d0%b5-%d1%83%d0%bf%d1%80%d0%b0%d0%b2%d0%bb%d0%b5%d0%bd%d0%b8%d0%b5-%d0%ba%d0%be%d0%bf%d0%b8%d1%80%d0%be%d0%b2%d0%b0%d1%82\/","title":{"rendered":"Nuotolinio valdymo pultas"},"content":{"rendered":"","protected":false},"excerpt":{"rendered":"<h4>Nuotolinio valdymo pultas<\/h4>\n<p id=\"E481\" class=\"x-scope qowt-word-para-1\"><span id=\"E482\" class=\"qowt-font1-TimesNewRoman\">Panther PLd sistema gali b\u016bti pritaikyta prakti\u0161kai visoms standartin\u0117ms vir\u0161utini\u0173 kran\u0173 reikm\u0117ms. Vienas si\u0173stuvas gali valdyti keturis atskirus \u010diaupus nepriklausomai vienas nuo kito. Keli si\u0173stuvai gali susisiekti su tuo pa\u010diu imtuvu. Tai ypa\u010d naudinga, kai t\u0105 pa\u010di\u0105 sistem\u0105 turi valdyti keli \u017emon\u0117s.<\/span><span id=\"E483\" class=\"qowt-font1-TimesNewRoman\"> <\/span><span id=\"E484\" class=\"qowt-font1-TimesNewRoman\">Visose Panther sistemose yra keturi milijardai galim\u0173 kod\u0173 kombinacij\u0173. Prijunkite kelias sistemas be radijo trukd\u017ei\u0173. Apskritai \u201ePanther\u201c yra lanks\u010diausia m\u016bs\u0173 sistema.<\/span><span id=\"E485\" class=\"qowt-font1-TimesNewRoman\"> <\/span><span id=\"E486\" class=\"qowt-font1-TimesNewRoman\">Si\u0173stuvo mygtukus galima nukreipti, kad suaktyvint\u0173 bet koki\u0105 rel\u0119 ar reli\u0173 serij\u0105. Vieno mygtuko paspaudimas gali sukelti beveik neribot\u0105 \u012fvyki\u0173 grandin\u0119, pavyzd\u017eiui, suaktyvinti kelias reles su tam tikru laiko tarpu tarp j\u0173.<\/span><\/p>\n<p id=\"E487\" class=\"x-scope qowt-word-para-1\"><span id=\"E488\" class=\"qowt-font1-TimesNewRoman\">Rel\u0117s gali b\u016bti skirtos momentin\u0117ms arba u\u017esifiksuojan\u010dioms ir gali b\u016bti sukonfig\u016bruotos taip, kad u\u017esifiksuot\u0173 bet kokiu kliento pageidaujamu b\u016bdu.<\/span><span id=\"E489\" class=\"qowt-font1-TimesNewRoman\"> <\/span><span id=\"E490\" class=\"qowt-font1-TimesNewRoman\">Si\u0173stuvo \u0161viesos diodai yra programuojami, pavyzd\u017eiui, nor\u0117dami parodyti, ar funkcija suaktyvinta, ar ne.<\/span><\/p>\n<p id=\"E491\" class=\"x-scope qowt-word-para-1\"><span id=\"E492\" class=\"qowt-font1-TimesNewRoman\">Panther mygtuk\u0173 si\u0173stuvai yra \u012fvairi\u0173 form\u0173 ir variant\u0173. Ma\u017eiausias telpa j\u016bs\u0173 ki\u0161en\u0117je, ta\u010diau yra ir didesni\u0173, tvirt\u0173 versij\u0173, skirt\u0173 sunkiam naudojimui. J\u0173 stabilus veikimas ir dizainas leis <\/span><span id=\"E493\" class=\"qowt-font1-TimesNewRoman\">jums dirbti kiekvien\u0105 dien\u0105. Mygtuk\u0173 si\u0173stuv\u0173 minimali apsaugos klas\u0117 yra IP65, o dauguma \u2013 IP67.<\/span><\/p>\n","protected":false},"featured_media":988965,"template":"","meta":{"_acf_changed":false,"_crdt_document":"","inline_featured_image":false},"product_brand":[],"product_cat":[805833],"product_tag":[],"class_list":{"0":"post-989516","1":"product","2":"type-product","3":"status-publish","4":"has-post-thumbnail","6":"product_cat-equipment-lt","8":"first","9":"instock","10":"shipping-taxable","11":"product-type-simple"},"acf":[],"yoast_head":"<!-- This site is optimized with the Yoast SEO plugin v27.6 - https:\/\/yoast.com\/product\/yoast-seo-wordpress\/ -->\n<title>Nuotolinio valdymo pultas - SIA &quot;Zemit\u0101ns&quot;<\/title>\n<meta name=\"description\" content=\"SIA &quot;Zemit\u0101ns&quot; \u044f\u0432\u043b\u044f\u0435\u0442\u0441\u044f \u043e\u0444\u0438\u0446\u0438\u0430\u043b\u044c\u043d\u044b\u043c \u043f\u0430\u0440\u0442\u043d\u0451\u0440\u043e\u043c SWF Krantechnik \u043d\u0435\u043c\u0435\u0446\u043a\u043e\u0439 \u043a\u043e\u043c\u043f\u0430\u043d\u0438\u0438 \u043f\u043e \u043f\u0440\u043e\u0438\u0437\u0432\u043e\u0434\u0441\u0442\u0432\u0443 \u043c\u043e\u0441\u0442\u043e\u0432\u044b\u0445, \u043a\u043e\u043d\u0441\u043e\u043b\u044c\u043d\u044b\u0445 \u043a\u0440\u0430\u043d\u043e\u0432 \u0438 \u0442\u0435\u043b\u044c\u0444\u0435\u0440\u043e\u0432 \u0440\u0430\u0437\u043b\u0438\u0447\u043d\u043e\u0433\u043e \u043d\u0430\u0437\u043d\u0430\u0447\u0435\u043d\u0438\u044f.\" \/>\n<meta name=\"robots\" content=\"index, follow, max-snippet:-1, max-image-preview:large, max-video-preview:-1\" \/>\n<link rel=\"canonical\" href=\"https:\/\/cranes.lv\/product\/\u0434\u0438\u0441\u0442\u0430\u043d\u0446\u0438\u043e\u043d\u043d\u043e\u0435-\u0443\u043f\u0440\u0430\u0432\u043b\u0435\u043d\u0438\u0435-\u043a\u043e\u043f\u0438\u0440\u043e\u0432\u0430\u0442\/\" \/>\n<meta property=\"og:locale\" content=\"lt_LT\" \/>\n<meta property=\"og:type\" content=\"article\" \/>\n<meta property=\"og:title\" content=\"Nuotolinio valdymo pultas - SIA &quot;Zemit\u0101ns&quot;\" \/>\n<meta property=\"og:description\" content=\"SIA &quot;Zemit\u0101ns&quot; \u044f\u0432\u043b\u044f\u0435\u0442\u0441\u044f \u043e\u0444\u0438\u0446\u0438\u0430\u043b\u044c\u043d\u044b\u043c \u043f\u0430\u0440\u0442\u043d\u0451\u0440\u043e\u043c SWF Krantechnik \u043d\u0435\u043c\u0435\u0446\u043a\u043e\u0439 \u043a\u043e\u043c\u043f\u0430\u043d\u0438\u0438 \u043f\u043e \u043f\u0440\u043e\u0438\u0437\u0432\u043e\u0434\u0441\u0442\u0432\u0443 \u043c\u043e\u0441\u0442\u043e\u0432\u044b\u0445, \u043a\u043e\u043d\u0441\u043e\u043b\u044c\u043d\u044b\u0445 \u043a\u0440\u0430\u043d\u043e\u0432 \u0438 \u0442\u0435\u043b\u044c\u0444\u0435\u0440\u043e\u0432 \u0440\u0430\u0437\u043b\u0438\u0447\u043d\u043e\u0433\u043e \u043d\u0430\u0437\u043d\u0430\u0447\u0435\u043d\u0438\u044f.\" \/>\n<meta property=\"og:url\" content=\"https:\/\/cranes.lv\/product\/\u0434\u0438\u0441\u0442\u0430\u043d\u0446\u0438\u043e\u043d\u043d\u043e\u0435-\u0443\u043f\u0440\u0430\u0432\u043b\u0435\u043d\u0438\u0435-\u043a\u043e\u043f\u0438\u0440\u043e\u0432\u0430\u0442\/\" \/>\n<meta property=\"og:site_name\" content=\"SIA &quot;Zemit\u0101ns&quot;\" \/>\n<meta property=\"article:publisher\" content=\"https:\/\/www.facebook.com\/profile.php?id=61551090123372\" \/>\n<meta property=\"article:modified_time\" content=\"2024-03-28T15:59:32+00:00\" \/>\n<meta property=\"og:image\" content=\"https:\/\/i0.wp.com\/cranes.lv\/wp-content\/uploads\/2016\/12\/tiger-g2-transmitter-1.jpg?fit=1600%2C1600&ssl=1\" \/>\n\t<meta property=\"og:image:width\" content=\"1600\" \/>\n\t<meta property=\"og:image:height\" content=\"1600\" \/>\n\t<meta property=\"og:image:type\" content=\"image\/jpeg\" \/>\n<meta name=\"twitter:card\" content=\"summary_large_image\" \/>\n<meta name=\"twitter:label1\" content=\"Est. reading time\" \/>\n\t<meta name=\"twitter:data1\" content=\"1 minut\u0117\" \/>\n<script type=\"application\/ld+json\" class=\"yoast-schema-graph\">{\"@context\":\"https:\\\/\\\/schema.org\",\"@graph\":[{\"@type\":\"WebPage\",\"@id\":\"https:\\\/\\\/cranes.lv\\\/product\\\/%d0%b4%d0%b8%d1%81%d1%82%d0%b0%d0%bd%d1%86%d0%b8%d0%be%d0%bd%d0%bd%d0%be%d0%b5-%d1%83%d0%bf%d1%80%d0%b0%d0%b2%d0%bb%d0%b5%d0%bd%d0%b8%d0%b5-%d0%ba%d0%be%d0%bf%d0%b8%d1%80%d0%be%d0%b2%d0%b0%d1%82\\\/\",\"url\":\"https:\\\/\\\/cranes.lv\\\/product\\\/%d0%b4%d0%b8%d1%81%d1%82%d0%b0%d0%bd%d1%86%d0%b8%d0%be%d0%bd%d0%bd%d0%be%d0%b5-%d1%83%d0%bf%d1%80%d0%b0%d0%b2%d0%bb%d0%b5%d0%bd%d0%b8%d0%b5-%d0%ba%d0%be%d0%bf%d0%b8%d1%80%d0%be%d0%b2%d0%b0%d1%82\\\/\",\"name\":\"Nuotolinio valdymo pultas - SIA &quot;Zemit\u0101ns&quot;\",\"isPartOf\":{\"@id\":\"https:\\\/\\\/cranes.lv\\\/#website\"},\"primaryImageOfPage\":{\"@id\":\"https:\\\/\\\/cranes.lv\\\/product\\\/%d0%b4%d0%b8%d1%81%d1%82%d0%b0%d0%bd%d1%86%d0%b8%d0%be%d0%bd%d0%bd%d0%be%d0%b5-%d1%83%d0%bf%d1%80%d0%b0%d0%b2%d0%bb%d0%b5%d0%bd%d0%b8%d0%b5-%d0%ba%d0%be%d0%bf%d0%b8%d1%80%d0%be%d0%b2%d0%b0%d1%82\\\/#primaryimage\"},\"image\":{\"@id\":\"https:\\\/\\\/cranes.lv\\\/product\\\/%d0%b4%d0%b8%d1%81%d1%82%d0%b0%d0%bd%d1%86%d0%b8%d0%be%d0%bd%d0%bd%d0%be%d0%b5-%d1%83%d0%bf%d1%80%d0%b0%d0%b2%d0%bb%d0%b5%d0%bd%d0%b8%d0%b5-%d0%ba%d0%be%d0%bf%d0%b8%d1%80%d0%be%d0%b2%d0%b0%d1%82\\\/#primaryimage\"},\"thumbnailUrl\":\"https:\\\/\\\/i0.wp.com\\\/cranes.lv\\\/wp-content\\\/uploads\\\/2016\\\/12\\\/tiger-g2-transmitter-1.jpg?fit=1600%2C1600&ssl=1\",\"datePublished\":\"2024-03-21T12:31:25+00:00\",\"dateModified\":\"2024-03-28T15:59:32+00:00\",\"description\":\"SIA \\\"Zemit\u0101ns\\\" \u044f\u0432\u043b\u044f\u0435\u0442\u0441\u044f \u043e\u0444\u0438\u0446\u0438\u0430\u043b\u044c\u043d\u044b\u043c \u043f\u0430\u0440\u0442\u043d\u0451\u0440\u043e\u043c SWF Krantechnik \u043d\u0435\u043c\u0435\u0446\u043a\u043e\u0439 \u043a\u043e\u043c\u043f\u0430\u043d\u0438\u0438 \u043f\u043e \u043f\u0440\u043e\u0438\u0437\u0432\u043e\u0434\u0441\u0442\u0432\u0443 \u043c\u043e\u0441\u0442\u043e\u0432\u044b\u0445, \u043a\u043e\u043d\u0441\u043e\u043b\u044c\u043d\u044b\u0445 \u043a\u0440\u0430\u043d\u043e\u0432 \u0438 \u0442\u0435\u043b\u044c\u0444\u0435\u0440\u043e\u0432 \u0440\u0430\u0437\u043b\u0438\u0447\u043d\u043e\u0433\u043e \u043d\u0430\u0437\u043d\u0430\u0447\u0435\u043d\u0438\u044f.\",\"breadcrumb\":{\"@id\":\"https:\\\/\\\/cranes.lv\\\/product\\\/%d0%b4%d0%b8%d1%81%d1%82%d0%b0%d0%bd%d1%86%d0%b8%d0%be%d0%bd%d0%bd%d0%be%d0%b5-%d1%83%d0%bf%d1%80%d0%b0%d0%b2%d0%bb%d0%b5%d0%bd%d0%b8%d0%b5-%d0%ba%d0%be%d0%bf%d0%b8%d1%80%d0%be%d0%b2%d0%b0%d1%82\\\/#breadcrumb\"},\"inLanguage\":\"lt-LT\",\"potentialAction\":[{\"@type\":\"ReadAction\",\"target\":[\"https:\\\/\\\/cranes.lv\\\/product\\\/%d0%b4%d0%b8%d1%81%d1%82%d0%b0%d0%bd%d1%86%d0%b8%d0%be%d0%bd%d0%bd%d0%be%d0%b5-%d1%83%d0%bf%d1%80%d0%b0%d0%b2%d0%bb%d0%b5%d0%bd%d0%b8%d0%b5-%d0%ba%d0%be%d0%bf%d0%b8%d1%80%d0%be%d0%b2%d0%b0%d1%82\\\/\"]}]},{\"@type\":\"ImageObject\",\"inLanguage\":\"lt-LT\",\"@id\":\"https:\\\/\\\/cranes.lv\\\/product\\\/%d0%b4%d0%b8%d1%81%d1%82%d0%b0%d0%bd%d1%86%d0%b8%d0%be%d0%bd%d0%bd%d0%be%d0%b5-%d1%83%d0%bf%d1%80%d0%b0%d0%b2%d0%bb%d0%b5%d0%bd%d0%b8%d0%b5-%d0%ba%d0%be%d0%bf%d0%b8%d1%80%d0%be%d0%b2%d0%b0%d1%82\\\/#primaryimage\",\"url\":\"https:\\\/\\\/i0.wp.com\\\/cranes.lv\\\/wp-content\\\/uploads\\\/2016\\\/12\\\/tiger-g2-transmitter-1.jpg?fit=1600%2C1600&ssl=1\",\"contentUrl\":\"https:\\\/\\\/i0.wp.com\\\/cranes.lv\\\/wp-content\\\/uploads\\\/2016\\\/12\\\/tiger-g2-transmitter-1.jpg?fit=1600%2C1600&ssl=1\",\"width\":1600,\"height\":1600},{\"@type\":\"BreadcrumbList\",\"@id\":\"https:\\\/\\\/cranes.lv\\\/product\\\/%d0%b4%d0%b8%d1%81%d1%82%d0%b0%d0%bd%d1%86%d0%b8%d0%be%d0%bd%d0%bd%d0%be%d0%b5-%d1%83%d0%bf%d1%80%d0%b0%d0%b2%d0%bb%d0%b5%d0%bd%d0%b8%d0%b5-%d0%ba%d0%be%d0%bf%d0%b8%d1%80%d0%be%d0%b2%d0%b0%d1%82\\\/#breadcrumb\",\"itemListElement\":[{\"@type\":\"ListItem\",\"position\":1,\"name\":\"\u0413\u043b\u0430\u0432\u043d\u0430\u044f \u0441\u0442\u0440\u0430\u043d\u0438\u0446\u0430\",\"item\":\"https:\\\/\\\/cranes.lv\\\/lt\\\/\"},{\"@type\":\"ListItem\",\"position\":2,\"name\":\"\u041f\u0440\u043e\u0434\u0443\u043a\u0442\u044b 2\",\"item\":\"https:\\\/\\\/cranes.lv\\\/?page_id=13251\"},{\"@type\":\"ListItem\",\"position\":3,\"name\":\"Nuotolinio valdymo pultas\"}]},{\"@type\":\"WebSite\",\"@id\":\"https:\\\/\\\/cranes.lv\\\/#website\",\"url\":\"https:\\\/\\\/cranes.lv\\\/\",\"name\":\"Zemitans\",\"description\":\"\",\"publisher\":{\"@id\":\"https:\\\/\\\/cranes.lv\\\/#organization\"},\"potentialAction\":[{\"@type\":\"SearchAction\",\"target\":{\"@type\":\"EntryPoint\",\"urlTemplate\":\"https:\\\/\\\/cranes.lv\\\/?s={search_term_string}\"},\"query-input\":{\"@type\":\"PropertyValueSpecification\",\"valueRequired\":true,\"valueName\":\"search_term_string\"}}],\"inLanguage\":\"lt-LT\"},{\"@type\":\"Organization\",\"@id\":\"https:\\\/\\\/cranes.lv\\\/#organization\",\"name\":\"Zemitans\",\"url\":\"https:\\\/\\\/cranes.lv\\\/\",\"logo\":{\"@type\":\"ImageObject\",\"inLanguage\":\"lt-LT\",\"@id\":\"https:\\\/\\\/cranes.lv\\\/#\\\/schema\\\/logo\\\/image\\\/\",\"url\":\"https:\\\/\\\/cranes.lv\\\/wp-content\\\/uploads\\\/2024\\\/03\\\/Zemitans-1.svg\",\"contentUrl\":\"https:\\\/\\\/cranes.lv\\\/wp-content\\\/uploads\\\/2024\\\/03\\\/Zemitans-1.svg\",\"width\":300,\"height\":70,\"caption\":\"Zemitans\"},\"image\":{\"@id\":\"https:\\\/\\\/cranes.lv\\\/#\\\/schema\\\/logo\\\/image\\\/\"},\"sameAs\":[\"https:\\\/\\\/www.facebook.com\\\/profile.php?id=61551090123372\"]}]}<\/script>\n<!-- \/ Yoast SEO plugin. -->","yoast_head_json":{"title":"Nuotolinio valdymo pultas - SIA &quot;Zemit\u0101ns&quot;","description":"SIA \"Zemit\u0101ns\" \u044f\u0432\u043b\u044f\u0435\u0442\u0441\u044f \u043e\u0444\u0438\u0446\u0438\u0430\u043b\u044c\u043d\u044b\u043c \u043f\u0430\u0440\u0442\u043d\u0451\u0440\u043e\u043c SWF Krantechnik \u043d\u0435\u043c\u0435\u0446\u043a\u043e\u0439 \u043a\u043e\u043c\u043f\u0430\u043d\u0438\u0438 \u043f\u043e \u043f\u0440\u043e\u0438\u0437\u0432\u043e\u0434\u0441\u0442\u0432\u0443 \u043c\u043e\u0441\u0442\u043e\u0432\u044b\u0445, \u043a\u043e\u043d\u0441\u043e\u043b\u044c\u043d\u044b\u0445 \u043a\u0440\u0430\u043d\u043e\u0432 \u0438 \u0442\u0435\u043b\u044c\u0444\u0435\u0440\u043e\u0432 \u0440\u0430\u0437\u043b\u0438\u0447\u043d\u043e\u0433\u043e \u043d\u0430\u0437\u043d\u0430\u0447\u0435\u043d\u0438\u044f.","robots":{"index":"index","follow":"follow","max-snippet":"max-snippet:-1","max-image-preview":"max-image-preview:large","max-video-preview":"max-video-preview:-1"},"canonical":"https:\/\/cranes.lv\/product\/\u0434\u0438\u0441\u0442\u0430\u043d\u0446\u0438\u043e\u043d\u043d\u043e\u0435-\u0443\u043f\u0440\u0430\u0432\u043b\u0435\u043d\u0438\u0435-\u043a\u043e\u043f\u0438\u0440\u043e\u0432\u0430\u0442\/","og_locale":"lt_LT","og_type":"article","og_title":"Nuotolinio valdymo pultas - SIA &quot;Zemit\u0101ns&quot;","og_description":"SIA \"Zemit\u0101ns\" \u044f\u0432\u043b\u044f\u0435\u0442\u0441\u044f \u043e\u0444\u0438\u0446\u0438\u0430\u043b\u044c\u043d\u044b\u043c \u043f\u0430\u0440\u0442\u043d\u0451\u0440\u043e\u043c SWF Krantechnik \u043d\u0435\u043c\u0435\u0446\u043a\u043e\u0439 \u043a\u043e\u043c\u043f\u0430\u043d\u0438\u0438 \u043f\u043e \u043f\u0440\u043e\u0438\u0437\u0432\u043e\u0434\u0441\u0442\u0432\u0443 \u043c\u043e\u0441\u0442\u043e\u0432\u044b\u0445, \u043a\u043e\u043d\u0441\u043e\u043b\u044c\u043d\u044b\u0445 \u043a\u0440\u0430\u043d\u043e\u0432 \u0438 \u0442\u0435\u043b\u044c\u0444\u0435\u0440\u043e\u0432 \u0440\u0430\u0437\u043b\u0438\u0447\u043d\u043e\u0433\u043e \u043d\u0430\u0437\u043d\u0430\u0447\u0435\u043d\u0438\u044f.","og_url":"https:\/\/cranes.lv\/product\/\u0434\u0438\u0441\u0442\u0430\u043d\u0446\u0438\u043e\u043d\u043d\u043e\u0435-\u0443\u043f\u0440\u0430\u0432\u043b\u0435\u043d\u0438\u0435-\u043a\u043e\u043f\u0438\u0440\u043e\u0432\u0430\u0442\/","og_site_name":"SIA &quot;Zemit\u0101ns&quot;","article_publisher":"https:\/\/www.facebook.com\/profile.php?id=61551090123372","article_modified_time":"2024-03-28T15:59:32+00:00","og_image":[{"width":1600,"height":1600,"url":"https:\/\/i0.wp.com\/cranes.lv\/wp-content\/uploads\/2016\/12\/tiger-g2-transmitter-1.jpg?fit=1600%2C1600&ssl=1","type":"image\/jpeg"}],"twitter_card":"summary_large_image","twitter_misc":{"Est. reading time":"1 minut\u0117"},"schema":{"@context":"https:\/\/schema.org","@graph":[{"@type":"WebPage","@id":"https:\/\/cranes.lv\/product\/%d0%b4%d0%b8%d1%81%d1%82%d0%b0%d0%bd%d1%86%d0%b8%d0%be%d0%bd%d0%bd%d0%be%d0%b5-%d1%83%d0%bf%d1%80%d0%b0%d0%b2%d0%bb%d0%b5%d0%bd%d0%b8%d0%b5-%d0%ba%d0%be%d0%bf%d0%b8%d1%80%d0%be%d0%b2%d0%b0%d1%82\/","url":"https:\/\/cranes.lv\/product\/%d0%b4%d0%b8%d1%81%d1%82%d0%b0%d0%bd%d1%86%d0%b8%d0%be%d0%bd%d0%bd%d0%be%d0%b5-%d1%83%d0%bf%d1%80%d0%b0%d0%b2%d0%bb%d0%b5%d0%bd%d0%b8%d0%b5-%d0%ba%d0%be%d0%bf%d0%b8%d1%80%d0%be%d0%b2%d0%b0%d1%82\/","name":"Nuotolinio valdymo pultas - SIA &quot;Zemit\u0101ns&quot;","isPartOf":{"@id":"https:\/\/cranes.lv\/#website"},"primaryImageOfPage":{"@id":"https:\/\/cranes.lv\/product\/%d0%b4%d0%b8%d1%81%d1%82%d0%b0%d0%bd%d1%86%d0%b8%d0%be%d0%bd%d0%bd%d0%be%d0%b5-%d1%83%d0%bf%d1%80%d0%b0%d0%b2%d0%bb%d0%b5%d0%bd%d0%b8%d0%b5-%d0%ba%d0%be%d0%bf%d0%b8%d1%80%d0%be%d0%b2%d0%b0%d1%82\/#primaryimage"},"image":{"@id":"https:\/\/cranes.lv\/product\/%d0%b4%d0%b8%d1%81%d1%82%d0%b0%d0%bd%d1%86%d0%b8%d0%be%d0%bd%d0%bd%d0%be%d0%b5-%d1%83%d0%bf%d1%80%d0%b0%d0%b2%d0%bb%d0%b5%d0%bd%d0%b8%d0%b5-%d0%ba%d0%be%d0%bf%d0%b8%d1%80%d0%be%d0%b2%d0%b0%d1%82\/#primaryimage"},"thumbnailUrl":"https:\/\/i0.wp.com\/cranes.lv\/wp-content\/uploads\/2016\/12\/tiger-g2-transmitter-1.jpg?fit=1600%2C1600&ssl=1","datePublished":"2024-03-21T12:31:25+00:00","dateModified":"2024-03-28T15:59:32+00:00","description":"SIA \"Zemit\u0101ns\" \u044f\u0432\u043b\u044f\u0435\u0442\u0441\u044f \u043e\u0444\u0438\u0446\u0438\u0430\u043b\u044c\u043d\u044b\u043c \u043f\u0430\u0440\u0442\u043d\u0451\u0440\u043e\u043c SWF Krantechnik \u043d\u0435\u043c\u0435\u0446\u043a\u043e\u0439 \u043a\u043e\u043c\u043f\u0430\u043d\u0438\u0438 \u043f\u043e \u043f\u0440\u043e\u0438\u0437\u0432\u043e\u0434\u0441\u0442\u0432\u0443 \u043c\u043e\u0441\u0442\u043e\u0432\u044b\u0445, \u043a\u043e\u043d\u0441\u043e\u043b\u044c\u043d\u044b\u0445 \u043a\u0440\u0430\u043d\u043e\u0432 \u0438 \u0442\u0435\u043b\u044c\u0444\u0435\u0440\u043e\u0432 \u0440\u0430\u0437\u043b\u0438\u0447\u043d\u043e\u0433\u043e \u043d\u0430\u0437\u043d\u0430\u0447\u0435\u043d\u0438\u044f.","breadcrumb":{"@id":"https:\/\/cranes.lv\/product\/%d0%b4%d0%b8%d1%81%d1%82%d0%b0%d0%bd%d1%86%d0%b8%d0%be%d0%bd%d0%bd%d0%be%d0%b5-%d1%83%d0%bf%d1%80%d0%b0%d0%b2%d0%bb%d0%b5%d0%bd%d0%b8%d0%b5-%d0%ba%d0%be%d0%bf%d0%b8%d1%80%d0%be%d0%b2%d0%b0%d1%82\/#breadcrumb"},"inLanguage":"lt-LT","potentialAction":[{"@type":"ReadAction","target":["https:\/\/cranes.lv\/product\/%d0%b4%d0%b8%d1%81%d1%82%d0%b0%d0%bd%d1%86%d0%b8%d0%be%d0%bd%d0%bd%d0%be%d0%b5-%d1%83%d0%bf%d1%80%d0%b0%d0%b2%d0%bb%d0%b5%d0%bd%d0%b8%d0%b5-%d0%ba%d0%be%d0%bf%d0%b8%d1%80%d0%be%d0%b2%d0%b0%d1%82\/"]}]},{"@type":"ImageObject","inLanguage":"lt-LT","@id":"https:\/\/cranes.lv\/product\/%d0%b4%d0%b8%d1%81%d1%82%d0%b0%d0%bd%d1%86%d0%b8%d0%be%d0%bd%d0%bd%d0%be%d0%b5-%d1%83%d0%bf%d1%80%d0%b0%d0%b2%d0%bb%d0%b5%d0%bd%d0%b8%d0%b5-%d0%ba%d0%be%d0%bf%d0%b8%d1%80%d0%be%d0%b2%d0%b0%d1%82\/#primaryimage","url":"https:\/\/i0.wp.com\/cranes.lv\/wp-content\/uploads\/2016\/12\/tiger-g2-transmitter-1.jpg?fit=1600%2C1600&ssl=1","contentUrl":"https:\/\/i0.wp.com\/cranes.lv\/wp-content\/uploads\/2016\/12\/tiger-g2-transmitter-1.jpg?fit=1600%2C1600&ssl=1","width":1600,"height":1600},{"@type":"BreadcrumbList","@id":"https:\/\/cranes.lv\/product\/%d0%b4%d0%b8%d1%81%d1%82%d0%b0%d0%bd%d1%86%d0%b8%d0%be%d0%bd%d0%bd%d0%be%d0%b5-%d1%83%d0%bf%d1%80%d0%b0%d0%b2%d0%bb%d0%b5%d0%bd%d0%b8%d0%b5-%d0%ba%d0%be%d0%bf%d0%b8%d1%80%d0%be%d0%b2%d0%b0%d1%82\/#breadcrumb","itemListElement":[{"@type":"ListItem","position":1,"name":"\u0413\u043b\u0430\u0432\u043d\u0430\u044f \u0441\u0442\u0440\u0430\u043d\u0438\u0446\u0430","item":"https:\/\/cranes.lv\/lt\/"},{"@type":"ListItem","position":2,"name":"\u041f\u0440\u043e\u0434\u0443\u043a\u0442\u044b 2","item":"https:\/\/cranes.lv\/?page_id=13251"},{"@type":"ListItem","position":3,"name":"Nuotolinio valdymo pultas"}]},{"@type":"WebSite","@id":"https:\/\/cranes.lv\/#website","url":"https:\/\/cranes.lv\/","name":"Zemitans","description":"","publisher":{"@id":"https:\/\/cranes.lv\/#organization"},"potentialAction":[{"@type":"SearchAction","target":{"@type":"EntryPoint","urlTemplate":"https:\/\/cranes.lv\/?s={search_term_string}"},"query-input":{"@type":"PropertyValueSpecification","valueRequired":true,"valueName":"search_term_string"}}],"inLanguage":"lt-LT"},{"@type":"Organization","@id":"https:\/\/cranes.lv\/#organization","name":"Zemitans","url":"https:\/\/cranes.lv\/","logo":{"@type":"ImageObject","inLanguage":"lt-LT","@id":"https:\/\/cranes.lv\/#\/schema\/logo\/image\/","url":"https:\/\/cranes.lv\/wp-content\/uploads\/2024\/03\/Zemitans-1.svg","contentUrl":"https:\/\/cranes.lv\/wp-content\/uploads\/2024\/03\/Zemitans-1.svg","width":300,"height":70,"caption":"Zemitans"},"image":{"@id":"https:\/\/cranes.lv\/#\/schema\/logo\/image\/"},"sameAs":["https:\/\/www.facebook.com\/profile.php?id=61551090123372"]}]}},"jetpack_sharing_enabled":true,"_links":{"self":[{"href":"https:\/\/cranes.lv\/lt\/wp-json\/wp\/v2\/product\/989516","targetHints":{"allow":["GET"]}}],"collection":[{"href":"https:\/\/cranes.lv\/lt\/wp-json\/wp\/v2\/product"}],"about":[{"href":"https:\/\/cranes.lv\/lt\/wp-json\/wp\/v2\/types\/product"}],"wp:featuredmedia":[{"embeddable":true,"href":"https:\/\/cranes.lv\/lt\/wp-json\/wp\/v2\/media\/988965"}],"wp:attachment":[{"href":"https:\/\/cranes.lv\/lt\/wp-json\/wp\/v2\/media?parent=989516"}],"wp:term":[{"taxonomy":"product_brand","embeddable":true,"href":"https:\/\/cranes.lv\/lt\/wp-json\/wp\/v2\/product_brand?post=989516"},{"taxonomy":"product_cat","embeddable":true,"href":"https:\/\/cranes.lv\/lt\/wp-json\/wp\/v2\/product_cat?post=989516"},{"taxonomy":"product_tag","embeddable":true,"href":"https:\/\/cranes.lv\/lt\/wp-json\/wp\/v2\/product_tag?post=989516"}],"curies":[{"name":"wp","href":"https:\/\/api.w.org\/{rel}","templated":true}]}}