{"id":989504,"date":"2024-03-21T14:32:08","date_gmt":"2024-03-21T12:32:08","guid":{"rendered":"https:\/\/cranes.lv\/?post_type=product&#038;p=989504"},"modified":"2024-03-28T17:52:59","modified_gmt":"2024-03-28T15:52:59","slug":"%d0%b4%d0%b2%d0%b8%d0%b3%d0%b0%d1%82%d0%b5%d0%bb%d0%b8-%d1%81-%d1%87%d0%b0%d1%81%d1%82%d0%be%d1%82%d0%bd%d1%8b%d0%bc-%d0%bf%d1%80%d0%b5%d0%be%d0%b1%d1%80%d0%b0%d0%b7%d0%be%d0%b2%d0%b0%d1%82%d0%b5","status":"publish","type":"product","link":"https:\/\/cranes.lv\/lt\/product\/%d0%b4%d0%b2%d0%b8%d0%b3%d0%b0%d1%82%d0%b5%d0%bb%d0%b8-%d1%81-%d1%87%d0%b0%d1%81%d1%82%d0%be%d1%82%d0%bd%d1%8b%d0%bc-%d0%bf%d1%80%d0%b5%d0%be%d0%b1%d1%80%d0%b0%d0%b7%d0%be%d0%b2%d0%b0%d1%82%d0%b5\/","title":{"rendered":"Varikliai su da\u017enio keitikliu"},"content":{"rendered":"","protected":false},"excerpt":{"rendered":"<h4>Varikliai su da\u017enio keitikliu<\/h4>\n<p>Varikliai su da\u017enio keitikliu. Visa m\u016bs\u0173 mobilumo \u012franga standarti\u0161kai komplektuojama su galingais da\u017enio keitiklio varikliais, u\u017etikrinan\u010diais itin jautr\u0173 ir skland\u0173 jud\u0117jim\u0105.<\/p>\n","protected":false},"featured_media":988541,"template":"","meta":{"_acf_changed":false,"_crdt_document":"","inline_featured_image":false},"product_brand":[],"product_cat":[805833],"product_tag":[],"class_list":{"0":"post-989504","1":"product","2":"type-product","3":"status-publish","4":"has-post-thumbnail","6":"product_cat-equipment-lt","8":"first","9":"instock","10":"shipping-taxable","11":"product-type-simple"},"acf":[],"yoast_head":"<!-- This site is optimized with the Yoast SEO plugin v27.1.1 - https:\/\/yoast.com\/product\/yoast-seo-wordpress\/ -->\n<title>Varikliai su da\u017enio keitikliu - SIA &quot;Zemit\u0101ns&quot;<\/title>\n<meta name=\"description\" content=\"SIA &quot;Zemit\u0101ns&quot; \u044f\u0432\u043b\u044f\u0435\u0442\u0441\u044f \u043e\u0444\u0438\u0446\u0438\u0430\u043b\u044c\u043d\u044b\u043c \u043f\u0430\u0440\u0442\u043d\u0451\u0440\u043e\u043c SWF Krantechnik \u043d\u0435\u043c\u0435\u0446\u043a\u043e\u0439 \u043a\u043e\u043c\u043f\u0430\u043d\u0438\u0438 \u043f\u043e \u043f\u0440\u043e\u0438\u0437\u0432\u043e\u0434\u0441\u0442\u0432\u0443 \u043c\u043e\u0441\u0442\u043e\u0432\u044b\u0445, \u043a\u043e\u043d\u0441\u043e\u043b\u044c\u043d\u044b\u0445 \u043a\u0440\u0430\u043d\u043e\u0432 \u0438 \u0442\u0435\u043b\u044c\u0444\u0435\u0440\u043e\u0432 \u0440\u0430\u0437\u043b\u0438\u0447\u043d\u043e\u0433\u043e \u043d\u0430\u0437\u043d\u0430\u0447\u0435\u043d\u0438\u044f.\" \/>\n<meta name=\"robots\" content=\"index, follow, max-snippet:-1, max-image-preview:large, max-video-preview:-1\" \/>\n<link rel=\"canonical\" href=\"https:\/\/cranes.lv\/product\/\u0434\u0432\u0438\u0433\u0430\u0442\u0435\u043b\u0438-\u0441-\u0447\u0430\u0441\u0442\u043e\u0442\u043d\u044b\u043c-\u043f\u0440\u0435\u043e\u0431\u0440\u0430\u0437\u043e\u0432\u0430\u0442\u0435\/\" \/>\n<meta property=\"og:locale\" content=\"lt_LT\" \/>\n<meta property=\"og:type\" content=\"article\" \/>\n<meta property=\"og:title\" content=\"Varikliai su da\u017enio keitikliu - SIA &quot;Zemit\u0101ns&quot;\" \/>\n<meta property=\"og:description\" content=\"SIA &quot;Zemit\u0101ns&quot; \u044f\u0432\u043b\u044f\u0435\u0442\u0441\u044f \u043e\u0444\u0438\u0446\u0438\u0430\u043b\u044c\u043d\u044b\u043c \u043f\u0430\u0440\u0442\u043d\u0451\u0440\u043e\u043c SWF Krantechnik \u043d\u0435\u043c\u0435\u0446\u043a\u043e\u0439 \u043a\u043e\u043c\u043f\u0430\u043d\u0438\u0438 \u043f\u043e \u043f\u0440\u043e\u0438\u0437\u0432\u043e\u0434\u0441\u0442\u0432\u0443 \u043c\u043e\u0441\u0442\u043e\u0432\u044b\u0445, \u043a\u043e\u043d\u0441\u043e\u043b\u044c\u043d\u044b\u0445 \u043a\u0440\u0430\u043d\u043e\u0432 \u0438 \u0442\u0435\u043b\u044c\u0444\u0435\u0440\u043e\u0432 \u0440\u0430\u0437\u043b\u0438\u0447\u043d\u043e\u0433\u043e \u043d\u0430\u0437\u043d\u0430\u0447\u0435\u043d\u0438\u044f.\" \/>\n<meta property=\"og:url\" content=\"https:\/\/cranes.lv\/product\/\u0434\u0432\u0438\u0433\u0430\u0442\u0435\u043b\u0438-\u0441-\u0447\u0430\u0441\u0442\u043e\u0442\u043d\u044b\u043c-\u043f\u0440\u0435\u043e\u0431\u0440\u0430\u0437\u043e\u0432\u0430\u0442\u0435\/\" \/>\n<meta property=\"og:site_name\" content=\"SIA &quot;Zemit\u0101ns&quot;\" \/>\n<meta property=\"article:publisher\" content=\"https:\/\/www.facebook.com\/profile.php?id=61551090123372\" \/>\n<meta property=\"article:modified_time\" content=\"2024-03-28T15:52:59+00:00\" \/>\n<meta property=\"og:image\" content=\"https:\/\/i0.wp.com\/cranes.lv\/wp-content\/uploads\/2017\/03\/travellingmachineries-qm7.png?fit=400%2C300&ssl=1\" \/>\n\t<meta property=\"og:image:width\" content=\"400\" \/>\n\t<meta property=\"og:image:height\" content=\"300\" \/>\n\t<meta property=\"og:image:type\" content=\"image\/png\" \/>\n<meta name=\"twitter:card\" content=\"summary_large_image\" \/>\n<meta name=\"twitter:label1\" content=\"Est. reading time\" \/>\n\t<meta name=\"twitter:data1\" content=\"1 minut\u0117\" \/>\n<script type=\"application\/ld+json\" class=\"yoast-schema-graph\">{\"@context\":\"https:\/\/schema.org\",\"@graph\":[{\"@type\":\"WebPage\",\"@id\":\"https:\/\/cranes.lv\/product\/%d0%b4%d0%b2%d0%b8%d0%b3%d0%b0%d1%82%d0%b5%d0%bb%d0%b8-%d1%81-%d1%87%d0%b0%d1%81%d1%82%d0%be%d1%82%d0%bd%d1%8b%d0%bc-%d0%bf%d1%80%d0%b5%d0%be%d0%b1%d1%80%d0%b0%d0%b7%d0%be%d0%b2%d0%b0%d1%82%d0%b5\/\",\"url\":\"https:\/\/cranes.lv\/product\/%d0%b4%d0%b2%d0%b8%d0%b3%d0%b0%d1%82%d0%b5%d0%bb%d0%b8-%d1%81-%d1%87%d0%b0%d1%81%d1%82%d0%be%d1%82%d0%bd%d1%8b%d0%bc-%d0%bf%d1%80%d0%b5%d0%be%d0%b1%d1%80%d0%b0%d0%b7%d0%be%d0%b2%d0%b0%d1%82%d0%b5\/\",\"name\":\"Varikliai su da\u017enio keitikliu - SIA &quot;Zemit\u0101ns&quot;\",\"isPartOf\":{\"@id\":\"https:\/\/cranes.lv\/#website\"},\"primaryImageOfPage\":{\"@id\":\"https:\/\/cranes.lv\/product\/%d0%b4%d0%b2%d0%b8%d0%b3%d0%b0%d1%82%d0%b5%d0%bb%d0%b8-%d1%81-%d1%87%d0%b0%d1%81%d1%82%d0%be%d1%82%d0%bd%d1%8b%d0%bc-%d0%bf%d1%80%d0%b5%d0%be%d0%b1%d1%80%d0%b0%d0%b7%d0%be%d0%b2%d0%b0%d1%82%d0%b5\/#primaryimage\"},\"image\":{\"@id\":\"https:\/\/cranes.lv\/product\/%d0%b4%d0%b2%d0%b8%d0%b3%d0%b0%d1%82%d0%b5%d0%bb%d0%b8-%d1%81-%d1%87%d0%b0%d1%81%d1%82%d0%be%d1%82%d0%bd%d1%8b%d0%bc-%d0%bf%d1%80%d0%b5%d0%be%d0%b1%d1%80%d0%b0%d0%b7%d0%be%d0%b2%d0%b0%d1%82%d0%b5\/#primaryimage\"},\"thumbnailUrl\":\"https:\/\/i0.wp.com\/cranes.lv\/wp-content\/uploads\/2017\/03\/travellingmachineries-qm7.png?fit=400%2C300&ssl=1\",\"datePublished\":\"2024-03-21T12:32:08+00:00\",\"dateModified\":\"2024-03-28T15:52:59+00:00\",\"description\":\"SIA \\\"Zemit\u0101ns\\\" \u044f\u0432\u043b\u044f\u0435\u0442\u0441\u044f \u043e\u0444\u0438\u0446\u0438\u0430\u043b\u044c\u043d\u044b\u043c \u043f\u0430\u0440\u0442\u043d\u0451\u0440\u043e\u043c SWF Krantechnik \u043d\u0435\u043c\u0435\u0446\u043a\u043e\u0439 \u043a\u043e\u043c\u043f\u0430\u043d\u0438\u0438 \u043f\u043e \u043f\u0440\u043e\u0438\u0437\u0432\u043e\u0434\u0441\u0442\u0432\u0443 \u043c\u043e\u0441\u0442\u043e\u0432\u044b\u0445, \u043a\u043e\u043d\u0441\u043e\u043b\u044c\u043d\u044b\u0445 \u043a\u0440\u0430\u043d\u043e\u0432 \u0438 \u0442\u0435\u043b\u044c\u0444\u0435\u0440\u043e\u0432 \u0440\u0430\u0437\u043b\u0438\u0447\u043d\u043e\u0433\u043e \u043d\u0430\u0437\u043d\u0430\u0447\u0435\u043d\u0438\u044f.\",\"breadcrumb\":{\"@id\":\"https:\/\/cranes.lv\/product\/%d0%b4%d0%b2%d0%b8%d0%b3%d0%b0%d1%82%d0%b5%d0%bb%d0%b8-%d1%81-%d1%87%d0%b0%d1%81%d1%82%d0%be%d1%82%d0%bd%d1%8b%d0%bc-%d0%bf%d1%80%d0%b5%d0%be%d0%b1%d1%80%d0%b0%d0%b7%d0%be%d0%b2%d0%b0%d1%82%d0%b5\/#breadcrumb\"},\"inLanguage\":\"lt-LT\",\"potentialAction\":[{\"@type\":\"ReadAction\",\"target\":[\"https:\/\/cranes.lv\/product\/%d0%b4%d0%b2%d0%b8%d0%b3%d0%b0%d1%82%d0%b5%d0%bb%d0%b8-%d1%81-%d1%87%d0%b0%d1%81%d1%82%d0%be%d1%82%d0%bd%d1%8b%d0%bc-%d0%bf%d1%80%d0%b5%d0%be%d0%b1%d1%80%d0%b0%d0%b7%d0%be%d0%b2%d0%b0%d1%82%d0%b5\/\"]}]},{\"@type\":\"ImageObject\",\"inLanguage\":\"lt-LT\",\"@id\":\"https:\/\/cranes.lv\/product\/%d0%b4%d0%b2%d0%b8%d0%b3%d0%b0%d1%82%d0%b5%d0%bb%d0%b8-%d1%81-%d1%87%d0%b0%d1%81%d1%82%d0%be%d1%82%d0%bd%d1%8b%d0%bc-%d0%bf%d1%80%d0%b5%d0%be%d0%b1%d1%80%d0%b0%d0%b7%d0%be%d0%b2%d0%b0%d1%82%d0%b5\/#primaryimage\",\"url\":\"https:\/\/i0.wp.com\/cranes.lv\/wp-content\/uploads\/2017\/03\/travellingmachineries-qm7.png?fit=400%2C300&ssl=1\",\"contentUrl\":\"https:\/\/i0.wp.com\/cranes.lv\/wp-content\/uploads\/2017\/03\/travellingmachineries-qm7.png?fit=400%2C300&ssl=1\",\"width\":400,\"height\":300},{\"@type\":\"BreadcrumbList\",\"@id\":\"https:\/\/cranes.lv\/product\/%d0%b4%d0%b2%d0%b8%d0%b3%d0%b0%d1%82%d0%b5%d0%bb%d0%b8-%d1%81-%d1%87%d0%b0%d1%81%d1%82%d0%be%d1%82%d0%bd%d1%8b%d0%bc-%d0%bf%d1%80%d0%b5%d0%be%d0%b1%d1%80%d0%b0%d0%b7%d0%be%d0%b2%d0%b0%d1%82%d0%b5\/#breadcrumb\",\"itemListElement\":[{\"@type\":\"ListItem\",\"position\":1,\"name\":\"\u0413\u043b\u0430\u0432\u043d\u0430\u044f \u0441\u0442\u0440\u0430\u043d\u0438\u0446\u0430\",\"item\":\"https:\/\/cranes.lv\/lt\/\"},{\"@type\":\"ListItem\",\"position\":2,\"name\":\"\u041f\u0440\u043e\u0434\u0443\u043a\u0442\u044b 2\",\"item\":\"https:\/\/cranes.lv\/?page_id=13251\"},{\"@type\":\"ListItem\",\"position\":3,\"name\":\"Varikliai su da\u017enio keitikliu\"}]},{\"@type\":\"WebSite\",\"@id\":\"https:\/\/cranes.lv\/#website\",\"url\":\"https:\/\/cranes.lv\/\",\"name\":\"Zemitans\",\"description\":\"\",\"publisher\":{\"@id\":\"https:\/\/cranes.lv\/#organization\"},\"potentialAction\":[{\"@type\":\"SearchAction\",\"target\":{\"@type\":\"EntryPoint\",\"urlTemplate\":\"https:\/\/cranes.lv\/?s={search_term_string}\"},\"query-input\":{\"@type\":\"PropertyValueSpecification\",\"valueRequired\":true,\"valueName\":\"search_term_string\"}}],\"inLanguage\":\"lt-LT\"},{\"@type\":\"Organization\",\"@id\":\"https:\/\/cranes.lv\/#organization\",\"name\":\"Zemitans\",\"url\":\"https:\/\/cranes.lv\/\",\"logo\":{\"@type\":\"ImageObject\",\"inLanguage\":\"lt-LT\",\"@id\":\"https:\/\/cranes.lv\/#\/schema\/logo\/image\/\",\"url\":\"https:\/\/cranes.lv\/wp-content\/uploads\/2024\/03\/Zemitans-1.svg\",\"contentUrl\":\"https:\/\/cranes.lv\/wp-content\/uploads\/2024\/03\/Zemitans-1.svg\",\"width\":300,\"height\":70,\"caption\":\"Zemitans\"},\"image\":{\"@id\":\"https:\/\/cranes.lv\/#\/schema\/logo\/image\/\"},\"sameAs\":[\"https:\/\/www.facebook.com\/profile.php?id=61551090123372\"]}]}<\/script>\n<!-- \/ Yoast SEO plugin. -->","yoast_head_json":{"title":"Varikliai su da\u017enio keitikliu - SIA &quot;Zemit\u0101ns&quot;","description":"SIA \"Zemit\u0101ns\" \u044f\u0432\u043b\u044f\u0435\u0442\u0441\u044f \u043e\u0444\u0438\u0446\u0438\u0430\u043b\u044c\u043d\u044b\u043c \u043f\u0430\u0440\u0442\u043d\u0451\u0440\u043e\u043c SWF Krantechnik \u043d\u0435\u043c\u0435\u0446\u043a\u043e\u0439 \u043a\u043e\u043c\u043f\u0430\u043d\u0438\u0438 \u043f\u043e \u043f\u0440\u043e\u0438\u0437\u0432\u043e\u0434\u0441\u0442\u0432\u0443 \u043c\u043e\u0441\u0442\u043e\u0432\u044b\u0445, \u043a\u043e\u043d\u0441\u043e\u043b\u044c\u043d\u044b\u0445 \u043a\u0440\u0430\u043d\u043e\u0432 \u0438 \u0442\u0435\u043b\u044c\u0444\u0435\u0440\u043e\u0432 \u0440\u0430\u0437\u043b\u0438\u0447\u043d\u043e\u0433\u043e \u043d\u0430\u0437\u043d\u0430\u0447\u0435\u043d\u0438\u044f.","robots":{"index":"index","follow":"follow","max-snippet":"max-snippet:-1","max-image-preview":"max-image-preview:large","max-video-preview":"max-video-preview:-1"},"canonical":"https:\/\/cranes.lv\/product\/\u0434\u0432\u0438\u0433\u0430\u0442\u0435\u043b\u0438-\u0441-\u0447\u0430\u0441\u0442\u043e\u0442\u043d\u044b\u043c-\u043f\u0440\u0435\u043e\u0431\u0440\u0430\u0437\u043e\u0432\u0430\u0442\u0435\/","og_locale":"lt_LT","og_type":"article","og_title":"Varikliai su da\u017enio keitikliu - SIA &quot;Zemit\u0101ns&quot;","og_description":"SIA \"Zemit\u0101ns\" \u044f\u0432\u043b\u044f\u0435\u0442\u0441\u044f \u043e\u0444\u0438\u0446\u0438\u0430\u043b\u044c\u043d\u044b\u043c \u043f\u0430\u0440\u0442\u043d\u0451\u0440\u043e\u043c SWF Krantechnik \u043d\u0435\u043c\u0435\u0446\u043a\u043e\u0439 \u043a\u043e\u043c\u043f\u0430\u043d\u0438\u0438 \u043f\u043e \u043f\u0440\u043e\u0438\u0437\u0432\u043e\u0434\u0441\u0442\u0432\u0443 \u043c\u043e\u0441\u0442\u043e\u0432\u044b\u0445, \u043a\u043e\u043d\u0441\u043e\u043b\u044c\u043d\u044b\u0445 \u043a\u0440\u0430\u043d\u043e\u0432 \u0438 \u0442\u0435\u043b\u044c\u0444\u0435\u0440\u043e\u0432 \u0440\u0430\u0437\u043b\u0438\u0447\u043d\u043e\u0433\u043e \u043d\u0430\u0437\u043d\u0430\u0447\u0435\u043d\u0438\u044f.","og_url":"https:\/\/cranes.lv\/product\/\u0434\u0432\u0438\u0433\u0430\u0442\u0435\u043b\u0438-\u0441-\u0447\u0430\u0441\u0442\u043e\u0442\u043d\u044b\u043c-\u043f\u0440\u0435\u043e\u0431\u0440\u0430\u0437\u043e\u0432\u0430\u0442\u0435\/","og_site_name":"SIA &quot;Zemit\u0101ns&quot;","article_publisher":"https:\/\/www.facebook.com\/profile.php?id=61551090123372","article_modified_time":"2024-03-28T15:52:59+00:00","og_image":[{"width":400,"height":300,"url":"https:\/\/i0.wp.com\/cranes.lv\/wp-content\/uploads\/2017\/03\/travellingmachineries-qm7.png?fit=400%2C300&ssl=1","type":"image\/png"}],"twitter_card":"summary_large_image","twitter_misc":{"Est. reading time":"1 minut\u0117"},"schema":{"@context":"https:\/\/schema.org","@graph":[{"@type":"WebPage","@id":"https:\/\/cranes.lv\/product\/%d0%b4%d0%b2%d0%b8%d0%b3%d0%b0%d1%82%d0%b5%d0%bb%d0%b8-%d1%81-%d1%87%d0%b0%d1%81%d1%82%d0%be%d1%82%d0%bd%d1%8b%d0%bc-%d0%bf%d1%80%d0%b5%d0%be%d0%b1%d1%80%d0%b0%d0%b7%d0%be%d0%b2%d0%b0%d1%82%d0%b5\/","url":"https:\/\/cranes.lv\/product\/%d0%b4%d0%b2%d0%b8%d0%b3%d0%b0%d1%82%d0%b5%d0%bb%d0%b8-%d1%81-%d1%87%d0%b0%d1%81%d1%82%d0%be%d1%82%d0%bd%d1%8b%d0%bc-%d0%bf%d1%80%d0%b5%d0%be%d0%b1%d1%80%d0%b0%d0%b7%d0%be%d0%b2%d0%b0%d1%82%d0%b5\/","name":"Varikliai su da\u017enio keitikliu - SIA &quot;Zemit\u0101ns&quot;","isPartOf":{"@id":"https:\/\/cranes.lv\/#website"},"primaryImageOfPage":{"@id":"https:\/\/cranes.lv\/product\/%d0%b4%d0%b2%d0%b8%d0%b3%d0%b0%d1%82%d0%b5%d0%bb%d0%b8-%d1%81-%d1%87%d0%b0%d1%81%d1%82%d0%be%d1%82%d0%bd%d1%8b%d0%bc-%d0%bf%d1%80%d0%b5%d0%be%d0%b1%d1%80%d0%b0%d0%b7%d0%be%d0%b2%d0%b0%d1%82%d0%b5\/#primaryimage"},"image":{"@id":"https:\/\/cranes.lv\/product\/%d0%b4%d0%b2%d0%b8%d0%b3%d0%b0%d1%82%d0%b5%d0%bb%d0%b8-%d1%81-%d1%87%d0%b0%d1%81%d1%82%d0%be%d1%82%d0%bd%d1%8b%d0%bc-%d0%bf%d1%80%d0%b5%d0%be%d0%b1%d1%80%d0%b0%d0%b7%d0%be%d0%b2%d0%b0%d1%82%d0%b5\/#primaryimage"},"thumbnailUrl":"https:\/\/i0.wp.com\/cranes.lv\/wp-content\/uploads\/2017\/03\/travellingmachineries-qm7.png?fit=400%2C300&ssl=1","datePublished":"2024-03-21T12:32:08+00:00","dateModified":"2024-03-28T15:52:59+00:00","description":"SIA \"Zemit\u0101ns\" \u044f\u0432\u043b\u044f\u0435\u0442\u0441\u044f \u043e\u0444\u0438\u0446\u0438\u0430\u043b\u044c\u043d\u044b\u043c \u043f\u0430\u0440\u0442\u043d\u0451\u0440\u043e\u043c SWF Krantechnik \u043d\u0435\u043c\u0435\u0446\u043a\u043e\u0439 \u043a\u043e\u043c\u043f\u0430\u043d\u0438\u0438 \u043f\u043e \u043f\u0440\u043e\u0438\u0437\u0432\u043e\u0434\u0441\u0442\u0432\u0443 \u043c\u043e\u0441\u0442\u043e\u0432\u044b\u0445, \u043a\u043e\u043d\u0441\u043e\u043b\u044c\u043d\u044b\u0445 \u043a\u0440\u0430\u043d\u043e\u0432 \u0438 \u0442\u0435\u043b\u044c\u0444\u0435\u0440\u043e\u0432 \u0440\u0430\u0437\u043b\u0438\u0447\u043d\u043e\u0433\u043e \u043d\u0430\u0437\u043d\u0430\u0447\u0435\u043d\u0438\u044f.","breadcrumb":{"@id":"https:\/\/cranes.lv\/product\/%d0%b4%d0%b2%d0%b8%d0%b3%d0%b0%d1%82%d0%b5%d0%bb%d0%b8-%d1%81-%d1%87%d0%b0%d1%81%d1%82%d0%be%d1%82%d0%bd%d1%8b%d0%bc-%d0%bf%d1%80%d0%b5%d0%be%d0%b1%d1%80%d0%b0%d0%b7%d0%be%d0%b2%d0%b0%d1%82%d0%b5\/#breadcrumb"},"inLanguage":"lt-LT","potentialAction":[{"@type":"ReadAction","target":["https:\/\/cranes.lv\/product\/%d0%b4%d0%b2%d0%b8%d0%b3%d0%b0%d1%82%d0%b5%d0%bb%d0%b8-%d1%81-%d1%87%d0%b0%d1%81%d1%82%d0%be%d1%82%d0%bd%d1%8b%d0%bc-%d0%bf%d1%80%d0%b5%d0%be%d0%b1%d1%80%d0%b0%d0%b7%d0%be%d0%b2%d0%b0%d1%82%d0%b5\/"]}]},{"@type":"ImageObject","inLanguage":"lt-LT","@id":"https:\/\/cranes.lv\/product\/%d0%b4%d0%b2%d0%b8%d0%b3%d0%b0%d1%82%d0%b5%d0%bb%d0%b8-%d1%81-%d1%87%d0%b0%d1%81%d1%82%d0%be%d1%82%d0%bd%d1%8b%d0%bc-%d0%bf%d1%80%d0%b5%d0%be%d0%b1%d1%80%d0%b0%d0%b7%d0%be%d0%b2%d0%b0%d1%82%d0%b5\/#primaryimage","url":"https:\/\/i0.wp.com\/cranes.lv\/wp-content\/uploads\/2017\/03\/travellingmachineries-qm7.png?fit=400%2C300&ssl=1","contentUrl":"https:\/\/i0.wp.com\/cranes.lv\/wp-content\/uploads\/2017\/03\/travellingmachineries-qm7.png?fit=400%2C300&ssl=1","width":400,"height":300},{"@type":"BreadcrumbList","@id":"https:\/\/cranes.lv\/product\/%d0%b4%d0%b2%d0%b8%d0%b3%d0%b0%d1%82%d0%b5%d0%bb%d0%b8-%d1%81-%d1%87%d0%b0%d1%81%d1%82%d0%be%d1%82%d0%bd%d1%8b%d0%bc-%d0%bf%d1%80%d0%b5%d0%be%d0%b1%d1%80%d0%b0%d0%b7%d0%be%d0%b2%d0%b0%d1%82%d0%b5\/#breadcrumb","itemListElement":[{"@type":"ListItem","position":1,"name":"\u0413\u043b\u0430\u0432\u043d\u0430\u044f \u0441\u0442\u0440\u0430\u043d\u0438\u0446\u0430","item":"https:\/\/cranes.lv\/lt\/"},{"@type":"ListItem","position":2,"name":"\u041f\u0440\u043e\u0434\u0443\u043a\u0442\u044b 2","item":"https:\/\/cranes.lv\/?page_id=13251"},{"@type":"ListItem","position":3,"name":"Varikliai su da\u017enio keitikliu"}]},{"@type":"WebSite","@id":"https:\/\/cranes.lv\/#website","url":"https:\/\/cranes.lv\/","name":"Zemitans","description":"","publisher":{"@id":"https:\/\/cranes.lv\/#organization"},"potentialAction":[{"@type":"SearchAction","target":{"@type":"EntryPoint","urlTemplate":"https:\/\/cranes.lv\/?s={search_term_string}"},"query-input":{"@type":"PropertyValueSpecification","valueRequired":true,"valueName":"search_term_string"}}],"inLanguage":"lt-LT"},{"@type":"Organization","@id":"https:\/\/cranes.lv\/#organization","name":"Zemitans","url":"https:\/\/cranes.lv\/","logo":{"@type":"ImageObject","inLanguage":"lt-LT","@id":"https:\/\/cranes.lv\/#\/schema\/logo\/image\/","url":"https:\/\/cranes.lv\/wp-content\/uploads\/2024\/03\/Zemitans-1.svg","contentUrl":"https:\/\/cranes.lv\/wp-content\/uploads\/2024\/03\/Zemitans-1.svg","width":300,"height":70,"caption":"Zemitans"},"image":{"@id":"https:\/\/cranes.lv\/#\/schema\/logo\/image\/"},"sameAs":["https:\/\/www.facebook.com\/profile.php?id=61551090123372"]}]}},"jetpack_sharing_enabled":true,"_links":{"self":[{"href":"https:\/\/cranes.lv\/lt\/wp-json\/wp\/v2\/product\/989504","targetHints":{"allow":["GET"]}}],"collection":[{"href":"https:\/\/cranes.lv\/lt\/wp-json\/wp\/v2\/product"}],"about":[{"href":"https:\/\/cranes.lv\/lt\/wp-json\/wp\/v2\/types\/product"}],"wp:featuredmedia":[{"embeddable":true,"href":"https:\/\/cranes.lv\/lt\/wp-json\/wp\/v2\/media\/988541"}],"wp:attachment":[{"href":"https:\/\/cranes.lv\/lt\/wp-json\/wp\/v2\/media?parent=989504"}],"wp:term":[{"taxonomy":"product_brand","embeddable":true,"href":"https:\/\/cranes.lv\/lt\/wp-json\/wp\/v2\/product_brand?post=989504"},{"taxonomy":"product_cat","embeddable":true,"href":"https:\/\/cranes.lv\/lt\/wp-json\/wp\/v2\/product_cat?post=989504"},{"taxonomy":"product_tag","embeddable":true,"href":"https:\/\/cranes.lv\/lt\/wp-json\/wp\/v2\/product_tag?post=989504"}],"curies":[{"name":"wp","href":"https:\/\/api.w.org\/{rel}","templated":true}]}}