{"id":989457,"date":"2024-03-21T14:32:43","date_gmt":"2024-03-21T12:32:43","guid":{"rendered":"https:\/\/cranes.lv\/?post_type=product&#038;p=989457"},"modified":"2024-03-28T17:31:43","modified_gmt":"2024-03-28T15:31:43","slug":"craftsterex-lt","status":"publish","type":"product","link":"https:\/\/cranes.lv\/lt\/product\/craftsterex-lt\/","title":{"rendered":"CRAFTsterEX"},"content":{"rendered":"","protected":false},"excerpt":{"rendered":"<h4>CRAFTsterEX<\/h4>\n<p>CRAFTsterEX rankin\u0117s grandin\u0117s blokai yra saug\u016bs, patikimi ir patvar\u016bs. Jie gali atlaikyti iki 20 000 kg apkrovas degiose dujose arba dulk\u0117toje atmosferoje 1 ir 2 zonose, taip pat 21 ir 22 zonose. CRAFTsterEX yra mobili, lanksti, universali ma\u0161ina, galinti atlikti \u012fvairias u\u017eduotis sud\u0117tingoje aplinkoje. lengvumas.<\/p>\n","protected":false},"featured_media":988534,"template":"","meta":{"_acf_changed":false,"_crdt_document":"","inline_featured_image":false},"product_brand":[],"product_cat":[805825],"product_tag":[],"class_list":{"0":"post-989457","1":"product","2":"type-product","3":"status-publish","4":"has-post-thumbnail","6":"product_cat-hoists-lt","8":"first","9":"instock","10":"shipping-taxable","11":"product-type-simple"},"acf":[],"yoast_head":"<!-- This site is optimized with the Yoast SEO plugin v27.1.1 - https:\/\/yoast.com\/product\/yoast-seo-wordpress\/ -->\n<title>CRAFTsterEX - SIA &quot;Zemit\u0101ns&quot;<\/title>\n<meta name=\"description\" content=\"SIA &quot;Zemit\u0101ns&quot; \u044f\u0432\u043b\u044f\u0435\u0442\u0441\u044f \u043e\u0444\u0438\u0446\u0438\u0430\u043b\u044c\u043d\u044b\u043c \u043f\u0430\u0440\u0442\u043d\u0451\u0440\u043e\u043c SWF Krantechnik \u043d\u0435\u043c\u0435\u0446\u043a\u043e\u0439 \u043a\u043e\u043c\u043f\u0430\u043d\u0438\u0438 \u043f\u043e \u043f\u0440\u043e\u0438\u0437\u0432\u043e\u0434\u0441\u0442\u0432\u0443 \u043c\u043e\u0441\u0442\u043e\u0432\u044b\u0445, \u043a\u043e\u043d\u0441\u043e\u043b\u044c\u043d\u044b\u0445 \u043a\u0440\u0430\u043d\u043e\u0432 \u0438 \u0442\u0435\u043b\u044c\u0444\u0435\u0440\u043e\u0432 \u0440\u0430\u0437\u043b\u0438\u0447\u043d\u043e\u0433\u043e \u043d\u0430\u0437\u043d\u0430\u0447\u0435\u043d\u0438\u044f.\" \/>\n<meta name=\"robots\" content=\"index, follow, max-snippet:-1, max-image-preview:large, max-video-preview:-1\" \/>\n<link rel=\"canonical\" href=\"https:\/\/cranes.lv\/product\/craftsterex-lt\/\" \/>\n<meta property=\"og:locale\" content=\"lt_LT\" \/>\n<meta property=\"og:type\" content=\"article\" \/>\n<meta property=\"og:title\" content=\"CRAFTsterEX - SIA &quot;Zemit\u0101ns&quot;\" \/>\n<meta property=\"og:description\" content=\"SIA &quot;Zemit\u0101ns&quot; \u044f\u0432\u043b\u044f\u0435\u0442\u0441\u044f \u043e\u0444\u0438\u0446\u0438\u0430\u043b\u044c\u043d\u044b\u043c \u043f\u0430\u0440\u0442\u043d\u0451\u0440\u043e\u043c SWF Krantechnik \u043d\u0435\u043c\u0435\u0446\u043a\u043e\u0439 \u043a\u043e\u043c\u043f\u0430\u043d\u0438\u0438 \u043f\u043e \u043f\u0440\u043e\u0438\u0437\u0432\u043e\u0434\u0441\u0442\u0432\u0443 \u043c\u043e\u0441\u0442\u043e\u0432\u044b\u0445, \u043a\u043e\u043d\u0441\u043e\u043b\u044c\u043d\u044b\u0445 \u043a\u0440\u0430\u043d\u043e\u0432 \u0438 \u0442\u0435\u043b\u044c\u0444\u0435\u0440\u043e\u0432 \u0440\u0430\u0437\u043b\u0438\u0447\u043d\u043e\u0433\u043e \u043d\u0430\u0437\u043d\u0430\u0447\u0435\u043d\u0438\u044f.\" \/>\n<meta property=\"og:url\" content=\"https:\/\/cranes.lv\/product\/craftsterex-lt\/\" \/>\n<meta property=\"og:site_name\" content=\"SIA &quot;Zemit\u0101ns&quot;\" \/>\n<meta property=\"article:publisher\" content=\"https:\/\/www.facebook.com\/profile.php?id=61551090123372\" \/>\n<meta property=\"article:modified_time\" content=\"2024-03-28T15:31:43+00:00\" \/>\n<meta property=\"og:image\" content=\"https:\/\/i0.wp.com\/cranes.lv\/wp-content\/uploads\/2024\/03\/craftster-mhs-ex-4.png?fit=945%2C531&ssl=1\" \/>\n\t<meta property=\"og:image:width\" content=\"945\" \/>\n\t<meta property=\"og:image:height\" content=\"531\" \/>\n\t<meta property=\"og:image:type\" content=\"image\/png\" \/>\n<meta name=\"twitter:card\" content=\"summary_large_image\" \/>\n<meta name=\"twitter:label1\" content=\"Est. reading time\" \/>\n\t<meta name=\"twitter:data1\" content=\"1 minut\u0117\" \/>\n<script type=\"application\/ld+json\" class=\"yoast-schema-graph\">{\"@context\":\"https:\/\/schema.org\",\"@graph\":[{\"@type\":\"WebPage\",\"@id\":\"https:\/\/cranes.lv\/product\/craftsterex-lt\/\",\"url\":\"https:\/\/cranes.lv\/product\/craftsterex-lt\/\",\"name\":\"CRAFTsterEX - SIA &quot;Zemit\u0101ns&quot;\",\"isPartOf\":{\"@id\":\"https:\/\/cranes.lv\/#website\"},\"primaryImageOfPage\":{\"@id\":\"https:\/\/cranes.lv\/product\/craftsterex-lt\/#primaryimage\"},\"image\":{\"@id\":\"https:\/\/cranes.lv\/product\/craftsterex-lt\/#primaryimage\"},\"thumbnailUrl\":\"https:\/\/i0.wp.com\/cranes.lv\/wp-content\/uploads\/2024\/03\/craftster-mhs-ex-4.png?fit=945%2C531&ssl=1\",\"datePublished\":\"2024-03-21T12:32:43+00:00\",\"dateModified\":\"2024-03-28T15:31:43+00:00\",\"description\":\"SIA \\\"Zemit\u0101ns\\\" \u044f\u0432\u043b\u044f\u0435\u0442\u0441\u044f \u043e\u0444\u0438\u0446\u0438\u0430\u043b\u044c\u043d\u044b\u043c \u043f\u0430\u0440\u0442\u043d\u0451\u0440\u043e\u043c SWF Krantechnik \u043d\u0435\u043c\u0435\u0446\u043a\u043e\u0439 \u043a\u043e\u043c\u043f\u0430\u043d\u0438\u0438 \u043f\u043e \u043f\u0440\u043e\u0438\u0437\u0432\u043e\u0434\u0441\u0442\u0432\u0443 \u043c\u043e\u0441\u0442\u043e\u0432\u044b\u0445, \u043a\u043e\u043d\u0441\u043e\u043b\u044c\u043d\u044b\u0445 \u043a\u0440\u0430\u043d\u043e\u0432 \u0438 \u0442\u0435\u043b\u044c\u0444\u0435\u0440\u043e\u0432 \u0440\u0430\u0437\u043b\u0438\u0447\u043d\u043e\u0433\u043e \u043d\u0430\u0437\u043d\u0430\u0447\u0435\u043d\u0438\u044f.\",\"breadcrumb\":{\"@id\":\"https:\/\/cranes.lv\/product\/craftsterex-lt\/#breadcrumb\"},\"inLanguage\":\"lt-LT\",\"potentialAction\":[{\"@type\":\"ReadAction\",\"target\":[\"https:\/\/cranes.lv\/product\/craftsterex-lt\/\"]}]},{\"@type\":\"ImageObject\",\"inLanguage\":\"lt-LT\",\"@id\":\"https:\/\/cranes.lv\/product\/craftsterex-lt\/#primaryimage\",\"url\":\"https:\/\/i0.wp.com\/cranes.lv\/wp-content\/uploads\/2024\/03\/craftster-mhs-ex-4.png?fit=945%2C531&ssl=1\",\"contentUrl\":\"https:\/\/i0.wp.com\/cranes.lv\/wp-content\/uploads\/2024\/03\/craftster-mhs-ex-4.png?fit=945%2C531&ssl=1\",\"width\":945,\"height\":531},{\"@type\":\"BreadcrumbList\",\"@id\":\"https:\/\/cranes.lv\/product\/craftsterex-lt\/#breadcrumb\",\"itemListElement\":[{\"@type\":\"ListItem\",\"position\":1,\"name\":\"\u0413\u043b\u0430\u0432\u043d\u0430\u044f \u0441\u0442\u0440\u0430\u043d\u0438\u0446\u0430\",\"item\":\"https:\/\/cranes.lv\/lt\/\"},{\"@type\":\"ListItem\",\"position\":2,\"name\":\"\u041f\u0440\u043e\u0434\u0443\u043a\u0442\u044b 2\",\"item\":\"https:\/\/cranes.lv\/?page_id=13251\"},{\"@type\":\"ListItem\",\"position\":3,\"name\":\"CRAFTsterEX\"}]},{\"@type\":\"WebSite\",\"@id\":\"https:\/\/cranes.lv\/#website\",\"url\":\"https:\/\/cranes.lv\/\",\"name\":\"Zemitans\",\"description\":\"\",\"publisher\":{\"@id\":\"https:\/\/cranes.lv\/#organization\"},\"potentialAction\":[{\"@type\":\"SearchAction\",\"target\":{\"@type\":\"EntryPoint\",\"urlTemplate\":\"https:\/\/cranes.lv\/?s={search_term_string}\"},\"query-input\":{\"@type\":\"PropertyValueSpecification\",\"valueRequired\":true,\"valueName\":\"search_term_string\"}}],\"inLanguage\":\"lt-LT\"},{\"@type\":\"Organization\",\"@id\":\"https:\/\/cranes.lv\/#organization\",\"name\":\"Zemitans\",\"url\":\"https:\/\/cranes.lv\/\",\"logo\":{\"@type\":\"ImageObject\",\"inLanguage\":\"lt-LT\",\"@id\":\"https:\/\/cranes.lv\/#\/schema\/logo\/image\/\",\"url\":\"https:\/\/cranes.lv\/wp-content\/uploads\/2024\/03\/Zemitans-1.svg\",\"contentUrl\":\"https:\/\/cranes.lv\/wp-content\/uploads\/2024\/03\/Zemitans-1.svg\",\"width\":300,\"height\":70,\"caption\":\"Zemitans\"},\"image\":{\"@id\":\"https:\/\/cranes.lv\/#\/schema\/logo\/image\/\"},\"sameAs\":[\"https:\/\/www.facebook.com\/profile.php?id=61551090123372\"]}]}<\/script>\n<!-- \/ Yoast SEO plugin. -->","yoast_head_json":{"title":"CRAFTsterEX - SIA &quot;Zemit\u0101ns&quot;","description":"SIA \"Zemit\u0101ns\" \u044f\u0432\u043b\u044f\u0435\u0442\u0441\u044f \u043e\u0444\u0438\u0446\u0438\u0430\u043b\u044c\u043d\u044b\u043c \u043f\u0430\u0440\u0442\u043d\u0451\u0440\u043e\u043c SWF Krantechnik \u043d\u0435\u043c\u0435\u0446\u043a\u043e\u0439 \u043a\u043e\u043c\u043f\u0430\u043d\u0438\u0438 \u043f\u043e \u043f\u0440\u043e\u0438\u0437\u0432\u043e\u0434\u0441\u0442\u0432\u0443 \u043c\u043e\u0441\u0442\u043e\u0432\u044b\u0445, \u043a\u043e\u043d\u0441\u043e\u043b\u044c\u043d\u044b\u0445 \u043a\u0440\u0430\u043d\u043e\u0432 \u0438 \u0442\u0435\u043b\u044c\u0444\u0435\u0440\u043e\u0432 \u0440\u0430\u0437\u043b\u0438\u0447\u043d\u043e\u0433\u043e \u043d\u0430\u0437\u043d\u0430\u0447\u0435\u043d\u0438\u044f.","robots":{"index":"index","follow":"follow","max-snippet":"max-snippet:-1","max-image-preview":"max-image-preview:large","max-video-preview":"max-video-preview:-1"},"canonical":"https:\/\/cranes.lv\/product\/craftsterex-lt\/","og_locale":"lt_LT","og_type":"article","og_title":"CRAFTsterEX - SIA &quot;Zemit\u0101ns&quot;","og_description":"SIA \"Zemit\u0101ns\" \u044f\u0432\u043b\u044f\u0435\u0442\u0441\u044f \u043e\u0444\u0438\u0446\u0438\u0430\u043b\u044c\u043d\u044b\u043c \u043f\u0430\u0440\u0442\u043d\u0451\u0440\u043e\u043c SWF Krantechnik \u043d\u0435\u043c\u0435\u0446\u043a\u043e\u0439 \u043a\u043e\u043c\u043f\u0430\u043d\u0438\u0438 \u043f\u043e \u043f\u0440\u043e\u0438\u0437\u0432\u043e\u0434\u0441\u0442\u0432\u0443 \u043c\u043e\u0441\u0442\u043e\u0432\u044b\u0445, \u043a\u043e\u043d\u0441\u043e\u043b\u044c\u043d\u044b\u0445 \u043a\u0440\u0430\u043d\u043e\u0432 \u0438 \u0442\u0435\u043b\u044c\u0444\u0435\u0440\u043e\u0432 \u0440\u0430\u0437\u043b\u0438\u0447\u043d\u043e\u0433\u043e \u043d\u0430\u0437\u043d\u0430\u0447\u0435\u043d\u0438\u044f.","og_url":"https:\/\/cranes.lv\/product\/craftsterex-lt\/","og_site_name":"SIA &quot;Zemit\u0101ns&quot;","article_publisher":"https:\/\/www.facebook.com\/profile.php?id=61551090123372","article_modified_time":"2024-03-28T15:31:43+00:00","og_image":[{"width":945,"height":531,"url":"https:\/\/i0.wp.com\/cranes.lv\/wp-content\/uploads\/2024\/03\/craftster-mhs-ex-4.png?fit=945%2C531&ssl=1","type":"image\/png"}],"twitter_card":"summary_large_image","twitter_misc":{"Est. reading time":"1 minut\u0117"},"schema":{"@context":"https:\/\/schema.org","@graph":[{"@type":"WebPage","@id":"https:\/\/cranes.lv\/product\/craftsterex-lt\/","url":"https:\/\/cranes.lv\/product\/craftsterex-lt\/","name":"CRAFTsterEX - SIA &quot;Zemit\u0101ns&quot;","isPartOf":{"@id":"https:\/\/cranes.lv\/#website"},"primaryImageOfPage":{"@id":"https:\/\/cranes.lv\/product\/craftsterex-lt\/#primaryimage"},"image":{"@id":"https:\/\/cranes.lv\/product\/craftsterex-lt\/#primaryimage"},"thumbnailUrl":"https:\/\/i0.wp.com\/cranes.lv\/wp-content\/uploads\/2024\/03\/craftster-mhs-ex-4.png?fit=945%2C531&ssl=1","datePublished":"2024-03-21T12:32:43+00:00","dateModified":"2024-03-28T15:31:43+00:00","description":"SIA \"Zemit\u0101ns\" \u044f\u0432\u043b\u044f\u0435\u0442\u0441\u044f \u043e\u0444\u0438\u0446\u0438\u0430\u043b\u044c\u043d\u044b\u043c \u043f\u0430\u0440\u0442\u043d\u0451\u0440\u043e\u043c SWF Krantechnik \u043d\u0435\u043c\u0435\u0446\u043a\u043e\u0439 \u043a\u043e\u043c\u043f\u0430\u043d\u0438\u0438 \u043f\u043e \u043f\u0440\u043e\u0438\u0437\u0432\u043e\u0434\u0441\u0442\u0432\u0443 \u043c\u043e\u0441\u0442\u043e\u0432\u044b\u0445, \u043a\u043e\u043d\u0441\u043e\u043b\u044c\u043d\u044b\u0445 \u043a\u0440\u0430\u043d\u043e\u0432 \u0438 \u0442\u0435\u043b\u044c\u0444\u0435\u0440\u043e\u0432 \u0440\u0430\u0437\u043b\u0438\u0447\u043d\u043e\u0433\u043e \u043d\u0430\u0437\u043d\u0430\u0447\u0435\u043d\u0438\u044f.","breadcrumb":{"@id":"https:\/\/cranes.lv\/product\/craftsterex-lt\/#breadcrumb"},"inLanguage":"lt-LT","potentialAction":[{"@type":"ReadAction","target":["https:\/\/cranes.lv\/product\/craftsterex-lt\/"]}]},{"@type":"ImageObject","inLanguage":"lt-LT","@id":"https:\/\/cranes.lv\/product\/craftsterex-lt\/#primaryimage","url":"https:\/\/i0.wp.com\/cranes.lv\/wp-content\/uploads\/2024\/03\/craftster-mhs-ex-4.png?fit=945%2C531&ssl=1","contentUrl":"https:\/\/i0.wp.com\/cranes.lv\/wp-content\/uploads\/2024\/03\/craftster-mhs-ex-4.png?fit=945%2C531&ssl=1","width":945,"height":531},{"@type":"BreadcrumbList","@id":"https:\/\/cranes.lv\/product\/craftsterex-lt\/#breadcrumb","itemListElement":[{"@type":"ListItem","position":1,"name":"\u0413\u043b\u0430\u0432\u043d\u0430\u044f \u0441\u0442\u0440\u0430\u043d\u0438\u0446\u0430","item":"https:\/\/cranes.lv\/lt\/"},{"@type":"ListItem","position":2,"name":"\u041f\u0440\u043e\u0434\u0443\u043a\u0442\u044b 2","item":"https:\/\/cranes.lv\/?page_id=13251"},{"@type":"ListItem","position":3,"name":"CRAFTsterEX"}]},{"@type":"WebSite","@id":"https:\/\/cranes.lv\/#website","url":"https:\/\/cranes.lv\/","name":"Zemitans","description":"","publisher":{"@id":"https:\/\/cranes.lv\/#organization"},"potentialAction":[{"@type":"SearchAction","target":{"@type":"EntryPoint","urlTemplate":"https:\/\/cranes.lv\/?s={search_term_string}"},"query-input":{"@type":"PropertyValueSpecification","valueRequired":true,"valueName":"search_term_string"}}],"inLanguage":"lt-LT"},{"@type":"Organization","@id":"https:\/\/cranes.lv\/#organization","name":"Zemitans","url":"https:\/\/cranes.lv\/","logo":{"@type":"ImageObject","inLanguage":"lt-LT","@id":"https:\/\/cranes.lv\/#\/schema\/logo\/image\/","url":"https:\/\/cranes.lv\/wp-content\/uploads\/2024\/03\/Zemitans-1.svg","contentUrl":"https:\/\/cranes.lv\/wp-content\/uploads\/2024\/03\/Zemitans-1.svg","width":300,"height":70,"caption":"Zemitans"},"image":{"@id":"https:\/\/cranes.lv\/#\/schema\/logo\/image\/"},"sameAs":["https:\/\/www.facebook.com\/profile.php?id=61551090123372"]}]}},"jetpack_sharing_enabled":true,"_links":{"self":[{"href":"https:\/\/cranes.lv\/lt\/wp-json\/wp\/v2\/product\/989457","targetHints":{"allow":["GET"]}}],"collection":[{"href":"https:\/\/cranes.lv\/lt\/wp-json\/wp\/v2\/product"}],"about":[{"href":"https:\/\/cranes.lv\/lt\/wp-json\/wp\/v2\/types\/product"}],"wp:featuredmedia":[{"embeddable":true,"href":"https:\/\/cranes.lv\/lt\/wp-json\/wp\/v2\/media\/988534"}],"wp:attachment":[{"href":"https:\/\/cranes.lv\/lt\/wp-json\/wp\/v2\/media?parent=989457"}],"wp:term":[{"taxonomy":"product_brand","embeddable":true,"href":"https:\/\/cranes.lv\/lt\/wp-json\/wp\/v2\/product_brand?post=989457"},{"taxonomy":"product_cat","embeddable":true,"href":"https:\/\/cranes.lv\/lt\/wp-json\/wp\/v2\/product_cat?post=989457"},{"taxonomy":"product_tag","embeddable":true,"href":"https:\/\/cranes.lv\/lt\/wp-json\/wp\/v2\/product_tag?post=989457"}],"curies":[{"name":"wp","href":"https:\/\/api.w.org\/{rel}","templated":true}]}}