{"id":989306,"date":"2024-03-20T12:28:55","date_gmt":"2024-03-20T10:28:55","guid":{"rendered":"https:\/\/cranes.lv\/?page_id=989306"},"modified":"2024-06-03T14:04:04","modified_gmt":"2024-06-03T11:04:04","slug":"kranu-remontas-ir-prieziura","status":"publish","type":"page","link":"https:\/\/cranes.lv\/lt\/kranu-remontas-ir-prieziura\/","title":{"rendered":"Kran\u0173 remontas"},"content":{"rendered":"<div class=\"vgblk-rw-wrapper limit-wrapper\">\r\n<h3>\r\n\tKran\u0173 <br \/><strong>remontas <\/strong>\r\n\t<\/h3>\r\n\t<p>Atliekame vis\u0173 tip\u0173 remonto darbus, susijusius su kran\u0173 \u012franga. M\u016bs\u0173 technikai nedelsiant prad\u0117s tinkamai atlikti darbus ir gr\u0105\u017eins j\u016bs\u0173 \u012frang\u0105 \u012f darbin\u0119 b\u016bkl\u0119. \u017demiau pateikiami pagrindiniai m\u016bs\u0173 \u012fmon\u0117s si\u016blomi remonto darb\u0173 tipai:<\/p>\r\n<p><strong>Planin\u0117 profilaktin\u0117 prie\u017ei\u016bra<\/strong> atliekama priklausomai nuo krano \u012frangos veikimo intensyvumo. M\u016bs\u0173 \u012fmon\u0117s specialistai atliks remonto darbus su Jumis sutartu laiku pagal J\u016bs\u0173 \u012fmon\u0117s darbo grafik\u0105. B\u016btin\u0173 remonto darb\u0173 apimtis sudaroma remiantis defekt\u0173 nustatymo ataskaitomis ir suderinama su u\u017esakovu. \u012emon\u0117 turi ger\u0105 aptarnavimo baz\u0119 ir reikiam\u0105 kiek\u012f atsargini\u0173 dali\u0173 kran\u0173 \u012frangai i\u0161 toki\u0173 \u012fmoni\u0173 kaip SWF Krantechnik, KONECRANES Latvia ir STAHL CraneSystems.<\/p>\r\n<strong>ES pagamint\u0173 kran\u0173 kapitalinis remonta<\/strong>s atliekamas pasibaigus leistinam \u012frangos eksploatavimo ciklui (SWP &#8211; Safe work period). SWF Krantechnik ir KONECRANES gaminamiems kranams naujojo keltuvo leistinas darbo ciklas SWP (%) yra 100%. Leistinas darbo ciklas baigiasi, kai keltuvo SWP (%) pasiekia nul\u012f. Eksploatacijos ciklo pabaigoje b\u016btina atlikti kapitalin\u012f keltuvo remont\u0105 (GO), po kurio nustatomas naujas leistinas keltuvo veikimo ciklas.\r\nD\u0117l kapitalinio remonto tampa \u012fmanoma prat\u0119sti krano \u012frangos tarnavimo laik\u0105. \u012e darb\u0173 srit\u012f \u012feina vis\u0173 privalomai kei\u010diam\u0173 dali\u0173 keitimas, siekiant prat\u0119sti \u012frangos tarnavimo laik\u0105.\r\nM\u016bs\u0173 specialistai atvyks pas Jus su visais reikalingais \u012frankiais ir atsargin\u0117mis dalimis bei pasiruo\u0161\u0119 suremontuoti J\u016bs\u0173 \u012frang\u0105 ir gr\u0105\u017einti j\u0105 \u012f darbin\u0119 b\u016bkl\u0119.\r\n\r\n<\/div><!-- .vgblk-rw-wrapper -->","protected":false},"excerpt":{"rendered":"<p>Kran\u0173 remontas Atliekame vis\u0173 tip\u0173 remonto darbus, susijusius su kran\u0173 \u012franga. M\u016bs\u0173 technikai nedelsiant prad\u0117s tinkamai atlikti darbus ir gr\u0105\u017eins j\u016bs\u0173 \u012frang\u0105 \u012f darbin\u0119 b\u016bkl\u0119. \u017demiau pateikiami pagrindiniai m\u016bs\u0173 \u012fmon\u0117s si\u016blomi remonto darb\u0173 tipai: Planin\u0117 profilaktin\u0117 prie\u017ei\u016bra atliekama priklausomai nuo krano \u012frangos veikimo intensyvumo. M\u016bs\u0173 \u012fmon\u0117s specialistai atliks remonto darbus su Jumis sutartu laiku pagal&#8230;<\/p>\n","protected":false},"author":247047761,"featured_media":0,"parent":0,"menu_order":0,"comment_status":"closed","ping_status":"closed","template":"","meta":{"_acf_changed":false,"_crdt_document":"","inline_featured_image":false,"footnotes":""},"class_list":["post-989306","page","type-page","status-publish","hentry"],"acf":[],"yoast_head":"<!-- This site is optimized with the Yoast SEO plugin v27.3 - https:\/\/yoast.com\/product\/yoast-seo-wordpress\/ -->\n<title>Kran\u0173 remontas - SIA &quot;Zemit\u0101ns&quot;<\/title>\n<meta name=\"description\" content=\"Kran\u0173 remontas ir prie\u017ei\u016bra | SIA &quot;Zemit\u0101ns&quot; | hoists and bridge cranes | SWF Krantechnik\" \/>\n<meta name=\"robots\" content=\"index, follow, max-snippet:-1, max-image-preview:large, max-video-preview:-1\" \/>\n<link rel=\"canonical\" href=\"https:\/\/cranes.lv\/kranu-remontas-ir-prieziura\/\" \/>\n<meta property=\"og:locale\" content=\"lt_LT\" \/>\n<meta property=\"og:type\" content=\"article\" \/>\n<meta property=\"og:title\" content=\"Kran\u0173 remontas - SIA &quot;Zemit\u0101ns&quot;\" \/>\n<meta property=\"og:description\" content=\"Kran\u0173 remontas ir prie\u017ei\u016bra | SIA &quot;Zemit\u0101ns&quot; | hoists and bridge cranes | SWF Krantechnik\" \/>\n<meta property=\"og:url\" content=\"https:\/\/cranes.lv\/kranu-remontas-ir-prieziura\/\" \/>\n<meta property=\"og:site_name\" content=\"SIA &quot;Zemit\u0101ns&quot;\" \/>\n<meta property=\"article:publisher\" content=\"https:\/\/www.facebook.com\/profile.php?id=61551090123372\" \/>\n<meta property=\"article:modified_time\" content=\"2024-06-03T11:04:04+00:00\" \/>\n<meta name=\"twitter:card\" content=\"summary_large_image\" \/>\n<meta name=\"twitter:label1\" content=\"Est. reading time\" \/>\n\t<meta name=\"twitter:data1\" content=\"2 minut\u0117s\" \/>\n<script type=\"application\/ld+json\" class=\"yoast-schema-graph\">{\"@context\":\"https:\\\/\\\/schema.org\",\"@graph\":[{\"@type\":\"WebPage\",\"@id\":\"https:\\\/\\\/cranes.lv\\\/kranu-remontas-ir-prieziura\\\/\",\"url\":\"https:\\\/\\\/cranes.lv\\\/kranu-remontas-ir-prieziura\\\/\",\"name\":\"Kran\u0173 remontas - SIA &quot;Zemit\u0101ns&quot;\",\"isPartOf\":{\"@id\":\"https:\\\/\\\/cranes.lv\\\/#website\"},\"datePublished\":\"2024-03-20T10:28:55+00:00\",\"dateModified\":\"2024-06-03T11:04:04+00:00\",\"description\":\"Kran\u0173 remontas ir prie\u017ei\u016bra | SIA \\\"Zemit\u0101ns\\\" | hoists and bridge cranes | SWF Krantechnik\",\"breadcrumb\":{\"@id\":\"https:\\\/\\\/cranes.lv\\\/kranu-remontas-ir-prieziura\\\/#breadcrumb\"},\"inLanguage\":\"lt-LT\",\"potentialAction\":[{\"@type\":\"ReadAction\",\"target\":[\"https:\\\/\\\/cranes.lv\\\/kranu-remontas-ir-prieziura\\\/\"]}]},{\"@type\":\"BreadcrumbList\",\"@id\":\"https:\\\/\\\/cranes.lv\\\/kranu-remontas-ir-prieziura\\\/#breadcrumb\",\"itemListElement\":[{\"@type\":\"ListItem\",\"position\":1,\"name\":\"\u0413\u043b\u0430\u0432\u043d\u0430\u044f \u0441\u0442\u0440\u0430\u043d\u0438\u0446\u0430\",\"item\":\"https:\\\/\\\/cranes.lv\\\/lt\\\/\"},{\"@type\":\"ListItem\",\"position\":2,\"name\":\"Kran\u0173 remontas\"}]},{\"@type\":\"WebSite\",\"@id\":\"https:\\\/\\\/cranes.lv\\\/#website\",\"url\":\"https:\\\/\\\/cranes.lv\\\/\",\"name\":\"Zemitans\",\"description\":\"\",\"publisher\":{\"@id\":\"https:\\\/\\\/cranes.lv\\\/#organization\"},\"potentialAction\":[{\"@type\":\"SearchAction\",\"target\":{\"@type\":\"EntryPoint\",\"urlTemplate\":\"https:\\\/\\\/cranes.lv\\\/?s={search_term_string}\"},\"query-input\":{\"@type\":\"PropertyValueSpecification\",\"valueRequired\":true,\"valueName\":\"search_term_string\"}}],\"inLanguage\":\"lt-LT\"},{\"@type\":\"Organization\",\"@id\":\"https:\\\/\\\/cranes.lv\\\/#organization\",\"name\":\"Zemitans\",\"url\":\"https:\\\/\\\/cranes.lv\\\/\",\"logo\":{\"@type\":\"ImageObject\",\"inLanguage\":\"lt-LT\",\"@id\":\"https:\\\/\\\/cranes.lv\\\/#\\\/schema\\\/logo\\\/image\\\/\",\"url\":\"https:\\\/\\\/cranes.lv\\\/wp-content\\\/uploads\\\/2024\\\/03\\\/Zemitans-1.svg\",\"contentUrl\":\"https:\\\/\\\/cranes.lv\\\/wp-content\\\/uploads\\\/2024\\\/03\\\/Zemitans-1.svg\",\"width\":300,\"height\":70,\"caption\":\"Zemitans\"},\"image\":{\"@id\":\"https:\\\/\\\/cranes.lv\\\/#\\\/schema\\\/logo\\\/image\\\/\"},\"sameAs\":[\"https:\\\/\\\/www.facebook.com\\\/profile.php?id=61551090123372\"]}]}<\/script>\n<!-- \/ Yoast SEO plugin. -->","yoast_head_json":{"title":"Kran\u0173 remontas - SIA &quot;Zemit\u0101ns&quot;","description":"Kran\u0173 remontas ir prie\u017ei\u016bra | SIA \"Zemit\u0101ns\" | hoists and bridge cranes | SWF Krantechnik","robots":{"index":"index","follow":"follow","max-snippet":"max-snippet:-1","max-image-preview":"max-image-preview:large","max-video-preview":"max-video-preview:-1"},"canonical":"https:\/\/cranes.lv\/kranu-remontas-ir-prieziura\/","og_locale":"lt_LT","og_type":"article","og_title":"Kran\u0173 remontas - SIA &quot;Zemit\u0101ns&quot;","og_description":"Kran\u0173 remontas ir prie\u017ei\u016bra | SIA \"Zemit\u0101ns\" | hoists and bridge cranes | SWF Krantechnik","og_url":"https:\/\/cranes.lv\/kranu-remontas-ir-prieziura\/","og_site_name":"SIA &quot;Zemit\u0101ns&quot;","article_publisher":"https:\/\/www.facebook.com\/profile.php?id=61551090123372","article_modified_time":"2024-06-03T11:04:04+00:00","twitter_card":"summary_large_image","twitter_misc":{"Est. reading time":"2 minut\u0117s"},"schema":{"@context":"https:\/\/schema.org","@graph":[{"@type":"WebPage","@id":"https:\/\/cranes.lv\/kranu-remontas-ir-prieziura\/","url":"https:\/\/cranes.lv\/kranu-remontas-ir-prieziura\/","name":"Kran\u0173 remontas - SIA &quot;Zemit\u0101ns&quot;","isPartOf":{"@id":"https:\/\/cranes.lv\/#website"},"datePublished":"2024-03-20T10:28:55+00:00","dateModified":"2024-06-03T11:04:04+00:00","description":"Kran\u0173 remontas ir prie\u017ei\u016bra | SIA \"Zemit\u0101ns\" | hoists and bridge cranes | SWF Krantechnik","breadcrumb":{"@id":"https:\/\/cranes.lv\/kranu-remontas-ir-prieziura\/#breadcrumb"},"inLanguage":"lt-LT","potentialAction":[{"@type":"ReadAction","target":["https:\/\/cranes.lv\/kranu-remontas-ir-prieziura\/"]}]},{"@type":"BreadcrumbList","@id":"https:\/\/cranes.lv\/kranu-remontas-ir-prieziura\/#breadcrumb","itemListElement":[{"@type":"ListItem","position":1,"name":"\u0413\u043b\u0430\u0432\u043d\u0430\u044f \u0441\u0442\u0440\u0430\u043d\u0438\u0446\u0430","item":"https:\/\/cranes.lv\/lt\/"},{"@type":"ListItem","position":2,"name":"Kran\u0173 remontas"}]},{"@type":"WebSite","@id":"https:\/\/cranes.lv\/#website","url":"https:\/\/cranes.lv\/","name":"Zemitans","description":"","publisher":{"@id":"https:\/\/cranes.lv\/#organization"},"potentialAction":[{"@type":"SearchAction","target":{"@type":"EntryPoint","urlTemplate":"https:\/\/cranes.lv\/?s={search_term_string}"},"query-input":{"@type":"PropertyValueSpecification","valueRequired":true,"valueName":"search_term_string"}}],"inLanguage":"lt-LT"},{"@type":"Organization","@id":"https:\/\/cranes.lv\/#organization","name":"Zemitans","url":"https:\/\/cranes.lv\/","logo":{"@type":"ImageObject","inLanguage":"lt-LT","@id":"https:\/\/cranes.lv\/#\/schema\/logo\/image\/","url":"https:\/\/cranes.lv\/wp-content\/uploads\/2024\/03\/Zemitans-1.svg","contentUrl":"https:\/\/cranes.lv\/wp-content\/uploads\/2024\/03\/Zemitans-1.svg","width":300,"height":70,"caption":"Zemitans"},"image":{"@id":"https:\/\/cranes.lv\/#\/schema\/logo\/image\/"},"sameAs":["https:\/\/www.facebook.com\/profile.php?id=61551090123372"]}]}},"jetpack_sharing_enabled":true,"_links":{"self":[{"href":"https:\/\/cranes.lv\/lt\/wp-json\/wp\/v2\/pages\/989306","targetHints":{"allow":["GET"]}}],"collection":[{"href":"https:\/\/cranes.lv\/lt\/wp-json\/wp\/v2\/pages"}],"about":[{"href":"https:\/\/cranes.lv\/lt\/wp-json\/wp\/v2\/types\/page"}],"author":[{"embeddable":true,"href":"https:\/\/cranes.lv\/lt\/wp-json\/wp\/v2\/users\/247047761"}],"replies":[{"embeddable":true,"href":"https:\/\/cranes.lv\/lt\/wp-json\/wp\/v2\/comments?post=989306"}],"version-history":[{"count":5,"href":"https:\/\/cranes.lv\/lt\/wp-json\/wp\/v2\/pages\/989306\/revisions"}],"predecessor-version":[{"id":992029,"href":"https:\/\/cranes.lv\/lt\/wp-json\/wp\/v2\/pages\/989306\/revisions\/992029"}],"wp:attachment":[{"href":"https:\/\/cranes.lv\/lt\/wp-json\/wp\/v2\/media?parent=989306"}],"curies":[{"name":"wp","href":"https:\/\/api.w.org\/{rel}","templated":true}]}}