{"id":989297,"date":"2024-03-20T12:27:15","date_gmt":"2024-03-20T10:27:15","guid":{"rendered":"https:\/\/cranes.lv\/?page_id=989297"},"modified":"2024-04-21T21:00:26","modified_gmt":"2024-04-21T18:00:26","slug":"krano-registracija","status":"publish","type":"page","link":"https:\/\/cranes.lv\/lt\/krano-registracija\/","title":{"rendered":"Krano registracija"},"content":{"rendered":"<div class=\"vgblk-rw-wrapper limit-wrapper\">\r\n<h3>\r\n\tKrano <br \/><strong>registracija <\/strong>\r\n\t<\/h3>\r\n\tKrano registracija yra svarbus jo eksploatavimo etapas, reikalaujantis kruop\u0161taus po\u017ei\u016brio ir tam tikr\u0173 proced\u016br\u0173 \u012fgyvendinimo. Pabaigus montavimo darbus ir prie\u0161 pradedant eksploatuoti kran\u0105, reikia atlikti kelet\u0105 bandym\u0173, kad b\u016bt\u0173 u\u017etikrintas jo funkcionalumas ir saugumas.\r\nPirmasis \u017eingsnis po montavimo yra bandymo darbai. Tai apima vis\u0173 pagrindini\u0173 krano komponent\u0173 ir mechanizm\u0173 patikrinim\u0105, ar jie atitinka techninius reikalavimus ir saugos standartus. Bandymai gali apimti apkrov\u0105, na\u0161um\u0105, funkcionalum\u0105 ir konstrukcijos stiprum\u0105.\r\nS\u0117kmingai atlikus bandymus, b\u016btina sura\u0161yti \u012f krano pas\u0105. Krano pasas &#8211; tai dokumentas, kuriame yra informacija apie krano technines charakteristikas, gamintoj\u0105, pagaminimo dat\u0105, bandymus ir kitus svarbius duomenis apie kran\u0105. \u0160is dokumentas yra pagrindin\u0117 krano identifikavimo priemon\u0117, taip pat yra jo registravimo ir tolimesn\u0117s prie\u017ei\u016bros pagrindas.\r\nSura\u0161ius krano pas\u0105, kitas \u017eingsnis &#8211; j\u012f u\u017eregistruoti atitinkamoje institucijoje arba inspekcijoje. Daugumoje \u0161ali\u0173 yra specialios inspekcijos arba \u012fgaliotos organizacijos, atsakingos u\u017e pavojingos \u012frangos, \u012fskaitant kranus, registravim\u0105 ir kontrol\u0119. Krano registracija paprastai apima krano paso kopijos pateikim\u0105, specialios formos ar parai\u0161kos u\u017epildym\u0105 ir vis\u0173 taikom\u0173 mokes\u010di\u0173 ar rinkliav\u0173 sumok\u0117jim\u0105.\r\n\r\n<\/div><!-- .vgblk-rw-wrapper -->","protected":false},"excerpt":{"rendered":"<p>Krano registracija Krano registracija yra svarbus jo eksploatavimo etapas, reikalaujantis kruop\u0161taus po\u017ei\u016brio ir tam tikr\u0173 proced\u016br\u0173 \u012fgyvendinimo. Pabaigus montavimo darbus ir prie\u0161 pradedant eksploatuoti kran\u0105, reikia atlikti kelet\u0105 bandym\u0173, kad b\u016bt\u0173 u\u017etikrintas jo funkcionalumas ir saugumas. Pirmasis \u017eingsnis po montavimo yra bandymo darbai. Tai apima vis\u0173 pagrindini\u0173 krano komponent\u0173 ir mechanizm\u0173 patikrinim\u0105, ar jie atitinka&#8230;<\/p>\n","protected":false},"author":247047761,"featured_media":0,"parent":0,"menu_order":0,"comment_status":"closed","ping_status":"closed","template":"","meta":{"_acf_changed":false,"_crdt_document":"","inline_featured_image":false,"footnotes":""},"class_list":["post-989297","page","type-page","status-publish","hentry"],"acf":[],"yoast_head":"<!-- This site is optimized with the Yoast SEO plugin v27.6 - https:\/\/yoast.com\/product\/yoast-seo-wordpress\/ -->\n<title>Krano registracija - SIA &quot;Zemit\u0101ns&quot;<\/title>\n<meta name=\"description\" content=\"Krano registracija | SIA &quot;Zemit\u0101ns&quot; | hoists and bridge cranes | SWF Krantechnik\" \/>\n<meta name=\"robots\" content=\"index, follow, max-snippet:-1, max-image-preview:large, max-video-preview:-1\" \/>\n<link rel=\"canonical\" href=\"https:\/\/cranes.lv\/krano-registracija\/\" \/>\n<meta property=\"og:locale\" content=\"lt_LT\" \/>\n<meta property=\"og:type\" content=\"article\" \/>\n<meta property=\"og:title\" content=\"Krano registracija - SIA &quot;Zemit\u0101ns&quot;\" \/>\n<meta property=\"og:description\" content=\"Krano registracija | SIA &quot;Zemit\u0101ns&quot; | hoists and bridge cranes | SWF Krantechnik\" \/>\n<meta property=\"og:url\" content=\"https:\/\/cranes.lv\/krano-registracija\/\" \/>\n<meta property=\"og:site_name\" content=\"SIA &quot;Zemit\u0101ns&quot;\" \/>\n<meta property=\"article:publisher\" content=\"https:\/\/www.facebook.com\/profile.php?id=61551090123372\" \/>\n<meta property=\"article:modified_time\" content=\"2024-04-21T18:00:26+00:00\" \/>\n<meta name=\"twitter:card\" content=\"summary_large_image\" \/>\n<meta name=\"twitter:label1\" content=\"Est. reading time\" \/>\n\t<meta name=\"twitter:data1\" content=\"1 minut\u0117\" \/>\n<script type=\"application\/ld+json\" class=\"yoast-schema-graph\">{\"@context\":\"https:\\\/\\\/schema.org\",\"@graph\":[{\"@type\":\"WebPage\",\"@id\":\"https:\\\/\\\/cranes.lv\\\/krano-registracija\\\/\",\"url\":\"https:\\\/\\\/cranes.lv\\\/krano-registracija\\\/\",\"name\":\"Krano registracija - SIA &quot;Zemit\u0101ns&quot;\",\"isPartOf\":{\"@id\":\"https:\\\/\\\/cranes.lv\\\/#website\"},\"datePublished\":\"2024-03-20T10:27:15+00:00\",\"dateModified\":\"2024-04-21T18:00:26+00:00\",\"description\":\"Krano registracija | SIA \\\"Zemit\u0101ns\\\" | hoists and bridge cranes | SWF Krantechnik\",\"breadcrumb\":{\"@id\":\"https:\\\/\\\/cranes.lv\\\/krano-registracija\\\/#breadcrumb\"},\"inLanguage\":\"lt-LT\",\"potentialAction\":[{\"@type\":\"ReadAction\",\"target\":[\"https:\\\/\\\/cranes.lv\\\/krano-registracija\\\/\"]}]},{\"@type\":\"BreadcrumbList\",\"@id\":\"https:\\\/\\\/cranes.lv\\\/krano-registracija\\\/#breadcrumb\",\"itemListElement\":[{\"@type\":\"ListItem\",\"position\":1,\"name\":\"\u0413\u043b\u0430\u0432\u043d\u0430\u044f \u0441\u0442\u0440\u0430\u043d\u0438\u0446\u0430\",\"item\":\"https:\\\/\\\/cranes.lv\\\/lt\\\/\"},{\"@type\":\"ListItem\",\"position\":2,\"name\":\"Krano registracija\"}]},{\"@type\":\"WebSite\",\"@id\":\"https:\\\/\\\/cranes.lv\\\/#website\",\"url\":\"https:\\\/\\\/cranes.lv\\\/\",\"name\":\"Zemitans\",\"description\":\"\",\"publisher\":{\"@id\":\"https:\\\/\\\/cranes.lv\\\/#organization\"},\"potentialAction\":[{\"@type\":\"SearchAction\",\"target\":{\"@type\":\"EntryPoint\",\"urlTemplate\":\"https:\\\/\\\/cranes.lv\\\/?s={search_term_string}\"},\"query-input\":{\"@type\":\"PropertyValueSpecification\",\"valueRequired\":true,\"valueName\":\"search_term_string\"}}],\"inLanguage\":\"lt-LT\"},{\"@type\":\"Organization\",\"@id\":\"https:\\\/\\\/cranes.lv\\\/#organization\",\"name\":\"Zemitans\",\"url\":\"https:\\\/\\\/cranes.lv\\\/\",\"logo\":{\"@type\":\"ImageObject\",\"inLanguage\":\"lt-LT\",\"@id\":\"https:\\\/\\\/cranes.lv\\\/#\\\/schema\\\/logo\\\/image\\\/\",\"url\":\"https:\\\/\\\/cranes.lv\\\/wp-content\\\/uploads\\\/2024\\\/03\\\/Zemitans-1.svg\",\"contentUrl\":\"https:\\\/\\\/cranes.lv\\\/wp-content\\\/uploads\\\/2024\\\/03\\\/Zemitans-1.svg\",\"width\":300,\"height\":70,\"caption\":\"Zemitans\"},\"image\":{\"@id\":\"https:\\\/\\\/cranes.lv\\\/#\\\/schema\\\/logo\\\/image\\\/\"},\"sameAs\":[\"https:\\\/\\\/www.facebook.com\\\/profile.php?id=61551090123372\"]}]}<\/script>\n<!-- \/ Yoast SEO plugin. -->","yoast_head_json":{"title":"Krano registracija - SIA &quot;Zemit\u0101ns&quot;","description":"Krano registracija | SIA \"Zemit\u0101ns\" | hoists and bridge cranes | SWF Krantechnik","robots":{"index":"index","follow":"follow","max-snippet":"max-snippet:-1","max-image-preview":"max-image-preview:large","max-video-preview":"max-video-preview:-1"},"canonical":"https:\/\/cranes.lv\/krano-registracija\/","og_locale":"lt_LT","og_type":"article","og_title":"Krano registracija - SIA &quot;Zemit\u0101ns&quot;","og_description":"Krano registracija | SIA \"Zemit\u0101ns\" | hoists and bridge cranes | SWF Krantechnik","og_url":"https:\/\/cranes.lv\/krano-registracija\/","og_site_name":"SIA &quot;Zemit\u0101ns&quot;","article_publisher":"https:\/\/www.facebook.com\/profile.php?id=61551090123372","article_modified_time":"2024-04-21T18:00:26+00:00","twitter_card":"summary_large_image","twitter_misc":{"Est. reading time":"1 minut\u0117"},"schema":{"@context":"https:\/\/schema.org","@graph":[{"@type":"WebPage","@id":"https:\/\/cranes.lv\/krano-registracija\/","url":"https:\/\/cranes.lv\/krano-registracija\/","name":"Krano registracija - SIA &quot;Zemit\u0101ns&quot;","isPartOf":{"@id":"https:\/\/cranes.lv\/#website"},"datePublished":"2024-03-20T10:27:15+00:00","dateModified":"2024-04-21T18:00:26+00:00","description":"Krano registracija | SIA \"Zemit\u0101ns\" | hoists and bridge cranes | SWF Krantechnik","breadcrumb":{"@id":"https:\/\/cranes.lv\/krano-registracija\/#breadcrumb"},"inLanguage":"lt-LT","potentialAction":[{"@type":"ReadAction","target":["https:\/\/cranes.lv\/krano-registracija\/"]}]},{"@type":"BreadcrumbList","@id":"https:\/\/cranes.lv\/krano-registracija\/#breadcrumb","itemListElement":[{"@type":"ListItem","position":1,"name":"\u0413\u043b\u0430\u0432\u043d\u0430\u044f \u0441\u0442\u0440\u0430\u043d\u0438\u0446\u0430","item":"https:\/\/cranes.lv\/lt\/"},{"@type":"ListItem","position":2,"name":"Krano registracija"}]},{"@type":"WebSite","@id":"https:\/\/cranes.lv\/#website","url":"https:\/\/cranes.lv\/","name":"Zemitans","description":"","publisher":{"@id":"https:\/\/cranes.lv\/#organization"},"potentialAction":[{"@type":"SearchAction","target":{"@type":"EntryPoint","urlTemplate":"https:\/\/cranes.lv\/?s={search_term_string}"},"query-input":{"@type":"PropertyValueSpecification","valueRequired":true,"valueName":"search_term_string"}}],"inLanguage":"lt-LT"},{"@type":"Organization","@id":"https:\/\/cranes.lv\/#organization","name":"Zemitans","url":"https:\/\/cranes.lv\/","logo":{"@type":"ImageObject","inLanguage":"lt-LT","@id":"https:\/\/cranes.lv\/#\/schema\/logo\/image\/","url":"https:\/\/cranes.lv\/wp-content\/uploads\/2024\/03\/Zemitans-1.svg","contentUrl":"https:\/\/cranes.lv\/wp-content\/uploads\/2024\/03\/Zemitans-1.svg","width":300,"height":70,"caption":"Zemitans"},"image":{"@id":"https:\/\/cranes.lv\/#\/schema\/logo\/image\/"},"sameAs":["https:\/\/www.facebook.com\/profile.php?id=61551090123372"]}]}},"jetpack_sharing_enabled":true,"_links":{"self":[{"href":"https:\/\/cranes.lv\/lt\/wp-json\/wp\/v2\/pages\/989297","targetHints":{"allow":["GET"]}}],"collection":[{"href":"https:\/\/cranes.lv\/lt\/wp-json\/wp\/v2\/pages"}],"about":[{"href":"https:\/\/cranes.lv\/lt\/wp-json\/wp\/v2\/types\/page"}],"author":[{"embeddable":true,"href":"https:\/\/cranes.lv\/lt\/wp-json\/wp\/v2\/users\/247047761"}],"replies":[{"embeddable":true,"href":"https:\/\/cranes.lv\/lt\/wp-json\/wp\/v2\/comments?post=989297"}],"version-history":[{"count":5,"href":"https:\/\/cranes.lv\/lt\/wp-json\/wp\/v2\/pages\/989297\/revisions"}],"predecessor-version":[{"id":990513,"href":"https:\/\/cranes.lv\/lt\/wp-json\/wp\/v2\/pages\/989297\/revisions\/990513"}],"wp:attachment":[{"href":"https:\/\/cranes.lv\/lt\/wp-json\/wp\/v2\/media?parent=989297"}],"curies":[{"name":"wp","href":"https:\/\/api.w.org\/{rel}","templated":true}]}}