{"id":989289,"date":"2024-03-20T12:25:42","date_gmt":"2024-03-20T10:25:42","guid":{"rendered":"https:\/\/cranes.lv\/?page_id=989289"},"modified":"2024-04-21T21:00:16","modified_gmt":"2024-04-21T18:00:16","slug":"projektai-virsutiniai-kranai","status":"publish","type":"page","link":"https:\/\/cranes.lv\/lt\/projektai-virsutiniai-kranai\/","title":{"rendered":"Krano projektavimas"},"content":{"rendered":"<div class=\"vgblk-rw-wrapper limit-wrapper\">\r\n<h3>\r\n\tProjektai <br \/><strong>vir\u0161utiniai kranai<\/strong>\r\n\t<\/h3>\r\n\tU\u017esakovui pageidaujant, esame pasiruo\u0161\u0119 prad\u0117ti kurti sutart\u0105 krano projekt\u0105, atitinkant\u012f jo \u012frengimo viet\u0105 ir u\u017etikrinant\u012f reikiam\u0105 saugos lyg\u012f bei funkcinius ir techninius reikalavimus.\r\nM\u016bs\u0173 specialist\u0173 komanda turi auk\u0161t\u0105 profesionalum\u0105 ir patirt\u012f, kuri leid\u017eia greitai ir efektyviai parengti projekt\u0105, atsi\u017evelgiant \u012f grie\u017e\u010diausius klient\u0173 pageidavimus. Garantuojame, kad krano konfig\u016bracija bus kuo tinkamesn\u0117 ir efektyvesn\u0117 konkre\u010dioms u\u017eduotims atlikti.\r\nNor\u0117dami u\u017esisakyti reikiam\u0105 \u012frang\u0105, u\u017epildykite krano u\u017esakymo form\u0105, kuri\u0105 galite atsisi\u0173sti ir u\u017epildyti m\u016bs\u0173 svetain\u0117je, ir atsi\u0173skite mums el. pa\u0161t\u0173. U\u017etikrinsime operatyv\u0173 J\u016bs\u0173 u\u017esakymo apdorojim\u0105 ir atsakysime \u012f visus J\u016bs\u0173 klausimus.\r\nProjektuotoj\u0173 patogumui pateikiame papildomos informacijos, \u012fskaitant krano rat\u0173 apkrovas, taip pat AutoCad programoje padarytus br\u0117\u017einius. Tai pad\u0117s jums geriau susipa\u017einti su projektu ir u\u017etikrinti, kad jis atitikt\u0173 j\u016bs\u0173 reikalavimus ir l\u016bkes\u010dius.\r\nSiekiame, kad kiekvienas m\u016bs\u0173 klientas gaut\u0173 ideal\u0173 sprendim\u0105, atitinkant\u012f jo poreikius ir u\u017etikrinant\u012f patikimum\u0105 bei saugum\u0105. D\u0117kojame, kad pasirinkote m\u016bs\u0173 \u012fmon\u0119 ir garantuojame auk\u0161\u010diausi\u0105 paslaug\u0173 ir produkt\u0173 kokyb\u0119.\r\n\r\n<\/div><!-- .vgblk-rw-wrapper -->","protected":false},"excerpt":{"rendered":"<p>Projektai vir\u0161utiniai kranai U\u017esakovui pageidaujant, esame pasiruo\u0161\u0119 prad\u0117ti kurti sutart\u0105 krano projekt\u0105, atitinkant\u012f jo \u012frengimo viet\u0105 ir u\u017etikrinant\u012f reikiam\u0105 saugos lyg\u012f bei funkcinius ir techninius reikalavimus. M\u016bs\u0173 specialist\u0173 komanda turi auk\u0161t\u0105 profesionalum\u0105 ir patirt\u012f, kuri leid\u017eia greitai ir efektyviai parengti projekt\u0105, atsi\u017evelgiant \u012f grie\u017e\u010diausius klient\u0173 pageidavimus. Garantuojame, kad krano konfig\u016bracija bus kuo tinkamesn\u0117 ir efektyvesn\u0117&#8230;<\/p>\n","protected":false},"author":247047761,"featured_media":0,"parent":0,"menu_order":0,"comment_status":"closed","ping_status":"closed","template":"","meta":{"_acf_changed":false,"_crdt_document":"","inline_featured_image":false,"footnotes":""},"class_list":["post-989289","page","type-page","status-publish","hentry"],"acf":[],"yoast_head":"<!-- This site is optimized with the Yoast SEO plugin v27.6 - https:\/\/yoast.com\/product\/yoast-seo-wordpress\/ -->\n<title>Krano projektavimas - SIA &quot;Zemit\u0101ns&quot;<\/title>\n<meta name=\"description\" content=\"Projektai vir\u0161utiniai kranai | SIA &quot;Zemit\u0101ns&quot; | hoists and bridge cranes | SWF Krantechnik\" \/>\n<meta name=\"robots\" content=\"index, follow, max-snippet:-1, max-image-preview:large, max-video-preview:-1\" \/>\n<link rel=\"canonical\" href=\"https:\/\/cranes.lv\/projektai-virsutiniai-kranai\/\" \/>\n<meta property=\"og:locale\" content=\"lt_LT\" \/>\n<meta property=\"og:type\" content=\"article\" \/>\n<meta property=\"og:title\" content=\"Krano projektavimas - SIA &quot;Zemit\u0101ns&quot;\" \/>\n<meta property=\"og:description\" content=\"Projektai vir\u0161utiniai kranai | SIA &quot;Zemit\u0101ns&quot; | hoists and bridge cranes | SWF Krantechnik\" \/>\n<meta property=\"og:url\" content=\"https:\/\/cranes.lv\/projektai-virsutiniai-kranai\/\" \/>\n<meta property=\"og:site_name\" content=\"SIA &quot;Zemit\u0101ns&quot;\" \/>\n<meta property=\"article:publisher\" content=\"https:\/\/www.facebook.com\/profile.php?id=61551090123372\" \/>\n<meta property=\"article:modified_time\" content=\"2024-04-21T18:00:16+00:00\" \/>\n<meta name=\"twitter:card\" content=\"summary_large_image\" \/>\n<meta name=\"twitter:label1\" content=\"Est. reading time\" \/>\n\t<meta name=\"twitter:data1\" content=\"1 minut\u0117\" \/>\n<script type=\"application\/ld+json\" class=\"yoast-schema-graph\">{\"@context\":\"https:\\\/\\\/schema.org\",\"@graph\":[{\"@type\":\"WebPage\",\"@id\":\"https:\\\/\\\/cranes.lv\\\/projektai-virsutiniai-kranai\\\/\",\"url\":\"https:\\\/\\\/cranes.lv\\\/projektai-virsutiniai-kranai\\\/\",\"name\":\"Krano projektavimas - SIA &quot;Zemit\u0101ns&quot;\",\"isPartOf\":{\"@id\":\"https:\\\/\\\/cranes.lv\\\/#website\"},\"datePublished\":\"2024-03-20T10:25:42+00:00\",\"dateModified\":\"2024-04-21T18:00:16+00:00\",\"description\":\"Projektai vir\u0161utiniai kranai | SIA \\\"Zemit\u0101ns\\\" | hoists and bridge cranes | SWF Krantechnik\",\"breadcrumb\":{\"@id\":\"https:\\\/\\\/cranes.lv\\\/projektai-virsutiniai-kranai\\\/#breadcrumb\"},\"inLanguage\":\"lt-LT\",\"potentialAction\":[{\"@type\":\"ReadAction\",\"target\":[\"https:\\\/\\\/cranes.lv\\\/projektai-virsutiniai-kranai\\\/\"]}]},{\"@type\":\"BreadcrumbList\",\"@id\":\"https:\\\/\\\/cranes.lv\\\/projektai-virsutiniai-kranai\\\/#breadcrumb\",\"itemListElement\":[{\"@type\":\"ListItem\",\"position\":1,\"name\":\"\u0413\u043b\u0430\u0432\u043d\u0430\u044f \u0441\u0442\u0440\u0430\u043d\u0438\u0446\u0430\",\"item\":\"https:\\\/\\\/cranes.lv\\\/lt\\\/\"},{\"@type\":\"ListItem\",\"position\":2,\"name\":\"Krano projektavimas\"}]},{\"@type\":\"WebSite\",\"@id\":\"https:\\\/\\\/cranes.lv\\\/#website\",\"url\":\"https:\\\/\\\/cranes.lv\\\/\",\"name\":\"Zemitans\",\"description\":\"\",\"publisher\":{\"@id\":\"https:\\\/\\\/cranes.lv\\\/#organization\"},\"potentialAction\":[{\"@type\":\"SearchAction\",\"target\":{\"@type\":\"EntryPoint\",\"urlTemplate\":\"https:\\\/\\\/cranes.lv\\\/?s={search_term_string}\"},\"query-input\":{\"@type\":\"PropertyValueSpecification\",\"valueRequired\":true,\"valueName\":\"search_term_string\"}}],\"inLanguage\":\"lt-LT\"},{\"@type\":\"Organization\",\"@id\":\"https:\\\/\\\/cranes.lv\\\/#organization\",\"name\":\"Zemitans\",\"url\":\"https:\\\/\\\/cranes.lv\\\/\",\"logo\":{\"@type\":\"ImageObject\",\"inLanguage\":\"lt-LT\",\"@id\":\"https:\\\/\\\/cranes.lv\\\/#\\\/schema\\\/logo\\\/image\\\/\",\"url\":\"https:\\\/\\\/cranes.lv\\\/wp-content\\\/uploads\\\/2024\\\/03\\\/Zemitans-1.svg\",\"contentUrl\":\"https:\\\/\\\/cranes.lv\\\/wp-content\\\/uploads\\\/2024\\\/03\\\/Zemitans-1.svg\",\"width\":300,\"height\":70,\"caption\":\"Zemitans\"},\"image\":{\"@id\":\"https:\\\/\\\/cranes.lv\\\/#\\\/schema\\\/logo\\\/image\\\/\"},\"sameAs\":[\"https:\\\/\\\/www.facebook.com\\\/profile.php?id=61551090123372\"]}]}<\/script>\n<!-- \/ Yoast SEO plugin. -->","yoast_head_json":{"title":"Krano projektavimas - SIA &quot;Zemit\u0101ns&quot;","description":"Projektai vir\u0161utiniai kranai | SIA \"Zemit\u0101ns\" | hoists and bridge cranes | SWF Krantechnik","robots":{"index":"index","follow":"follow","max-snippet":"max-snippet:-1","max-image-preview":"max-image-preview:large","max-video-preview":"max-video-preview:-1"},"canonical":"https:\/\/cranes.lv\/projektai-virsutiniai-kranai\/","og_locale":"lt_LT","og_type":"article","og_title":"Krano projektavimas - SIA &quot;Zemit\u0101ns&quot;","og_description":"Projektai vir\u0161utiniai kranai | SIA \"Zemit\u0101ns\" | hoists and bridge cranes | SWF Krantechnik","og_url":"https:\/\/cranes.lv\/projektai-virsutiniai-kranai\/","og_site_name":"SIA &quot;Zemit\u0101ns&quot;","article_publisher":"https:\/\/www.facebook.com\/profile.php?id=61551090123372","article_modified_time":"2024-04-21T18:00:16+00:00","twitter_card":"summary_large_image","twitter_misc":{"Est. reading time":"1 minut\u0117"},"schema":{"@context":"https:\/\/schema.org","@graph":[{"@type":"WebPage","@id":"https:\/\/cranes.lv\/projektai-virsutiniai-kranai\/","url":"https:\/\/cranes.lv\/projektai-virsutiniai-kranai\/","name":"Krano projektavimas - SIA &quot;Zemit\u0101ns&quot;","isPartOf":{"@id":"https:\/\/cranes.lv\/#website"},"datePublished":"2024-03-20T10:25:42+00:00","dateModified":"2024-04-21T18:00:16+00:00","description":"Projektai vir\u0161utiniai kranai | SIA \"Zemit\u0101ns\" | hoists and bridge cranes | SWF Krantechnik","breadcrumb":{"@id":"https:\/\/cranes.lv\/projektai-virsutiniai-kranai\/#breadcrumb"},"inLanguage":"lt-LT","potentialAction":[{"@type":"ReadAction","target":["https:\/\/cranes.lv\/projektai-virsutiniai-kranai\/"]}]},{"@type":"BreadcrumbList","@id":"https:\/\/cranes.lv\/projektai-virsutiniai-kranai\/#breadcrumb","itemListElement":[{"@type":"ListItem","position":1,"name":"\u0413\u043b\u0430\u0432\u043d\u0430\u044f \u0441\u0442\u0440\u0430\u043d\u0438\u0446\u0430","item":"https:\/\/cranes.lv\/lt\/"},{"@type":"ListItem","position":2,"name":"Krano projektavimas"}]},{"@type":"WebSite","@id":"https:\/\/cranes.lv\/#website","url":"https:\/\/cranes.lv\/","name":"Zemitans","description":"","publisher":{"@id":"https:\/\/cranes.lv\/#organization"},"potentialAction":[{"@type":"SearchAction","target":{"@type":"EntryPoint","urlTemplate":"https:\/\/cranes.lv\/?s={search_term_string}"},"query-input":{"@type":"PropertyValueSpecification","valueRequired":true,"valueName":"search_term_string"}}],"inLanguage":"lt-LT"},{"@type":"Organization","@id":"https:\/\/cranes.lv\/#organization","name":"Zemitans","url":"https:\/\/cranes.lv\/","logo":{"@type":"ImageObject","inLanguage":"lt-LT","@id":"https:\/\/cranes.lv\/#\/schema\/logo\/image\/","url":"https:\/\/cranes.lv\/wp-content\/uploads\/2024\/03\/Zemitans-1.svg","contentUrl":"https:\/\/cranes.lv\/wp-content\/uploads\/2024\/03\/Zemitans-1.svg","width":300,"height":70,"caption":"Zemitans"},"image":{"@id":"https:\/\/cranes.lv\/#\/schema\/logo\/image\/"},"sameAs":["https:\/\/www.facebook.com\/profile.php?id=61551090123372"]}]}},"jetpack_sharing_enabled":true,"_links":{"self":[{"href":"https:\/\/cranes.lv\/lt\/wp-json\/wp\/v2\/pages\/989289","targetHints":{"allow":["GET"]}}],"collection":[{"href":"https:\/\/cranes.lv\/lt\/wp-json\/wp\/v2\/pages"}],"about":[{"href":"https:\/\/cranes.lv\/lt\/wp-json\/wp\/v2\/types\/page"}],"author":[{"embeddable":true,"href":"https:\/\/cranes.lv\/lt\/wp-json\/wp\/v2\/users\/247047761"}],"replies":[{"embeddable":true,"href":"https:\/\/cranes.lv\/lt\/wp-json\/wp\/v2\/comments?post=989289"}],"version-history":[{"count":5,"href":"https:\/\/cranes.lv\/lt\/wp-json\/wp\/v2\/pages\/989289\/revisions"}],"predecessor-version":[{"id":990508,"href":"https:\/\/cranes.lv\/lt\/wp-json\/wp\/v2\/pages\/989289\/revisions\/990508"}],"wp:attachment":[{"href":"https:\/\/cranes.lv\/lt\/wp-json\/wp\/v2\/media?parent=989289"}],"curies":[{"name":"wp","href":"https:\/\/api.w.org\/{rel}","templated":true}]}}