{"id":989279,"date":"2024-03-20T12:23:52","date_gmt":"2024-03-20T10:23:52","guid":{"rendered":"https:\/\/cranes.lv\/?page_id=989279"},"modified":"2024-04-23T18:47:46","modified_gmt":"2024-04-23T15:47:46","slug":"kranu-marsrutai","status":"publish","type":"page","link":"https:\/\/cranes.lv\/lt\/kranu-marsrutai\/","title":{"rendered":"Pokraniniai keliai"},"content":{"rendered":"<div class=\"vgblk-rw-wrapper limit-wrapper\">\r\n<h3>\r\n\tPokraniniai <br \/><strong> keliai  <\/strong>\r\n\t<\/h3>\r\n\tKokybi\u0161kas krano kilimo ir t\u016bpimo takas yra raktas \u012f patikim\u0105 ir ilgalaik\u012f kran\u0173 \u012frangos veikim\u0105. K\u0117limo mechanizm\u0173 tarnavimo laikas priklauso ir nuo pokranin\u0173 keli\u0173 b\u016bkl\u0117s. B\u016bkl\u0117s steb\u0117jimas ir remontas pagal gamintoj\u0173 reikalavimus padidins J\u016bs\u0173 krano \u012frangos efektyvum\u0105 ir tarnavimo laik\u0105.\r\n<strong>Pokranini\u0173 keli\u0173 projektavimas, gamyba, montavimas ir remontas<\/strong> yra viena i\u0161 pagrindini\u0173 m\u016bs\u0173 \u012fmon\u0117s veikl\u0173.\r\n\u2022 Si\u016blome pl\u0117toti krano kilimo ir t\u016bpimo tako projekt\u0105;\r\n\u2022 Kran\u0173 tak\u0173 \u012frengimas pagal projekt\u0105;\r\n\u2022 Kran\u0173 keli\u0173 remontas;\r\n\u2022 Kran\u0173 keli\u0173 geometrijos atk\u016brimas;\r\n\u2022 Si\u016blome j\u016bs\u0173 pastato konstrukcij\u0173 ap\u017ei\u016bros paslaugas, kad gal\u0117tume pasi\u016blyti optimal\u0173 krano projekt\u0105, suprojektuoti ir \u012frengti krano kilimo ir t\u016bpimo kelius.\r\n<strong>Krano keliai yra b\u0117gi\u0173 kelias, kuriuo juda kranai<\/strong>. Kran\u0173 keliai yra k\u0117limo mechanizm\u0173 tvirtinimo (montavimo) pagrindas &#8211; t.y. vir\u0161utiniai kranai. Jie tarnauja kaip krano k\u0117limo \u012frangos jud\u0117jimo vadovai.\r\n\r\n<\/div><!-- .vgblk-rw-wrapper -->","protected":false},"excerpt":{"rendered":"<p>Pokraniniai keliai Kokybi\u0161kas krano kilimo ir t\u016bpimo takas yra raktas \u012f patikim\u0105 ir ilgalaik\u012f kran\u0173 \u012frangos veikim\u0105. K\u0117limo mechanizm\u0173 tarnavimo laikas priklauso ir nuo pokranin\u0173 keli\u0173 b\u016bkl\u0117s. B\u016bkl\u0117s steb\u0117jimas ir remontas pagal gamintoj\u0173 reikalavimus padidins J\u016bs\u0173 krano \u012frangos efektyvum\u0105 ir tarnavimo laik\u0105. Pokranini\u0173 keli\u0173 projektavimas, gamyba, montavimas ir remontas yra viena i\u0161 pagrindini\u0173 m\u016bs\u0173 \u012fmon\u0117s&#8230;<\/p>\n","protected":false},"author":247047761,"featured_media":0,"parent":0,"menu_order":0,"comment_status":"closed","ping_status":"closed","template":"","meta":{"_acf_changed":false,"_crdt_document":"","inline_featured_image":false,"footnotes":""},"class_list":["post-989279","page","type-page","status-publish","hentry"],"acf":[],"yoast_head":"<!-- This site is optimized with the Yoast SEO plugin v27.5 - https:\/\/yoast.com\/product\/yoast-seo-wordpress\/ -->\n<title>Pokraniniai keliai - SIA &quot;Zemit\u0101ns&quot;<\/title>\n<meta name=\"description\" content=\"Kran\u0173 mar\u0161rutai | SIA &quot;Zemit\u0101ns&quot; | hoists and bridge cranes | SWF Krantechnik\" \/>\n<meta name=\"robots\" content=\"index, follow, max-snippet:-1, max-image-preview:large, max-video-preview:-1\" \/>\n<link rel=\"canonical\" href=\"https:\/\/cranes.lv\/kranu-marsrutai\/\" \/>\n<meta property=\"og:locale\" content=\"lt_LT\" \/>\n<meta property=\"og:type\" content=\"article\" \/>\n<meta property=\"og:title\" content=\"Pokraniniai keliai - SIA &quot;Zemit\u0101ns&quot;\" \/>\n<meta property=\"og:description\" content=\"Kran\u0173 mar\u0161rutai | SIA &quot;Zemit\u0101ns&quot; | hoists and bridge cranes | SWF Krantechnik\" \/>\n<meta property=\"og:url\" content=\"https:\/\/cranes.lv\/kranu-marsrutai\/\" \/>\n<meta property=\"og:site_name\" content=\"SIA &quot;Zemit\u0101ns&quot;\" \/>\n<meta property=\"article:publisher\" content=\"https:\/\/www.facebook.com\/profile.php?id=61551090123372\" \/>\n<meta property=\"article:modified_time\" content=\"2024-04-23T15:47:46+00:00\" \/>\n<meta name=\"twitter:card\" content=\"summary_large_image\" \/>\n<meta name=\"twitter:label1\" content=\"Est. reading time\" \/>\n\t<meta name=\"twitter:data1\" content=\"1 minut\u0117\" \/>\n<script type=\"application\/ld+json\" class=\"yoast-schema-graph\">{\"@context\":\"https:\\\/\\\/schema.org\",\"@graph\":[{\"@type\":\"WebPage\",\"@id\":\"https:\\\/\\\/cranes.lv\\\/kranu-marsrutai\\\/\",\"url\":\"https:\\\/\\\/cranes.lv\\\/kranu-marsrutai\\\/\",\"name\":\"Pokraniniai keliai - SIA &quot;Zemit\u0101ns&quot;\",\"isPartOf\":{\"@id\":\"https:\\\/\\\/cranes.lv\\\/#website\"},\"datePublished\":\"2024-03-20T10:23:52+00:00\",\"dateModified\":\"2024-04-23T15:47:46+00:00\",\"description\":\"Kran\u0173 mar\u0161rutai | SIA \\\"Zemit\u0101ns\\\" | hoists and bridge cranes | SWF Krantechnik\",\"breadcrumb\":{\"@id\":\"https:\\\/\\\/cranes.lv\\\/kranu-marsrutai\\\/#breadcrumb\"},\"inLanguage\":\"lt-LT\",\"potentialAction\":[{\"@type\":\"ReadAction\",\"target\":[\"https:\\\/\\\/cranes.lv\\\/kranu-marsrutai\\\/\"]}]},{\"@type\":\"BreadcrumbList\",\"@id\":\"https:\\\/\\\/cranes.lv\\\/kranu-marsrutai\\\/#breadcrumb\",\"itemListElement\":[{\"@type\":\"ListItem\",\"position\":1,\"name\":\"\u0413\u043b\u0430\u0432\u043d\u0430\u044f \u0441\u0442\u0440\u0430\u043d\u0438\u0446\u0430\",\"item\":\"https:\\\/\\\/cranes.lv\\\/lt\\\/\"},{\"@type\":\"ListItem\",\"position\":2,\"name\":\"Pokraniniai keliai\"}]},{\"@type\":\"WebSite\",\"@id\":\"https:\\\/\\\/cranes.lv\\\/#website\",\"url\":\"https:\\\/\\\/cranes.lv\\\/\",\"name\":\"Zemitans\",\"description\":\"\",\"publisher\":{\"@id\":\"https:\\\/\\\/cranes.lv\\\/#organization\"},\"potentialAction\":[{\"@type\":\"SearchAction\",\"target\":{\"@type\":\"EntryPoint\",\"urlTemplate\":\"https:\\\/\\\/cranes.lv\\\/?s={search_term_string}\"},\"query-input\":{\"@type\":\"PropertyValueSpecification\",\"valueRequired\":true,\"valueName\":\"search_term_string\"}}],\"inLanguage\":\"lt-LT\"},{\"@type\":\"Organization\",\"@id\":\"https:\\\/\\\/cranes.lv\\\/#organization\",\"name\":\"Zemitans\",\"url\":\"https:\\\/\\\/cranes.lv\\\/\",\"logo\":{\"@type\":\"ImageObject\",\"inLanguage\":\"lt-LT\",\"@id\":\"https:\\\/\\\/cranes.lv\\\/#\\\/schema\\\/logo\\\/image\\\/\",\"url\":\"https:\\\/\\\/cranes.lv\\\/wp-content\\\/uploads\\\/2024\\\/03\\\/Zemitans-1.svg\",\"contentUrl\":\"https:\\\/\\\/cranes.lv\\\/wp-content\\\/uploads\\\/2024\\\/03\\\/Zemitans-1.svg\",\"width\":300,\"height\":70,\"caption\":\"Zemitans\"},\"image\":{\"@id\":\"https:\\\/\\\/cranes.lv\\\/#\\\/schema\\\/logo\\\/image\\\/\"},\"sameAs\":[\"https:\\\/\\\/www.facebook.com\\\/profile.php?id=61551090123372\"]}]}<\/script>\n<!-- \/ Yoast SEO plugin. -->","yoast_head_json":{"title":"Pokraniniai keliai - SIA &quot;Zemit\u0101ns&quot;","description":"Kran\u0173 mar\u0161rutai | SIA \"Zemit\u0101ns\" | hoists and bridge cranes | SWF Krantechnik","robots":{"index":"index","follow":"follow","max-snippet":"max-snippet:-1","max-image-preview":"max-image-preview:large","max-video-preview":"max-video-preview:-1"},"canonical":"https:\/\/cranes.lv\/kranu-marsrutai\/","og_locale":"lt_LT","og_type":"article","og_title":"Pokraniniai keliai - SIA &quot;Zemit\u0101ns&quot;","og_description":"Kran\u0173 mar\u0161rutai | SIA \"Zemit\u0101ns\" | hoists and bridge cranes | SWF Krantechnik","og_url":"https:\/\/cranes.lv\/kranu-marsrutai\/","og_site_name":"SIA &quot;Zemit\u0101ns&quot;","article_publisher":"https:\/\/www.facebook.com\/profile.php?id=61551090123372","article_modified_time":"2024-04-23T15:47:46+00:00","twitter_card":"summary_large_image","twitter_misc":{"Est. reading time":"1 minut\u0117"},"schema":{"@context":"https:\/\/schema.org","@graph":[{"@type":"WebPage","@id":"https:\/\/cranes.lv\/kranu-marsrutai\/","url":"https:\/\/cranes.lv\/kranu-marsrutai\/","name":"Pokraniniai keliai - SIA &quot;Zemit\u0101ns&quot;","isPartOf":{"@id":"https:\/\/cranes.lv\/#website"},"datePublished":"2024-03-20T10:23:52+00:00","dateModified":"2024-04-23T15:47:46+00:00","description":"Kran\u0173 mar\u0161rutai | SIA \"Zemit\u0101ns\" | hoists and bridge cranes | SWF Krantechnik","breadcrumb":{"@id":"https:\/\/cranes.lv\/kranu-marsrutai\/#breadcrumb"},"inLanguage":"lt-LT","potentialAction":[{"@type":"ReadAction","target":["https:\/\/cranes.lv\/kranu-marsrutai\/"]}]},{"@type":"BreadcrumbList","@id":"https:\/\/cranes.lv\/kranu-marsrutai\/#breadcrumb","itemListElement":[{"@type":"ListItem","position":1,"name":"\u0413\u043b\u0430\u0432\u043d\u0430\u044f \u0441\u0442\u0440\u0430\u043d\u0438\u0446\u0430","item":"https:\/\/cranes.lv\/lt\/"},{"@type":"ListItem","position":2,"name":"Pokraniniai keliai"}]},{"@type":"WebSite","@id":"https:\/\/cranes.lv\/#website","url":"https:\/\/cranes.lv\/","name":"Zemitans","description":"","publisher":{"@id":"https:\/\/cranes.lv\/#organization"},"potentialAction":[{"@type":"SearchAction","target":{"@type":"EntryPoint","urlTemplate":"https:\/\/cranes.lv\/?s={search_term_string}"},"query-input":{"@type":"PropertyValueSpecification","valueRequired":true,"valueName":"search_term_string"}}],"inLanguage":"lt-LT"},{"@type":"Organization","@id":"https:\/\/cranes.lv\/#organization","name":"Zemitans","url":"https:\/\/cranes.lv\/","logo":{"@type":"ImageObject","inLanguage":"lt-LT","@id":"https:\/\/cranes.lv\/#\/schema\/logo\/image\/","url":"https:\/\/cranes.lv\/wp-content\/uploads\/2024\/03\/Zemitans-1.svg","contentUrl":"https:\/\/cranes.lv\/wp-content\/uploads\/2024\/03\/Zemitans-1.svg","width":300,"height":70,"caption":"Zemitans"},"image":{"@id":"https:\/\/cranes.lv\/#\/schema\/logo\/image\/"},"sameAs":["https:\/\/www.facebook.com\/profile.php?id=61551090123372"]}]}},"jetpack_sharing_enabled":true,"_links":{"self":[{"href":"https:\/\/cranes.lv\/lt\/wp-json\/wp\/v2\/pages\/989279","targetHints":{"allow":["GET"]}}],"collection":[{"href":"https:\/\/cranes.lv\/lt\/wp-json\/wp\/v2\/pages"}],"about":[{"href":"https:\/\/cranes.lv\/lt\/wp-json\/wp\/v2\/types\/page"}],"author":[{"embeddable":true,"href":"https:\/\/cranes.lv\/lt\/wp-json\/wp\/v2\/users\/247047761"}],"replies":[{"embeddable":true,"href":"https:\/\/cranes.lv\/lt\/wp-json\/wp\/v2\/comments?post=989279"}],"version-history":[{"count":8,"href":"https:\/\/cranes.lv\/lt\/wp-json\/wp\/v2\/pages\/989279\/revisions"}],"predecessor-version":[{"id":990907,"href":"https:\/\/cranes.lv\/lt\/wp-json\/wp\/v2\/pages\/989279\/revisions\/990907"}],"wp:attachment":[{"href":"https:\/\/cranes.lv\/lt\/wp-json\/wp\/v2\/media?parent=989279"}],"curies":[{"name":"wp","href":"https:\/\/api.w.org\/{rel}","templated":true}]}}