{"id":989261,"date":"2024-04-01T17:13:49","date_gmt":"2024-04-01T14:13:49","guid":{"rendered":"https:\/\/cranes.lv\/?page_id=989261"},"modified":"2024-04-21T21:01:26","modified_gmt":"2024-04-21T18:01:26","slug":"kranu-modernizavimas","status":"publish","type":"page","link":"https:\/\/cranes.lv\/lt\/kranu-modernizavimas\/","title":{"rendered":"Kran\u0173 modernizavimas"},"content":{"rendered":"<div class=\"vgblk-rw-wrapper limit-wrapper\">\r\n<h3>Kran\u0173 modernizavimas- <br \/><strong>patikimas ir pelningas sprendimas <\/strong><\/h3>\r\n<p>M\u016bs\u0173 \u012fmon\u0117s specialist\u0173 atliktas kran\u0173 modernizavimas leid\u017eia padidinti j\u016bs\u0173 krano patikimum\u0105, saugum\u0105 ir na\u0161um\u0105. Atliekame bet kurio gamintojo kran\u0173 modernizavim\u0105 pagal u\u017esakovo pageidavimus ir reikalavimus. Atnaujin\u0119 kran\u0105 turite galimyb\u0119 pagerinti jo technines charakteristikas, eksploatavimo saugum\u0105 ir energijos s\u0105naudas. D\u0117l modernizavimo kranas priartinamas prie \u0161iuolaikini\u0173 reikalavim\u0173 tiek technologijos, tiek krano eksploatavimo trukm\u0117s at\u017evilgiu, suma\u017e\u0117ja i\u0161laidos, susijusios su krano eksploatavimu ir prie\u017ei\u016bra. Modernizavimo d\u0117ka pasieksite \u0161iuos rezultatus: \u2022 prailginti krano \u012frangos tarnavimo laik\u0105; \u2022 u\u017etikrinti, kad kranas atitikt\u0173 \u0161iuolaikinius saugos reikalavimus dirbant su k\u0117limo \u012franga; \u2022 padidinti kran\u0173 patikimum\u0105; \u2022 mok\u0117ti \u012fgyvendinti nestandartinius sprendimus, atitinkan\u010dius gamybos reikalavimus; \u2022 gerinti krano valdym\u0105; \u2022 pasiekti geresn\u012f krovinio matomum\u0105 krano operatoriui, sudaryti jam saugias ir ergonomi\u0161kas darbo s\u0105lygas; \u2022 suma\u017einti darbuotoj\u0173, dalyvaujan\u010di\u0173 krovini\u0173 perve\u017eimo procese, skai\u010di\u0173; \u2022 padidinti savo \u012fmon\u0117s produktyvum\u0105; \u2022 suma\u017einti krano prie\u017ei\u016bros i\u0161laidas.<\/p>\r\n<\/div><!-- .vgblk-rw-wrapper -->","protected":false},"excerpt":{"rendered":"<p>Kran\u0173 modernizavimas- patikimas ir pelningas sprendimas M\u016bs\u0173 \u012fmon\u0117s specialist\u0173 atliktas kran\u0173 modernizavimas leid\u017eia padidinti j\u016bs\u0173 krano patikimum\u0105, saugum\u0105 ir na\u0161um\u0105. Atliekame bet kurio gamintojo kran\u0173 modernizavim\u0105 pagal u\u017esakovo pageidavimus ir reikalavimus. Atnaujin\u0119 kran\u0105 turite galimyb\u0119 pagerinti jo technines charakteristikas, eksploatavimo saugum\u0105 ir energijos s\u0105naudas. D\u0117l modernizavimo kranas priartinamas prie \u0161iuolaikini\u0173 reikalavim\u0173 tiek technologijos, tiek krano&#8230;<\/p>\n","protected":false},"author":247047761,"featured_media":0,"parent":0,"menu_order":0,"comment_status":"closed","ping_status":"closed","template":"","meta":{"_acf_changed":false,"_crdt_document":"","inline_featured_image":false,"footnotes":""},"class_list":["post-989261","page","type-page","status-publish","hentry"],"acf":[],"yoast_head":"<!-- This site is optimized with the Yoast SEO plugin v27.6 - https:\/\/yoast.com\/product\/yoast-seo-wordpress\/ -->\n<title>Kran\u0173 modernizavimas - SIA &quot;Zemit\u0101ns&quot;<\/title>\n<meta name=\"description\" content=\"Kran\u0173 modernizavimas | SIA &quot;Zemit\u0101ns&quot; | hoists and bridge cranes | SWF Krantechnik\" \/>\n<meta name=\"robots\" content=\"index, follow, max-snippet:-1, max-image-preview:large, max-video-preview:-1\" \/>\n<link rel=\"canonical\" href=\"https:\/\/cranes.lv\/kranu-modernizavimas\/\" \/>\n<meta property=\"og:locale\" content=\"lt_LT\" \/>\n<meta property=\"og:type\" content=\"article\" \/>\n<meta property=\"og:title\" content=\"Kran\u0173 modernizavimas - SIA &quot;Zemit\u0101ns&quot;\" \/>\n<meta property=\"og:description\" content=\"Kran\u0173 modernizavimas | SIA &quot;Zemit\u0101ns&quot; | hoists and bridge cranes | SWF Krantechnik\" \/>\n<meta property=\"og:url\" content=\"https:\/\/cranes.lv\/kranu-modernizavimas\/\" \/>\n<meta property=\"og:site_name\" content=\"SIA &quot;Zemit\u0101ns&quot;\" \/>\n<meta property=\"article:publisher\" content=\"https:\/\/www.facebook.com\/profile.php?id=61551090123372\" \/>\n<meta property=\"article:modified_time\" content=\"2024-04-21T18:01:26+00:00\" \/>\n<meta name=\"twitter:card\" content=\"summary_large_image\" \/>\n<meta name=\"twitter:label1\" content=\"Est. reading time\" \/>\n\t<meta name=\"twitter:data1\" content=\"1 minut\u0117\" \/>\n<script type=\"application\/ld+json\" class=\"yoast-schema-graph\">{\"@context\":\"https:\\\/\\\/schema.org\",\"@graph\":[{\"@type\":\"WebPage\",\"@id\":\"https:\\\/\\\/cranes.lv\\\/kranu-modernizavimas\\\/\",\"url\":\"https:\\\/\\\/cranes.lv\\\/kranu-modernizavimas\\\/\",\"name\":\"Kran\u0173 modernizavimas - SIA &quot;Zemit\u0101ns&quot;\",\"isPartOf\":{\"@id\":\"https:\\\/\\\/cranes.lv\\\/#website\"},\"datePublished\":\"2024-04-01T14:13:49+00:00\",\"dateModified\":\"2024-04-21T18:01:26+00:00\",\"description\":\"Kran\u0173 modernizavimas | SIA \\\"Zemit\u0101ns\\\" | hoists and bridge cranes | SWF Krantechnik\",\"breadcrumb\":{\"@id\":\"https:\\\/\\\/cranes.lv\\\/kranu-modernizavimas\\\/#breadcrumb\"},\"inLanguage\":\"lt-LT\",\"potentialAction\":[{\"@type\":\"ReadAction\",\"target\":[\"https:\\\/\\\/cranes.lv\\\/kranu-modernizavimas\\\/\"]}]},{\"@type\":\"BreadcrumbList\",\"@id\":\"https:\\\/\\\/cranes.lv\\\/kranu-modernizavimas\\\/#breadcrumb\",\"itemListElement\":[{\"@type\":\"ListItem\",\"position\":1,\"name\":\"\u0413\u043b\u0430\u0432\u043d\u0430\u044f \u0441\u0442\u0440\u0430\u043d\u0438\u0446\u0430\",\"item\":\"https:\\\/\\\/cranes.lv\\\/lt\\\/\"},{\"@type\":\"ListItem\",\"position\":2,\"name\":\"Kran\u0173 modernizavimas\"}]},{\"@type\":\"WebSite\",\"@id\":\"https:\\\/\\\/cranes.lv\\\/#website\",\"url\":\"https:\\\/\\\/cranes.lv\\\/\",\"name\":\"Zemitans\",\"description\":\"\",\"publisher\":{\"@id\":\"https:\\\/\\\/cranes.lv\\\/#organization\"},\"potentialAction\":[{\"@type\":\"SearchAction\",\"target\":{\"@type\":\"EntryPoint\",\"urlTemplate\":\"https:\\\/\\\/cranes.lv\\\/?s={search_term_string}\"},\"query-input\":{\"@type\":\"PropertyValueSpecification\",\"valueRequired\":true,\"valueName\":\"search_term_string\"}}],\"inLanguage\":\"lt-LT\"},{\"@type\":\"Organization\",\"@id\":\"https:\\\/\\\/cranes.lv\\\/#organization\",\"name\":\"Zemitans\",\"url\":\"https:\\\/\\\/cranes.lv\\\/\",\"logo\":{\"@type\":\"ImageObject\",\"inLanguage\":\"lt-LT\",\"@id\":\"https:\\\/\\\/cranes.lv\\\/#\\\/schema\\\/logo\\\/image\\\/\",\"url\":\"https:\\\/\\\/cranes.lv\\\/wp-content\\\/uploads\\\/2024\\\/03\\\/Zemitans-1.svg\",\"contentUrl\":\"https:\\\/\\\/cranes.lv\\\/wp-content\\\/uploads\\\/2024\\\/03\\\/Zemitans-1.svg\",\"width\":300,\"height\":70,\"caption\":\"Zemitans\"},\"image\":{\"@id\":\"https:\\\/\\\/cranes.lv\\\/#\\\/schema\\\/logo\\\/image\\\/\"},\"sameAs\":[\"https:\\\/\\\/www.facebook.com\\\/profile.php?id=61551090123372\"]}]}<\/script>\n<!-- \/ Yoast SEO plugin. -->","yoast_head_json":{"title":"Kran\u0173 modernizavimas - SIA &quot;Zemit\u0101ns&quot;","description":"Kran\u0173 modernizavimas | SIA \"Zemit\u0101ns\" | hoists and bridge cranes | SWF Krantechnik","robots":{"index":"index","follow":"follow","max-snippet":"max-snippet:-1","max-image-preview":"max-image-preview:large","max-video-preview":"max-video-preview:-1"},"canonical":"https:\/\/cranes.lv\/kranu-modernizavimas\/","og_locale":"lt_LT","og_type":"article","og_title":"Kran\u0173 modernizavimas - SIA &quot;Zemit\u0101ns&quot;","og_description":"Kran\u0173 modernizavimas | SIA \"Zemit\u0101ns\" | hoists and bridge cranes | SWF Krantechnik","og_url":"https:\/\/cranes.lv\/kranu-modernizavimas\/","og_site_name":"SIA &quot;Zemit\u0101ns&quot;","article_publisher":"https:\/\/www.facebook.com\/profile.php?id=61551090123372","article_modified_time":"2024-04-21T18:01:26+00:00","twitter_card":"summary_large_image","twitter_misc":{"Est. reading time":"1 minut\u0117"},"schema":{"@context":"https:\/\/schema.org","@graph":[{"@type":"WebPage","@id":"https:\/\/cranes.lv\/kranu-modernizavimas\/","url":"https:\/\/cranes.lv\/kranu-modernizavimas\/","name":"Kran\u0173 modernizavimas - SIA &quot;Zemit\u0101ns&quot;","isPartOf":{"@id":"https:\/\/cranes.lv\/#website"},"datePublished":"2024-04-01T14:13:49+00:00","dateModified":"2024-04-21T18:01:26+00:00","description":"Kran\u0173 modernizavimas | SIA \"Zemit\u0101ns\" | hoists and bridge cranes | SWF Krantechnik","breadcrumb":{"@id":"https:\/\/cranes.lv\/kranu-modernizavimas\/#breadcrumb"},"inLanguage":"lt-LT","potentialAction":[{"@type":"ReadAction","target":["https:\/\/cranes.lv\/kranu-modernizavimas\/"]}]},{"@type":"BreadcrumbList","@id":"https:\/\/cranes.lv\/kranu-modernizavimas\/#breadcrumb","itemListElement":[{"@type":"ListItem","position":1,"name":"\u0413\u043b\u0430\u0432\u043d\u0430\u044f \u0441\u0442\u0440\u0430\u043d\u0438\u0446\u0430","item":"https:\/\/cranes.lv\/lt\/"},{"@type":"ListItem","position":2,"name":"Kran\u0173 modernizavimas"}]},{"@type":"WebSite","@id":"https:\/\/cranes.lv\/#website","url":"https:\/\/cranes.lv\/","name":"Zemitans","description":"","publisher":{"@id":"https:\/\/cranes.lv\/#organization"},"potentialAction":[{"@type":"SearchAction","target":{"@type":"EntryPoint","urlTemplate":"https:\/\/cranes.lv\/?s={search_term_string}"},"query-input":{"@type":"PropertyValueSpecification","valueRequired":true,"valueName":"search_term_string"}}],"inLanguage":"lt-LT"},{"@type":"Organization","@id":"https:\/\/cranes.lv\/#organization","name":"Zemitans","url":"https:\/\/cranes.lv\/","logo":{"@type":"ImageObject","inLanguage":"lt-LT","@id":"https:\/\/cranes.lv\/#\/schema\/logo\/image\/","url":"https:\/\/cranes.lv\/wp-content\/uploads\/2024\/03\/Zemitans-1.svg","contentUrl":"https:\/\/cranes.lv\/wp-content\/uploads\/2024\/03\/Zemitans-1.svg","width":300,"height":70,"caption":"Zemitans"},"image":{"@id":"https:\/\/cranes.lv\/#\/schema\/logo\/image\/"},"sameAs":["https:\/\/www.facebook.com\/profile.php?id=61551090123372"]}]}},"jetpack_sharing_enabled":true,"_links":{"self":[{"href":"https:\/\/cranes.lv\/lt\/wp-json\/wp\/v2\/pages\/989261","targetHints":{"allow":["GET"]}}],"collection":[{"href":"https:\/\/cranes.lv\/lt\/wp-json\/wp\/v2\/pages"}],"about":[{"href":"https:\/\/cranes.lv\/lt\/wp-json\/wp\/v2\/types\/page"}],"author":[{"embeddable":true,"href":"https:\/\/cranes.lv\/lt\/wp-json\/wp\/v2\/users\/247047761"}],"replies":[{"embeddable":true,"href":"https:\/\/cranes.lv\/lt\/wp-json\/wp\/v2\/comments?post=989261"}],"version-history":[{"count":3,"href":"https:\/\/cranes.lv\/lt\/wp-json\/wp\/v2\/pages\/989261\/revisions"}],"predecessor-version":[{"id":989979,"href":"https:\/\/cranes.lv\/lt\/wp-json\/wp\/v2\/pages\/989261\/revisions\/989979"}],"wp:attachment":[{"href":"https:\/\/cranes.lv\/lt\/wp-json\/wp\/v2\/media?parent=989261"}],"curies":[{"name":"wp","href":"https:\/\/api.w.org\/{rel}","templated":true}]}}