{"id":989252,"date":"2024-03-20T12:18:44","date_gmt":"2024-03-20T10:18:44","guid":{"rendered":"https:\/\/cranes.lv\/?page_id=989252"},"modified":"2024-04-21T21:02:36","modified_gmt":"2024-04-21T18:02:36","slug":"originalios-atsargines-dalys","status":"publish","type":"page","link":"https:\/\/cranes.lv\/lt\/originalios-atsargines-dalys\/","title":{"rendered":"Originalios atsargin\u0117s dalys"},"content":{"rendered":"<div class=\"vgblk-rw-wrapper limit-wrapper\">\r\n<h3>Originalios <br \/><strong>atsargin\u0117s dalys <\/strong><\/h3>\r\n<p>M\u016bs\u0173 \u012fmon\u0117je galite \u012fsigyti originali\u0173 SWF Krantechnik gaminam\u0173 pakabinam\u0173 kran\u0173 atsargini\u0173 dali\u0173. Suprantame, kad j\u016bs\u0173 verslui svarbu kokyb\u0117 ir patikimumas. Tod\u0117l visa m\u016bs\u0173 si\u016bloma SWF Krantechnik kran\u0173 k\u0117limo \u012franga ir komponentai atitinka auk\u0161\u010diausius kokyb\u0117s standartus ir saugos reikalavimus. J\u0173 patikimumas ir puikus na\u0161umas yra \u017einomi visame pasaulyje, tod\u0117l jie yra puikus pasirinkimas j\u016bs\u0173 verslui. Siekdami u\u017etikrinti, kad j\u016bs\u0173 \u012fmon\u0117 atsargines dalis gaut\u0173 saugiai ir laiku, kruop\u0161\u010diai atrenkame siunt\u0173 \u012fmones, su kuriomis bendradarbiaujame. Did\u017eiausi\u0105 d\u0117mes\u012f skiriame pristatymo grei\u010diui ir lankstumui, nes \u017einome, kad jums svarbu i\u0161vengti nereikaling\u0173 prastov\u0173 ir trukd\u017ei\u0173. Stengiam\u0117s, kad m\u016bs\u0173 klientai b\u016bt\u0173 patenkinti, nes j\u0173 pasitenkinimas yra m\u016bs\u0173 s\u0117km\u0117. Pasitik\u0117kite mumis d\u0117l SWF Krantechnik pakabinam\u0173 kran\u0173 dali\u0173 ir mes jums garantuojame auk\u0161tos kokyb\u0117s gaminius ir auk\u0161\u010diausios klas\u0117s aptarnavim\u0105. D\u0117kojame, kad pasirinkote m\u016bs\u0173 \u012fmon\u0119.<\/p>\r\n<\/div><!-- .vgblk-rw-wrapper -->","protected":false},"excerpt":{"rendered":"<p>Originalios atsargin\u0117s dalys M\u016bs\u0173 \u012fmon\u0117je galite \u012fsigyti originali\u0173 SWF Krantechnik gaminam\u0173 pakabinam\u0173 kran\u0173 atsargini\u0173 dali\u0173. Suprantame, kad j\u016bs\u0173 verslui svarbu kokyb\u0117 ir patikimumas. Tod\u0117l visa m\u016bs\u0173 si\u016bloma SWF Krantechnik kran\u0173 k\u0117limo \u012franga ir komponentai atitinka auk\u0161\u010diausius kokyb\u0117s standartus ir saugos reikalavimus. J\u0173 patikimumas ir puikus na\u0161umas yra \u017einomi visame pasaulyje, tod\u0117l jie yra puikus pasirinkimas&#8230;<\/p>\n","protected":false},"author":247047761,"featured_media":0,"parent":0,"menu_order":0,"comment_status":"closed","ping_status":"closed","template":"","meta":{"_acf_changed":false,"_crdt_document":"","inline_featured_image":false,"footnotes":""},"class_list":["post-989252","page","type-page","status-publish","hentry"],"acf":[],"yoast_head":"<!-- This site is optimized with the Yoast SEO plugin v27.5 - https:\/\/yoast.com\/product\/yoast-seo-wordpress\/ -->\n<title>Originalios atsargin\u0117s dalys - SIA &quot;Zemit\u0101ns&quot;<\/title>\n<meta name=\"description\" content=\"Originalios atsargin\u0117s dalys | SIA &quot;Zemit\u0101ns&quot; | hoists and bridge cranes | SWF Krantechnik\" \/>\n<meta name=\"robots\" content=\"index, follow, max-snippet:-1, max-image-preview:large, max-video-preview:-1\" \/>\n<link rel=\"canonical\" href=\"https:\/\/cranes.lv\/originalios-atsargines-dalys\/\" \/>\n<meta property=\"og:locale\" content=\"lt_LT\" \/>\n<meta property=\"og:type\" content=\"article\" \/>\n<meta property=\"og:title\" content=\"Originalios atsargin\u0117s dalys - SIA &quot;Zemit\u0101ns&quot;\" \/>\n<meta property=\"og:description\" content=\"Originalios atsargin\u0117s dalys | SIA &quot;Zemit\u0101ns&quot; | hoists and bridge cranes | SWF Krantechnik\" \/>\n<meta property=\"og:url\" content=\"https:\/\/cranes.lv\/originalios-atsargines-dalys\/\" \/>\n<meta property=\"og:site_name\" content=\"SIA &quot;Zemit\u0101ns&quot;\" \/>\n<meta property=\"article:publisher\" content=\"https:\/\/www.facebook.com\/profile.php?id=61551090123372\" \/>\n<meta property=\"article:modified_time\" content=\"2024-04-21T18:02:36+00:00\" \/>\n<meta name=\"twitter:card\" content=\"summary_large_image\" \/>\n<meta name=\"twitter:label1\" content=\"Est. reading time\" \/>\n\t<meta name=\"twitter:data1\" content=\"1 minut\u0117\" \/>\n<script type=\"application\/ld+json\" class=\"yoast-schema-graph\">{\"@context\":\"https:\\\/\\\/schema.org\",\"@graph\":[{\"@type\":\"WebPage\",\"@id\":\"https:\\\/\\\/cranes.lv\\\/originalios-atsargines-dalys\\\/\",\"url\":\"https:\\\/\\\/cranes.lv\\\/originalios-atsargines-dalys\\\/\",\"name\":\"Originalios atsargin\u0117s dalys - SIA &quot;Zemit\u0101ns&quot;\",\"isPartOf\":{\"@id\":\"https:\\\/\\\/cranes.lv\\\/#website\"},\"datePublished\":\"2024-03-20T10:18:44+00:00\",\"dateModified\":\"2024-04-21T18:02:36+00:00\",\"description\":\"Originalios atsargin\u0117s dalys | SIA \\\"Zemit\u0101ns\\\" | hoists and bridge cranes | SWF Krantechnik\",\"breadcrumb\":{\"@id\":\"https:\\\/\\\/cranes.lv\\\/originalios-atsargines-dalys\\\/#breadcrumb\"},\"inLanguage\":\"lt-LT\",\"potentialAction\":[{\"@type\":\"ReadAction\",\"target\":[\"https:\\\/\\\/cranes.lv\\\/originalios-atsargines-dalys\\\/\"]}]},{\"@type\":\"BreadcrumbList\",\"@id\":\"https:\\\/\\\/cranes.lv\\\/originalios-atsargines-dalys\\\/#breadcrumb\",\"itemListElement\":[{\"@type\":\"ListItem\",\"position\":1,\"name\":\"\u0413\u043b\u0430\u0432\u043d\u0430\u044f \u0441\u0442\u0440\u0430\u043d\u0438\u0446\u0430\",\"item\":\"https:\\\/\\\/cranes.lv\\\/lt\\\/\"},{\"@type\":\"ListItem\",\"position\":2,\"name\":\"Originalios atsargin\u0117s dalys\"}]},{\"@type\":\"WebSite\",\"@id\":\"https:\\\/\\\/cranes.lv\\\/#website\",\"url\":\"https:\\\/\\\/cranes.lv\\\/\",\"name\":\"Zemitans\",\"description\":\"\",\"publisher\":{\"@id\":\"https:\\\/\\\/cranes.lv\\\/#organization\"},\"potentialAction\":[{\"@type\":\"SearchAction\",\"target\":{\"@type\":\"EntryPoint\",\"urlTemplate\":\"https:\\\/\\\/cranes.lv\\\/?s={search_term_string}\"},\"query-input\":{\"@type\":\"PropertyValueSpecification\",\"valueRequired\":true,\"valueName\":\"search_term_string\"}}],\"inLanguage\":\"lt-LT\"},{\"@type\":\"Organization\",\"@id\":\"https:\\\/\\\/cranes.lv\\\/#organization\",\"name\":\"Zemitans\",\"url\":\"https:\\\/\\\/cranes.lv\\\/\",\"logo\":{\"@type\":\"ImageObject\",\"inLanguage\":\"lt-LT\",\"@id\":\"https:\\\/\\\/cranes.lv\\\/#\\\/schema\\\/logo\\\/image\\\/\",\"url\":\"https:\\\/\\\/cranes.lv\\\/wp-content\\\/uploads\\\/2024\\\/03\\\/Zemitans-1.svg\",\"contentUrl\":\"https:\\\/\\\/cranes.lv\\\/wp-content\\\/uploads\\\/2024\\\/03\\\/Zemitans-1.svg\",\"width\":300,\"height\":70,\"caption\":\"Zemitans\"},\"image\":{\"@id\":\"https:\\\/\\\/cranes.lv\\\/#\\\/schema\\\/logo\\\/image\\\/\"},\"sameAs\":[\"https:\\\/\\\/www.facebook.com\\\/profile.php?id=61551090123372\"]}]}<\/script>\n<!-- \/ Yoast SEO plugin. -->","yoast_head_json":{"title":"Originalios atsargin\u0117s dalys - SIA &quot;Zemit\u0101ns&quot;","description":"Originalios atsargin\u0117s dalys | SIA \"Zemit\u0101ns\" | hoists and bridge cranes | SWF Krantechnik","robots":{"index":"index","follow":"follow","max-snippet":"max-snippet:-1","max-image-preview":"max-image-preview:large","max-video-preview":"max-video-preview:-1"},"canonical":"https:\/\/cranes.lv\/originalios-atsargines-dalys\/","og_locale":"lt_LT","og_type":"article","og_title":"Originalios atsargin\u0117s dalys - SIA &quot;Zemit\u0101ns&quot;","og_description":"Originalios atsargin\u0117s dalys | SIA \"Zemit\u0101ns\" | hoists and bridge cranes | SWF Krantechnik","og_url":"https:\/\/cranes.lv\/originalios-atsargines-dalys\/","og_site_name":"SIA &quot;Zemit\u0101ns&quot;","article_publisher":"https:\/\/www.facebook.com\/profile.php?id=61551090123372","article_modified_time":"2024-04-21T18:02:36+00:00","twitter_card":"summary_large_image","twitter_misc":{"Est. reading time":"1 minut\u0117"},"schema":{"@context":"https:\/\/schema.org","@graph":[{"@type":"WebPage","@id":"https:\/\/cranes.lv\/originalios-atsargines-dalys\/","url":"https:\/\/cranes.lv\/originalios-atsargines-dalys\/","name":"Originalios atsargin\u0117s dalys - SIA &quot;Zemit\u0101ns&quot;","isPartOf":{"@id":"https:\/\/cranes.lv\/#website"},"datePublished":"2024-03-20T10:18:44+00:00","dateModified":"2024-04-21T18:02:36+00:00","description":"Originalios atsargin\u0117s dalys | SIA \"Zemit\u0101ns\" | hoists and bridge cranes | SWF Krantechnik","breadcrumb":{"@id":"https:\/\/cranes.lv\/originalios-atsargines-dalys\/#breadcrumb"},"inLanguage":"lt-LT","potentialAction":[{"@type":"ReadAction","target":["https:\/\/cranes.lv\/originalios-atsargines-dalys\/"]}]},{"@type":"BreadcrumbList","@id":"https:\/\/cranes.lv\/originalios-atsargines-dalys\/#breadcrumb","itemListElement":[{"@type":"ListItem","position":1,"name":"\u0413\u043b\u0430\u0432\u043d\u0430\u044f \u0441\u0442\u0440\u0430\u043d\u0438\u0446\u0430","item":"https:\/\/cranes.lv\/lt\/"},{"@type":"ListItem","position":2,"name":"Originalios atsargin\u0117s dalys"}]},{"@type":"WebSite","@id":"https:\/\/cranes.lv\/#website","url":"https:\/\/cranes.lv\/","name":"Zemitans","description":"","publisher":{"@id":"https:\/\/cranes.lv\/#organization"},"potentialAction":[{"@type":"SearchAction","target":{"@type":"EntryPoint","urlTemplate":"https:\/\/cranes.lv\/?s={search_term_string}"},"query-input":{"@type":"PropertyValueSpecification","valueRequired":true,"valueName":"search_term_string"}}],"inLanguage":"lt-LT"},{"@type":"Organization","@id":"https:\/\/cranes.lv\/#organization","name":"Zemitans","url":"https:\/\/cranes.lv\/","logo":{"@type":"ImageObject","inLanguage":"lt-LT","@id":"https:\/\/cranes.lv\/#\/schema\/logo\/image\/","url":"https:\/\/cranes.lv\/wp-content\/uploads\/2024\/03\/Zemitans-1.svg","contentUrl":"https:\/\/cranes.lv\/wp-content\/uploads\/2024\/03\/Zemitans-1.svg","width":300,"height":70,"caption":"Zemitans"},"image":{"@id":"https:\/\/cranes.lv\/#\/schema\/logo\/image\/"},"sameAs":["https:\/\/www.facebook.com\/profile.php?id=61551090123372"]}]}},"jetpack_sharing_enabled":true,"_links":{"self":[{"href":"https:\/\/cranes.lv\/lt\/wp-json\/wp\/v2\/pages\/989252","targetHints":{"allow":["GET"]}}],"collection":[{"href":"https:\/\/cranes.lv\/lt\/wp-json\/wp\/v2\/pages"}],"about":[{"href":"https:\/\/cranes.lv\/lt\/wp-json\/wp\/v2\/types\/page"}],"author":[{"embeddable":true,"href":"https:\/\/cranes.lv\/lt\/wp-json\/wp\/v2\/users\/247047761"}],"replies":[{"embeddable":true,"href":"https:\/\/cranes.lv\/lt\/wp-json\/wp\/v2\/comments?post=989252"}],"version-history":[{"count":3,"href":"https:\/\/cranes.lv\/lt\/wp-json\/wp\/v2\/pages\/989252\/revisions"}],"predecessor-version":[{"id":989986,"href":"https:\/\/cranes.lv\/lt\/wp-json\/wp\/v2\/pages\/989252\/revisions\/989986"}],"wp:attachment":[{"href":"https:\/\/cranes.lv\/lt\/wp-json\/wp\/v2\/media?parent=989252"}],"curies":[{"name":"wp","href":"https:\/\/api.w.org\/{rel}","templated":true}]}}