{"id":989241,"date":"2024-03-20T12:12:23","date_gmt":"2024-03-20T10:12:23","guid":{"rendered":"https:\/\/cranes.lv\/?page_id=989241"},"modified":"2024-04-21T21:04:10","modified_gmt":"2024-04-21T18:04:10","slug":"paslaugos","status":"publish","type":"page","link":"https:\/\/cranes.lv\/lt\/paslaugos\/","title":{"rendered":"Paslaugos"},"content":{"rendered":"<div class=\"vgblk-rw-wrapper limit-wrapper\">\r\n<h5>\r\n\tPAVERSKITE ID\u0116JAS REZULTATAIS\r\n\t<\/h5>\r\n<h2>\r\n\tM\u016bs\u0173 <br \/><strong>paslaugos<\/strong>\r\n\t<\/h2>\r\n<h4>\r\n\t\t\t<a href=\"\/projektai-virsutiniai-kranai\/\" title=\"Tiltini\u0173 kran\u0173 projektai\" target=\"_self\" rel=\"noopener\">\r\n\tTiltini\u0173 kran\u0173 projektai\r\n\t\t\t<\/a>\r\n\t<\/h4>\r\n\t<p>M\u016bs\u0173 specialistai greitai ir laiku sukurs tinkamiausi\u0105 krano konfig\u016bracij\u0105, atitinkan\u010di\u0105 auk\u0161\u010diausius kliento reikalavimus.<\/p>\r\n<h4>\r\n\t\t\t<a href=\"\/kranu-modernizavimas\/\" title=\"Kran\u0173 modernizavimas\" target=\"_self\" rel=\"noopener\">\r\n\tKran\u0173 modernizavimas\r\n\t\t\t<\/a>\r\n\t<\/h4>\r\n\t<p>M\u016bs\u0173 kran\u0173 specialistai, atliekantys kran\u0173 modernizavim\u0105, gali padidinti j\u016bs\u0173 krano patikimum\u0105, saugum\u0105 ir na\u0161um\u0105.<\/p>\r\n<h4>\r\n\t\t\t<a href=\"\/krano-prieziura\/\" title=\"Krano prie\u017ei\u016bra\" target=\"_self\" rel=\"noopener\">\r\n\tKrano prie\u017ei\u016bra\r\n\t\t\t<\/a>\r\n\t<\/h4>\r\n\t<p>Reguliari technin\u0117 prie\u017ei\u016bra gali pailginti kran\u0173 tarnavimo laik\u0105 ir pad\u0117ti i\u0161vengti brangiai kainuojan\u010dio remonto.<\/p>\r\n<h4>\r\n\t\t\t<a href=\"http:\/\/kranu-remontas-ir-prieziura\/\" title=\"Kran\u0173 remontas ir prie\u017ei\u016bra\" target=\"_self\" rel=\"noopener\">\r\n\tKran\u0173 remontas ir prie\u017ei\u016bra\r\n\t\t\t<\/a>\r\n\t<\/h4>\r\n\t<p>Atlikus kapitalin\u012f remont\u0105 galima prat\u0119sti \u012frangos eksploatavimo laik\u0105. \u012e darb\u0173 apimt\u012f \u012feina vis\u0173 dali\u0173, kurias reikia pakeisti, keitimas.<\/p>\r\n<h4>\r\n\t\t\t<a href=\"\/originalios-atsargines-dalys\/\" title=\"Originalios atsargin\u0117s dalys\" target=\"_self\" rel=\"noopener\">\r\n\tOriginalios atsargin\u0117s dalys\r\n\t\t\t<\/a>\r\n\t<\/h4>\r\n\t<p>&#8222;SWF Krantechnik&#8221; k\u0117limo \u012franga ir kran\u0173 komponentai atitinka grie\u017e\u010diausius kokyb\u0117s standartus ir saugos reikalavimus.<\/p>\r\n<h4>\r\n\t\t\t<a href=\"\/kranu-montavimas\/\" title=\"Kran\u0173 ir \u012frangos montavimas\" target=\"_self\" rel=\"noopener\">\r\n\tKran\u0173 ir \u012frangos montavimas\r\n\t\t\t<\/a>\r\n\t<\/h4>\r\n\t<p>M\u016bs\u0173 specialistai gali profesionaliai sumontuoti tiltin\u012f kran\u0105, portalinius kranus, kran\u0173 b\u0117gius ir kit\u0105 k\u0117limo \u012frang\u0105.<\/p>\r\n<h4>\r\n\t\t\t<a href=\"\/kranu-marsrutai\/\" title=\"Pokraniniai keliai\" target=\"_self\" rel=\"noopener\">\r\n\tPokraniniai keliai\r\n\t\t\t<\/a>\r\n\t<\/h4>\r\n\t<p>Kokybi\u0161kas pokraninis kelias b\u016btinas patikimam ir ilgalaikiam kran\u0173 \u012frangos eksploatavimui. Nuo pokranini\u0173 keli\u0173 b\u016bkl\u0117s taip pat priklauso k\u0117limo mechanizm\u0173 eksploatavimo trukm\u0117.<\/p>\r\n<h4>\r\n\t\t\t<a href=\"\/krano-registracija\/\" title=\"Krano registracija\" target=\"_self\" rel=\"noopener\">\r\n\tKrano registracija\r\n\t\t\t<\/a>\r\n\t<\/h4>\r\n\t<p>Baig\u0119 montavimo darbus i\u0161bandome kran\u0105, parengiame pas\u0105 ir u\u017eregistruojame j\u012f Pavojing\u0173 \u012frengini\u0173 inspekcijoje.<\/p>\r\n<h5>\r\n\tSIA &#8222;Zemit\u0101ns&#8221; yra oficiali Vokietijos \u012fmon\u0117s &#8222;SWF Krantechnik&#8221;, gaminan\u010dios \u012fvairios paskirties tiltin\u012f kran\u0105, str\u0117linius kranus ir telferius, partner\u0117.\r\n\t<\/h5>\r\n\r\n<\/div><!-- .vgblk-rw-wrapper -->","protected":false},"excerpt":{"rendered":"<p>PAVERSKITE ID\u0116JAS REZULTATAIS M\u016bs\u0173 paslaugos Tiltini\u0173 kran\u0173 projektai M\u016bs\u0173 specialistai greitai ir laiku sukurs tinkamiausi\u0105 krano konfig\u016bracij\u0105, atitinkan\u010di\u0105 auk\u0161\u010diausius kliento reikalavimus. Kran\u0173 modernizavimas M\u016bs\u0173 kran\u0173 specialistai, atliekantys kran\u0173 modernizavim\u0105, gali padidinti j\u016bs\u0173 krano patikimum\u0105, saugum\u0105 ir na\u0161um\u0105. Krano prie\u017ei\u016bra Reguliari technin\u0117 prie\u017ei\u016bra gali pailginti kran\u0173 tarnavimo laik\u0105 ir pad\u0117ti i\u0161vengti brangiai kainuojan\u010dio remonto. Kran\u0173 remontas&#8230;<\/p>\n","protected":false},"author":247047761,"featured_media":0,"parent":0,"menu_order":0,"comment_status":"closed","ping_status":"closed","template":"","meta":{"_acf_changed":false,"_crdt_document":"","inline_featured_image":false,"footnotes":""},"class_list":["post-989241","page","type-page","status-publish","hentry"],"acf":[],"yoast_head":"<!-- This site is optimized with the Yoast SEO plugin v27.3 - https:\/\/yoast.com\/product\/yoast-seo-wordpress\/ -->\n<title>Paslaugos - SIA &quot;Zemit\u0101ns&quot;<\/title>\n<meta name=\"description\" content=\"Paslaugos | SIA &quot;Zemit\u0101ns&quot; | hoists and bridge cranes | SWF Krantechnik\" \/>\n<meta name=\"robots\" content=\"index, follow, max-snippet:-1, max-image-preview:large, max-video-preview:-1\" \/>\n<link rel=\"canonical\" href=\"https:\/\/cranes.lv\/paslaugos\/\" \/>\n<meta property=\"og:locale\" content=\"lt_LT\" \/>\n<meta property=\"og:type\" content=\"article\" \/>\n<meta property=\"og:title\" content=\"Paslaugos - SIA &quot;Zemit\u0101ns&quot;\" \/>\n<meta property=\"og:description\" content=\"Paslaugos | SIA &quot;Zemit\u0101ns&quot; | hoists and bridge cranes | SWF Krantechnik\" \/>\n<meta property=\"og:url\" content=\"https:\/\/cranes.lv\/paslaugos\/\" \/>\n<meta property=\"og:site_name\" content=\"SIA &quot;Zemit\u0101ns&quot;\" \/>\n<meta property=\"article:publisher\" content=\"https:\/\/www.facebook.com\/profile.php?id=61551090123372\" \/>\n<meta property=\"article:modified_time\" content=\"2024-04-21T18:04:10+00:00\" \/>\n<meta name=\"twitter:card\" content=\"summary_large_image\" \/>\n<meta name=\"twitter:label1\" content=\"Est. reading time\" \/>\n\t<meta name=\"twitter:data1\" content=\"1 minut\u0117\" \/>\n<script type=\"application\/ld+json\" class=\"yoast-schema-graph\">{\"@context\":\"https:\\\/\\\/schema.org\",\"@graph\":[{\"@type\":\"WebPage\",\"@id\":\"https:\\\/\\\/cranes.lv\\\/paslaugos\\\/\",\"url\":\"https:\\\/\\\/cranes.lv\\\/paslaugos\\\/\",\"name\":\"Paslaugos - SIA &quot;Zemit\u0101ns&quot;\",\"isPartOf\":{\"@id\":\"https:\\\/\\\/cranes.lv\\\/#website\"},\"datePublished\":\"2024-03-20T10:12:23+00:00\",\"dateModified\":\"2024-04-21T18:04:10+00:00\",\"description\":\"Paslaugos | SIA \\\"Zemit\u0101ns\\\" | hoists and bridge cranes | SWF Krantechnik\",\"breadcrumb\":{\"@id\":\"https:\\\/\\\/cranes.lv\\\/paslaugos\\\/#breadcrumb\"},\"inLanguage\":\"lt-LT\",\"potentialAction\":[{\"@type\":\"ReadAction\",\"target\":[\"https:\\\/\\\/cranes.lv\\\/paslaugos\\\/\"]}]},{\"@type\":\"BreadcrumbList\",\"@id\":\"https:\\\/\\\/cranes.lv\\\/paslaugos\\\/#breadcrumb\",\"itemListElement\":[{\"@type\":\"ListItem\",\"position\":1,\"name\":\"\u0413\u043b\u0430\u0432\u043d\u0430\u044f \u0441\u0442\u0440\u0430\u043d\u0438\u0446\u0430\",\"item\":\"https:\\\/\\\/cranes.lv\\\/lt\\\/\"},{\"@type\":\"ListItem\",\"position\":2,\"name\":\"Paslaugos\"}]},{\"@type\":\"WebSite\",\"@id\":\"https:\\\/\\\/cranes.lv\\\/#website\",\"url\":\"https:\\\/\\\/cranes.lv\\\/\",\"name\":\"Zemitans\",\"description\":\"\",\"publisher\":{\"@id\":\"https:\\\/\\\/cranes.lv\\\/#organization\"},\"potentialAction\":[{\"@type\":\"SearchAction\",\"target\":{\"@type\":\"EntryPoint\",\"urlTemplate\":\"https:\\\/\\\/cranes.lv\\\/?s={search_term_string}\"},\"query-input\":{\"@type\":\"PropertyValueSpecification\",\"valueRequired\":true,\"valueName\":\"search_term_string\"}}],\"inLanguage\":\"lt-LT\"},{\"@type\":\"Organization\",\"@id\":\"https:\\\/\\\/cranes.lv\\\/#organization\",\"name\":\"Zemitans\",\"url\":\"https:\\\/\\\/cranes.lv\\\/\",\"logo\":{\"@type\":\"ImageObject\",\"inLanguage\":\"lt-LT\",\"@id\":\"https:\\\/\\\/cranes.lv\\\/#\\\/schema\\\/logo\\\/image\\\/\",\"url\":\"https:\\\/\\\/cranes.lv\\\/wp-content\\\/uploads\\\/2024\\\/03\\\/Zemitans-1.svg\",\"contentUrl\":\"https:\\\/\\\/cranes.lv\\\/wp-content\\\/uploads\\\/2024\\\/03\\\/Zemitans-1.svg\",\"width\":300,\"height\":70,\"caption\":\"Zemitans\"},\"image\":{\"@id\":\"https:\\\/\\\/cranes.lv\\\/#\\\/schema\\\/logo\\\/image\\\/\"},\"sameAs\":[\"https:\\\/\\\/www.facebook.com\\\/profile.php?id=61551090123372\"]}]}<\/script>\n<!-- \/ Yoast SEO plugin. -->","yoast_head_json":{"title":"Paslaugos - SIA &quot;Zemit\u0101ns&quot;","description":"Paslaugos | SIA \"Zemit\u0101ns\" | hoists and bridge cranes | SWF Krantechnik","robots":{"index":"index","follow":"follow","max-snippet":"max-snippet:-1","max-image-preview":"max-image-preview:large","max-video-preview":"max-video-preview:-1"},"canonical":"https:\/\/cranes.lv\/paslaugos\/","og_locale":"lt_LT","og_type":"article","og_title":"Paslaugos - SIA &quot;Zemit\u0101ns&quot;","og_description":"Paslaugos | SIA \"Zemit\u0101ns\" | hoists and bridge cranes | SWF Krantechnik","og_url":"https:\/\/cranes.lv\/paslaugos\/","og_site_name":"SIA &quot;Zemit\u0101ns&quot;","article_publisher":"https:\/\/www.facebook.com\/profile.php?id=61551090123372","article_modified_time":"2024-04-21T18:04:10+00:00","twitter_card":"summary_large_image","twitter_misc":{"Est. reading time":"1 minut\u0117"},"schema":{"@context":"https:\/\/schema.org","@graph":[{"@type":"WebPage","@id":"https:\/\/cranes.lv\/paslaugos\/","url":"https:\/\/cranes.lv\/paslaugos\/","name":"Paslaugos - SIA &quot;Zemit\u0101ns&quot;","isPartOf":{"@id":"https:\/\/cranes.lv\/#website"},"datePublished":"2024-03-20T10:12:23+00:00","dateModified":"2024-04-21T18:04:10+00:00","description":"Paslaugos | SIA \"Zemit\u0101ns\" | hoists and bridge cranes | SWF Krantechnik","breadcrumb":{"@id":"https:\/\/cranes.lv\/paslaugos\/#breadcrumb"},"inLanguage":"lt-LT","potentialAction":[{"@type":"ReadAction","target":["https:\/\/cranes.lv\/paslaugos\/"]}]},{"@type":"BreadcrumbList","@id":"https:\/\/cranes.lv\/paslaugos\/#breadcrumb","itemListElement":[{"@type":"ListItem","position":1,"name":"\u0413\u043b\u0430\u0432\u043d\u0430\u044f \u0441\u0442\u0440\u0430\u043d\u0438\u0446\u0430","item":"https:\/\/cranes.lv\/lt\/"},{"@type":"ListItem","position":2,"name":"Paslaugos"}]},{"@type":"WebSite","@id":"https:\/\/cranes.lv\/#website","url":"https:\/\/cranes.lv\/","name":"Zemitans","description":"","publisher":{"@id":"https:\/\/cranes.lv\/#organization"},"potentialAction":[{"@type":"SearchAction","target":{"@type":"EntryPoint","urlTemplate":"https:\/\/cranes.lv\/?s={search_term_string}"},"query-input":{"@type":"PropertyValueSpecification","valueRequired":true,"valueName":"search_term_string"}}],"inLanguage":"lt-LT"},{"@type":"Organization","@id":"https:\/\/cranes.lv\/#organization","name":"Zemitans","url":"https:\/\/cranes.lv\/","logo":{"@type":"ImageObject","inLanguage":"lt-LT","@id":"https:\/\/cranes.lv\/#\/schema\/logo\/image\/","url":"https:\/\/cranes.lv\/wp-content\/uploads\/2024\/03\/Zemitans-1.svg","contentUrl":"https:\/\/cranes.lv\/wp-content\/uploads\/2024\/03\/Zemitans-1.svg","width":300,"height":70,"caption":"Zemitans"},"image":{"@id":"https:\/\/cranes.lv\/#\/schema\/logo\/image\/"},"sameAs":["https:\/\/www.facebook.com\/profile.php?id=61551090123372"]}]}},"jetpack_sharing_enabled":true,"_links":{"self":[{"href":"https:\/\/cranes.lv\/lt\/wp-json\/wp\/v2\/pages\/989241","targetHints":{"allow":["GET"]}}],"collection":[{"href":"https:\/\/cranes.lv\/lt\/wp-json\/wp\/v2\/pages"}],"about":[{"href":"https:\/\/cranes.lv\/lt\/wp-json\/wp\/v2\/types\/page"}],"author":[{"embeddable":true,"href":"https:\/\/cranes.lv\/lt\/wp-json\/wp\/v2\/users\/247047761"}],"replies":[{"embeddable":true,"href":"https:\/\/cranes.lv\/lt\/wp-json\/wp\/v2\/comments?post=989241"}],"version-history":[{"count":12,"href":"https:\/\/cranes.lv\/lt\/wp-json\/wp\/v2\/pages\/989241\/revisions"}],"predecessor-version":[{"id":990661,"href":"https:\/\/cranes.lv\/lt\/wp-json\/wp\/v2\/pages\/989241\/revisions\/990661"}],"wp:attachment":[{"href":"https:\/\/cranes.lv\/lt\/wp-json\/wp\/v2\/media?parent=989241"}],"curies":[{"name":"wp","href":"https:\/\/api.w.org\/{rel}","templated":true}]}}