{"id":989171,"date":"2024-04-03T00:19:24","date_gmt":"2024-04-02T21:19:24","guid":{"rendered":"https:\/\/cranes.lv\/?page_id=989171"},"modified":"2024-04-17T20:46:18","modified_gmt":"2024-04-17T17:46:18","slug":"karjera","status":"publish","type":"page","link":"https:\/\/cranes.lv\/lt\/karjera\/","title":{"rendered":"Karjera"},"content":{"rendered":"<div class=\"vgblk-rw-wrapper limit-wrapper\">\r\n<h2>\r\n\tLaisvos<br \/><strong>darbo vietos<\/strong>\r\n\t<\/h2>\r\n\t<p>Jei ie\u0161kote \u012fdomaus darbo su profesinio tobul\u0117jimo galimyb\u0117mis ir padoriu darbo u\u017emokes\u010diu, mes galime pasi\u016blyti b\u016btent tai, ko ie\u0161kote.<\/p>\r\n\t<a href=\"\/kontaktai\/\" target=\"_self\" role=\"button\" rel=\"noopener\">\r\n\t\t\t\t\tSusisiekite su mumis\r\n\t<\/a>\r\n<h3>\r\n\tKomandinis darbas\r\n\t<\/h3>\r\n\t<p>Mums reikia charaktering\u0173 \u017emoni\u0173 &#8211; t\u0173, kurie nebijo rizikuoti. Jie supranta, kad norint pakeisti savo gyvenim\u0105 reikia aistros, i\u0161tverm\u0117s ir atkaklumo.<\/p>\r\n<h4>\r\n\tLaisva<br \/><strong>elektriko darbo vieta<\/strong>\r\n\t<\/h4>\r\n\t<p>Ie\u0161kome kvalifikuoto elektriko, gerai i\u0161manan\u010dio elektrotechnik\u0105 ir turin\u010dio patirties \u0161ioje srityje.<\/p>\r\n<h4>\r\n\tReikalingi<br \/><strong>\u012fg\u016bd\u017eiai<\/strong>\r\n\t<\/h4>\r\n\t<ol>\r\n<li>Elektros in\u017einerijos \u017einios: elektros sistem\u0173 ir \u012frangos princip\u0173 supratimas.<\/li>\r\n<li>Geb\u0117jimas skaityti schemas ir br\u0117\u017einius: geb\u0117jimas analizuoti ir interpretuoti technin\u0119 dokumentacij\u0105.<\/li>\r\n<\/ol>\r\n<h4>\r\n\tBendravimo<br \/><strong>\u012fg\u016bd\u017eiai<\/strong>\r\n\t<\/h4>\r\n\t<ol>\r\n<li>Bendravimo \u012fg\u016bd\u017eiai: geb\u0117jimas veiksmingai bendrauti su klientais ir kolegomis, siekiant suprasti reikalavimus ir spr\u0119sti problemas.<\/li>\r\n<li>Organizaciniai \u012fg\u016bd\u017eiai: geb\u0117jimas planuoti ir valdyti laik\u0105, kad u\u017eduotys b\u016bt\u0173 atliktos laiku.<\/li>\r\n<\/ol>\r\n<h4>\r\n\tAnalitiniai<br \/><strong>\u012fg\u016bd\u017eiai<\/strong>\r\n\t<\/h4>\r\n\t<ol>\r\n<li>analitinis m\u0105stymas: geb\u0117jimas analizuoti sud\u0117tingas situacijas ir rasti veiksmingus sprendimus.<\/li>\r\n<li>Technin\u0117 kompetencija: noras nuolat atnaujinti savo \u017einias ir \u012fg\u016bd\u017eius elektros in\u017einerijos srityje.<\/li>\r\n<\/ol>\r\n<h4>\r\n\tLaisva<br \/><strong>suvirintojo darbo vieta<\/strong>\r\n\t<\/h4>\r\n\t<p>M\u016bs\u0173 \u012fmon\u0117 ie\u0161ko patyrusio suvirintojo, turin\u010dio auk\u0161t\u0105 suvirinimo \u012fg\u016bd\u017ei\u0173 ir profesionalumo lyg\u012f.<\/p>\r\n<h4>\r\n\tTechniniai <br \/><strong>reikalavimai<\/strong>\r\n\t<\/h4>\r\n\t<ol>\r\n<li>Profesiniai \u012fg\u016bd\u017eiai: geb\u0117jimas suvirinti metalo konstrukcijas \u012fvairiais suvirinimo b\u016bdais.<\/li>\r\n<li>Med\u017eiag\u0173 supratimas: \u017einios apie \u012fvairi\u0173 metalini\u0173 med\u017eiag\u0173 savybes ir kaip su jomis dirbti.<\/li>\r\n<\/ol>\r\n<h4>\r\n\tReikiama <br \/><strong>patirtis<\/strong>\r\n\t<\/h4>\r\n\t<ol>\r\n<li>\u012erangos valdymas: patirtis dirbant su \u012fvairiais suvirinimo aparatais ir \u012ftaisais.<\/li>\r\n<li>Atsparumas stresui: geb\u0117jimas dirbti \u012ftemptoje aplinkoje ir spaud\u017eiant terminams.<\/li>\r\n<\/ol>\r\n<h4>\r\n\tKomandinis<br \/><strong>darbas<\/strong>\r\n\t<\/h4>\r\n\t<ol>\r\n<li>bendravimo \u012fg\u016bd\u017eiai: geb\u0117jimas veiksmingai bendrauti su klientais ir kolegomis, siekiant suprasti reikalavimus ir koordinuoti darb\u0105.<\/li>\r\n<li>Tikslumas ir atidumas: d\u0117mesys detal\u0117ms ir geb\u0117jimas i\u0161laikyti darbo tikslum\u0105.<\/li>\r\n<\/ol>\r\n\r\n<\/div><!-- .vgblk-rw-wrapper -->","protected":false},"excerpt":{"rendered":"<p>Laisvosdarbo vietos Jei ie\u0161kote \u012fdomaus darbo su profesinio tobul\u0117jimo galimyb\u0117mis ir padoriu darbo u\u017emokes\u010diu, mes galime pasi\u016blyti b\u016btent tai, ko ie\u0161kote. Susisiekite su mumis Komandinis darbas Mums reikia charaktering\u0173 \u017emoni\u0173 &#8211; t\u0173, kurie nebijo rizikuoti. Jie supranta, kad norint pakeisti savo gyvenim\u0105 reikia aistros, i\u0161tverm\u0117s ir atkaklumo. Laisvaelektriko darbo vieta Ie\u0161kome kvalifikuoto elektriko, gerai i\u0161manan\u010dio&#8230;<\/p>\n","protected":false},"author":247047761,"featured_media":0,"parent":0,"menu_order":0,"comment_status":"closed","ping_status":"closed","template":"","meta":{"_acf_changed":false,"_crdt_document":"","inline_featured_image":false,"footnotes":""},"class_list":["post-989171","page","type-page","status-publish","hentry"],"acf":[],"yoast_head":"<!-- This site is optimized with the Yoast SEO plugin v27.6 - https:\/\/yoast.com\/product\/yoast-seo-wordpress\/ -->\n<title>Karjera - SIA &quot;Zemit\u0101ns&quot;<\/title>\n<meta name=\"description\" content=\"Karjera | SIA &quot;Zemit\u0101ns&quot; | hoists and bridge cranes | SWF Krantechnik\" \/>\n<meta name=\"robots\" content=\"index, follow, max-snippet:-1, max-image-preview:large, max-video-preview:-1\" \/>\n<link rel=\"canonical\" href=\"https:\/\/cranes.lv\/karjera\/\" \/>\n<meta property=\"og:locale\" content=\"lt_LT\" \/>\n<meta property=\"og:type\" content=\"article\" \/>\n<meta property=\"og:title\" content=\"Karjera - SIA &quot;Zemit\u0101ns&quot;\" \/>\n<meta property=\"og:description\" content=\"Karjera | SIA &quot;Zemit\u0101ns&quot; | hoists and bridge cranes | SWF Krantechnik\" \/>\n<meta property=\"og:url\" content=\"https:\/\/cranes.lv\/karjera\/\" \/>\n<meta property=\"og:site_name\" content=\"SIA &quot;Zemit\u0101ns&quot;\" \/>\n<meta property=\"article:publisher\" content=\"https:\/\/www.facebook.com\/profile.php?id=61551090123372\" \/>\n<meta property=\"article:modified_time\" content=\"2024-04-17T17:46:18+00:00\" \/>\n<meta name=\"twitter:card\" content=\"summary_large_image\" \/>\n<meta name=\"twitter:label1\" content=\"Est. reading time\" \/>\n\t<meta name=\"twitter:data1\" content=\"2 minut\u0117s\" \/>\n<script type=\"application\/ld+json\" class=\"yoast-schema-graph\">{\"@context\":\"https:\\\/\\\/schema.org\",\"@graph\":[{\"@type\":\"WebPage\",\"@id\":\"https:\\\/\\\/cranes.lv\\\/karjera\\\/\",\"url\":\"https:\\\/\\\/cranes.lv\\\/karjera\\\/\",\"name\":\"Karjera - SIA &quot;Zemit\u0101ns&quot;\",\"isPartOf\":{\"@id\":\"https:\\\/\\\/cranes.lv\\\/#website\"},\"datePublished\":\"2024-04-02T21:19:24+00:00\",\"dateModified\":\"2024-04-17T17:46:18+00:00\",\"description\":\"Karjera | SIA \\\"Zemit\u0101ns\\\" | hoists and bridge cranes | SWF Krantechnik\",\"breadcrumb\":{\"@id\":\"https:\\\/\\\/cranes.lv\\\/karjera\\\/#breadcrumb\"},\"inLanguage\":\"lt-LT\",\"potentialAction\":[{\"@type\":\"ReadAction\",\"target\":[\"https:\\\/\\\/cranes.lv\\\/karjera\\\/\"]}]},{\"@type\":\"BreadcrumbList\",\"@id\":\"https:\\\/\\\/cranes.lv\\\/karjera\\\/#breadcrumb\",\"itemListElement\":[{\"@type\":\"ListItem\",\"position\":1,\"name\":\"\u0413\u043b\u0430\u0432\u043d\u0430\u044f \u0441\u0442\u0440\u0430\u043d\u0438\u0446\u0430\",\"item\":\"https:\\\/\\\/cranes.lv\\\/lt\\\/\"},{\"@type\":\"ListItem\",\"position\":2,\"name\":\"Karjera\"}]},{\"@type\":\"WebSite\",\"@id\":\"https:\\\/\\\/cranes.lv\\\/#website\",\"url\":\"https:\\\/\\\/cranes.lv\\\/\",\"name\":\"Zemitans\",\"description\":\"\",\"publisher\":{\"@id\":\"https:\\\/\\\/cranes.lv\\\/#organization\"},\"potentialAction\":[{\"@type\":\"SearchAction\",\"target\":{\"@type\":\"EntryPoint\",\"urlTemplate\":\"https:\\\/\\\/cranes.lv\\\/?s={search_term_string}\"},\"query-input\":{\"@type\":\"PropertyValueSpecification\",\"valueRequired\":true,\"valueName\":\"search_term_string\"}}],\"inLanguage\":\"lt-LT\"},{\"@type\":\"Organization\",\"@id\":\"https:\\\/\\\/cranes.lv\\\/#organization\",\"name\":\"Zemitans\",\"url\":\"https:\\\/\\\/cranes.lv\\\/\",\"logo\":{\"@type\":\"ImageObject\",\"inLanguage\":\"lt-LT\",\"@id\":\"https:\\\/\\\/cranes.lv\\\/#\\\/schema\\\/logo\\\/image\\\/\",\"url\":\"https:\\\/\\\/cranes.lv\\\/wp-content\\\/uploads\\\/2024\\\/03\\\/Zemitans-1.svg\",\"contentUrl\":\"https:\\\/\\\/cranes.lv\\\/wp-content\\\/uploads\\\/2024\\\/03\\\/Zemitans-1.svg\",\"width\":300,\"height\":70,\"caption\":\"Zemitans\"},\"image\":{\"@id\":\"https:\\\/\\\/cranes.lv\\\/#\\\/schema\\\/logo\\\/image\\\/\"},\"sameAs\":[\"https:\\\/\\\/www.facebook.com\\\/profile.php?id=61551090123372\"]}]}<\/script>\n<!-- \/ Yoast SEO plugin. -->","yoast_head_json":{"title":"Karjera - SIA &quot;Zemit\u0101ns&quot;","description":"Karjera | SIA \"Zemit\u0101ns\" | hoists and bridge cranes | SWF Krantechnik","robots":{"index":"index","follow":"follow","max-snippet":"max-snippet:-1","max-image-preview":"max-image-preview:large","max-video-preview":"max-video-preview:-1"},"canonical":"https:\/\/cranes.lv\/karjera\/","og_locale":"lt_LT","og_type":"article","og_title":"Karjera - SIA &quot;Zemit\u0101ns&quot;","og_description":"Karjera | SIA \"Zemit\u0101ns\" | hoists and bridge cranes | SWF Krantechnik","og_url":"https:\/\/cranes.lv\/karjera\/","og_site_name":"SIA &quot;Zemit\u0101ns&quot;","article_publisher":"https:\/\/www.facebook.com\/profile.php?id=61551090123372","article_modified_time":"2024-04-17T17:46:18+00:00","twitter_card":"summary_large_image","twitter_misc":{"Est. reading time":"2 minut\u0117s"},"schema":{"@context":"https:\/\/schema.org","@graph":[{"@type":"WebPage","@id":"https:\/\/cranes.lv\/karjera\/","url":"https:\/\/cranes.lv\/karjera\/","name":"Karjera - SIA &quot;Zemit\u0101ns&quot;","isPartOf":{"@id":"https:\/\/cranes.lv\/#website"},"datePublished":"2024-04-02T21:19:24+00:00","dateModified":"2024-04-17T17:46:18+00:00","description":"Karjera | SIA \"Zemit\u0101ns\" | hoists and bridge cranes | SWF Krantechnik","breadcrumb":{"@id":"https:\/\/cranes.lv\/karjera\/#breadcrumb"},"inLanguage":"lt-LT","potentialAction":[{"@type":"ReadAction","target":["https:\/\/cranes.lv\/karjera\/"]}]},{"@type":"BreadcrumbList","@id":"https:\/\/cranes.lv\/karjera\/#breadcrumb","itemListElement":[{"@type":"ListItem","position":1,"name":"\u0413\u043b\u0430\u0432\u043d\u0430\u044f \u0441\u0442\u0440\u0430\u043d\u0438\u0446\u0430","item":"https:\/\/cranes.lv\/lt\/"},{"@type":"ListItem","position":2,"name":"Karjera"}]},{"@type":"WebSite","@id":"https:\/\/cranes.lv\/#website","url":"https:\/\/cranes.lv\/","name":"Zemitans","description":"","publisher":{"@id":"https:\/\/cranes.lv\/#organization"},"potentialAction":[{"@type":"SearchAction","target":{"@type":"EntryPoint","urlTemplate":"https:\/\/cranes.lv\/?s={search_term_string}"},"query-input":{"@type":"PropertyValueSpecification","valueRequired":true,"valueName":"search_term_string"}}],"inLanguage":"lt-LT"},{"@type":"Organization","@id":"https:\/\/cranes.lv\/#organization","name":"Zemitans","url":"https:\/\/cranes.lv\/","logo":{"@type":"ImageObject","inLanguage":"lt-LT","@id":"https:\/\/cranes.lv\/#\/schema\/logo\/image\/","url":"https:\/\/cranes.lv\/wp-content\/uploads\/2024\/03\/Zemitans-1.svg","contentUrl":"https:\/\/cranes.lv\/wp-content\/uploads\/2024\/03\/Zemitans-1.svg","width":300,"height":70,"caption":"Zemitans"},"image":{"@id":"https:\/\/cranes.lv\/#\/schema\/logo\/image\/"},"sameAs":["https:\/\/www.facebook.com\/profile.php?id=61551090123372"]}]}},"jetpack_sharing_enabled":true,"_links":{"self":[{"href":"https:\/\/cranes.lv\/lt\/wp-json\/wp\/v2\/pages\/989171","targetHints":{"allow":["GET"]}}],"collection":[{"href":"https:\/\/cranes.lv\/lt\/wp-json\/wp\/v2\/pages"}],"about":[{"href":"https:\/\/cranes.lv\/lt\/wp-json\/wp\/v2\/types\/page"}],"author":[{"embeddable":true,"href":"https:\/\/cranes.lv\/lt\/wp-json\/wp\/v2\/users\/247047761"}],"replies":[{"embeddable":true,"href":"https:\/\/cranes.lv\/lt\/wp-json\/wp\/v2\/comments?post=989171"}],"version-history":[{"count":7,"href":"https:\/\/cranes.lv\/lt\/wp-json\/wp\/v2\/pages\/989171\/revisions"}],"predecessor-version":[{"id":990434,"href":"https:\/\/cranes.lv\/lt\/wp-json\/wp\/v2\/pages\/989171\/revisions\/990434"}],"wp:attachment":[{"href":"https:\/\/cranes.lv\/lt\/wp-json\/wp\/v2\/media?parent=989171"}],"curies":[{"name":"wp","href":"https:\/\/api.w.org\/{rel}","templated":true}]}}