{"id":989134,"date":"2024-03-26T16:04:28","date_gmt":"2024-03-26T14:04:28","guid":{"rendered":"https:\/\/cranes.lv\/?page_id=989134"},"modified":"2024-05-21T18:59:48","modified_gmt":"2024-05-21T15:59:48","slug":"lt","status":"publish","type":"page","link":"https:\/\/cranes.lv\/lt\/","title":{"rendered":"Pagrindinis | telferi ir tiltiniai kranai | SWF Krantechnik"},"content":{"rendered":"<div class=\"vgblk-rw-wrapper limit-wrapper\">\r\n<h4>M\u016bs\u0173 darbo istorija skai\u010diais:<\/h4>\r\n<h3>55+<\/h3>\r\n<h4>S\u0117kmingai \u012fgyvendinti <strong>projektai<\/strong><\/h4>\r\n<h3>1000+<\/h3>\r\n<h4>M\u016bs\u0173 \u012fmon\u0117s <strong>klientai<\/strong><\/h4>\r\n<h3>20+<\/h3>\r\n<h4><strong>Met\u0173<\/strong> patirtis kran\u0173 \u012frangos rinkoje<\/h4>\r\n<h3>TAIKYMO SRITYS<\/h3>\r\n<p>Didel\u0117 m\u016bs\u0173 \u012fmon\u0117s sukaupta patirtis leid\u017eia j\u0105 pritaikyti \u012fvairiose srityse<\/p>\r\n<h3>Medienos apdirbimas<\/h3>\r\n<p>Naudojamas dideliems r\u0105stams, medienai, \u012frangai ir \u012frankiams perve\u017eti<\/p>\r\n<p><a role=\"button\" href=\"\/paslaugos\/\" target=\"_self\" rel=\"noopener\"> Skaityti daugiau <\/a><\/p>\r\n<h3>Energetikos sektorius<\/h3>\r\n<p>Naudojamas k\u0117limo ir \u012frengimo \u012frangai energetikos \u012frenginiuose ir elektrin\u0117se.<\/p>\r\n<p><a role=\"button\" href=\"\/paslaugos\/\" target=\"_self\" rel=\"noopener\"> Skaityti daugiau <\/a><\/p>\r\n<h3>Metalo apdirbimas<\/h3>\r\n<p>Naudojamas sunki\u0173j\u0173 metal\u0173 ruo\u0161iniams perkelti ir \u012frangai montuoti.<\/p>\r\n<p><a role=\"button\" href=\"\/paslaugos\/\" target=\"_self\" rel=\"noopener\"> Skaityti daugiau <\/a><\/p>\r\n<h3>Gamyba <br \/>gel\u017ebetonis<\/h3>\r\n<p>Naudojamas armat\u016bros narveliams ir betono liejimo formoms perkelti ir montuoti.<\/p>\r\n<p><a role=\"button\" href=\"\/paslaugos\/\" target=\"_self\" rel=\"noopener\"> Skaityti daugiau <\/a><\/p>\r\n<h3>KARJERA<\/h3>\r\n<p>Prisijunkite prie m\u016bs\u0173 augan\u010dios komandos, kurioje ie\u0161kome talenting\u0173 specialist\u0173, norin\u010di\u0173 \u012fgyvendinti savo id\u0117jas.<\/p>\r\n<h2>Didel\u0117 svajon\u0117 kelyje \u012f s\u0117km\u0119<\/h2>\r\n<p>M\u016bs\u0173 \u012fmon\u0117 klientams si\u016blo modernias ir pa\u017eangias technologijas, didinan\u010dias gamybos efektyvum\u0105.<\/p>\r\n<p>\u25ce Tikime ilgalaikiu bendradarbiavimu su savo klientais.<br \/>\u25ce Turime didel\u0119 patirt\u012f ir \u012fg\u016bd\u017eius bei licencijas.<br \/>\u25ce Atid\u017eiai stebime naujausias kran\u0173 \u012frangos k\u016brimo tendencijas.<br \/>\u25ce Visus m\u016bs\u0173 darbus atlieka kvalifikuoti specialistai, turintys didel\u0119 patirt\u012f.<\/p>\r\n<h2>Augime <strong>kartu<\/strong><\/h2>\r\n<p>Laukiame J\u016bs\u0173 besiple\u010dian\u010diame kolektyve, kuriame kiekvienas specialistas atlieka pagrindin\u012f vaidmen\u012f siekiant bendro tikslo<\/p>\r\n<p><a role=\"button\" href=\"\/karjera\/\" target=\"_self\" rel=\"noopener\"> Per\u017ei\u016br\u0117ti laisvas darbo vietas <\/a> <img data-recalc-dims=\"1\" loading=\"lazy\" decoding=\"async\" title=\"Girl-right\" src=\"https:\/\/i0.wp.com\/cranes.lv\/wp-content\/uploads\/2017\/04\/Girl-right-1-1.png?resize=692%2C801&#038;ssl=1\" sizes=\"auto, (max-width: 768px) 100vw, 100vw\" srcset=\"https:\/\/i0.wp.com\/zemitanssia.wpcomstaging.com\/wp-content\/uploads\/2017\/04\/Girl-right-1-1.png?w=692&amp;ssl=1 692w, https:\/\/i0.wp.com\/zemitanssia.wpcomstaging.com\/wp-content\/uploads\/2017\/04\/Girl-right-1-1.png?resize=259%2C300&amp;ssl=1 259w, https:\/\/i0.wp.com\/zemitanssia.wpcomstaging.com\/wp-content\/uploads\/2017\/04\/Girl-right-1-1.png?resize=630%2C729&amp;ssl=1 630w, https:\/\/i0.wp.com\/zemitanssia.wpcomstaging.com\/wp-content\/uploads\/2017\/04\/Girl-right-1-1.png?resize=420%2C486&amp;ssl=1 420w, https:\/\/i0.wp.com\/zemitanssia.wpcomstaging.com\/wp-content\/uploads\/2017\/04\/Girl-right-1-1.png?resize=315%2C365&amp;ssl=1 315w\" alt=\"Girl-right\" width=\"692\" height=\"801\" \/><\/p>\r\n<h3>M\u016bs\u0173 biuras<\/h3>\r\n<p>Esame \u012fsik\u016br\u0119 R\u012bga, Latvija, Republikas laukums g. 3, LV-1010.<\/p>\r\n<p><a role=\"button\" href=\"\/kontaktai\/\" target=\"_self\" rel=\"noopener\"> Rasti biur\u0105 \u017eem\u0117lapyje <\/a><\/p>\r\n<h3>Palaikykite ry\u0161\u012f<\/h3>\r\n<p>Galite u\u017epildyti kontaktin\u0119 form\u0105 ir gauti profesionali\u0105 pagalb\u0105.<\/p>\r\n<p><a role=\"button\" href=\"\/kontaktai\/\" target=\"_self\" rel=\"noopener\"> U\u017epildykite form\u0105 <\/a><\/p>\r\n<h3>Palaikymas<\/h3>\r\n<p>Nor\u0117dami gauti patarim\u0173, ie\u0161kokite informacijos apie m\u016bs\u0173 gaminius.<\/p>\r\n<p><a role=\"button\" href=\"\/kontaktai\/\" target=\"_self\" rel=\"noopener\"> Susisiekite su mumis <\/a><\/p>\r\n<\/div><!-- .vgblk-rw-wrapper -->","protected":false},"excerpt":{"rendered":"<p>M\u016bs\u0173 darbo istorija skai\u010diais: 55+ S\u0117kmingai \u012fgyvendinti projektai 1000+ M\u016bs\u0173 \u012fmon\u0117s klientai 20+ Met\u0173 patirtis kran\u0173 \u012frangos rinkoje TAIKYMO SRITYS Didel\u0117 m\u016bs\u0173 \u012fmon\u0117s sukaupta patirtis leid\u017eia j\u0105 pritaikyti \u012fvairiose srityse Medienos apdirbimas Naudojamas dideliems r\u0105stams, medienai, \u012frangai ir \u012frankiams perve\u017eti Skaityti daugiau Energetikos sektorius Naudojamas k\u0117limo ir \u012frengimo \u012frangai energetikos \u012frenginiuose ir elektrin\u0117se. Skaityti daugiau&#8230;<\/p>\n","protected":false},"author":247047761,"featured_media":0,"parent":0,"menu_order":0,"comment_status":"closed","ping_status":"closed","template":"","meta":{"_acf_changed":false,"_crdt_document":"","inline_featured_image":false,"footnotes":""},"class_list":["post-989134","page","type-page","status-publish","hentry"],"acf":[],"yoast_head":"<!-- This site is optimized with the Yoast SEO plugin v27.5 - https:\/\/yoast.com\/product\/yoast-seo-wordpress\/ -->\n<title>Pagrindinis | telferi ir tiltiniai kranai | SWF Krantechnik - SIA &quot;Zemit\u0101ns&quot;<\/title>\n<meta name=\"description\" content=\"Pagrindinis | SIA &quot;Zemit\u0101ns&quot; | telferi ir tiltiniai kranai | SWF Krantechnik\" \/>\n<meta name=\"robots\" content=\"index, follow, max-snippet:-1, max-image-preview:large, max-video-preview:-1\" \/>\n<link rel=\"canonical\" href=\"https:\/\/cranes.lv\/lt\/\" \/>\n<meta property=\"og:locale\" content=\"lt_LT\" \/>\n<meta property=\"og:type\" content=\"article\" \/>\n<meta property=\"og:title\" content=\"Pagrindinis | telferi ir tiltiniai kranai | SWF Krantechnik - SIA &quot;Zemit\u0101ns&quot;\" \/>\n<meta property=\"og:description\" content=\"Pagrindinis | SIA &quot;Zemit\u0101ns&quot; | telferi ir tiltiniai kranai | SWF Krantechnik\" \/>\n<meta property=\"og:url\" content=\"https:\/\/cranes.lv\/lt\/\" \/>\n<meta property=\"og:site_name\" content=\"SIA &quot;Zemit\u0101ns&quot;\" \/>\n<meta property=\"article:publisher\" content=\"https:\/\/www.facebook.com\/profile.php?id=61551090123372\" \/>\n<meta property=\"article:modified_time\" content=\"2024-05-21T15:59:48+00:00\" \/>\n<meta property=\"og:image\" content=\"https:\/\/cranes.lv\/wp-content\/uploads\/2024\/04\/chainster_gt-1.png\" \/>\n\t<meta property=\"og:image:width\" content=\"500\" \/>\n\t<meta property=\"og:image:height\" content=\"432\" \/>\n\t<meta property=\"og:image:type\" content=\"image\/png\" \/>\n<meta name=\"twitter:card\" content=\"summary_large_image\" \/>\n<meta name=\"twitter:label1\" content=\"Est. reading time\" \/>\n\t<meta name=\"twitter:data1\" content=\"4 minut\u0117s\" \/>\n<script type=\"application\/ld+json\" class=\"yoast-schema-graph\">{\"@context\":\"https:\\\/\\\/schema.org\",\"@graph\":[{\"@type\":\"WebPage\",\"@id\":\"https:\\\/\\\/cranes.lv\\\/lt\\\/\",\"url\":\"https:\\\/\\\/cranes.lv\\\/lt\\\/\",\"name\":\"Pagrindinis | telferi ir tiltiniai kranai | SWF Krantechnik - SIA &quot;Zemit\u0101ns&quot;\",\"isPartOf\":{\"@id\":\"https:\\\/\\\/cranes.lv\\\/#website\"},\"primaryImageOfPage\":{\"@id\":\"https:\\\/\\\/cranes.lv\\\/lt\\\/#primaryimage\"},\"image\":{\"@id\":\"https:\\\/\\\/cranes.lv\\\/lt\\\/#primaryimage\"},\"thumbnailUrl\":\"https:\\\/\\\/cranes.lv\\\/wp-content\\\/uploads\\\/2017\\\/04\\\/Girl-right-1-1.png\",\"datePublished\":\"2024-03-26T14:04:28+00:00\",\"dateModified\":\"2024-05-21T15:59:48+00:00\",\"description\":\"Pagrindinis | SIA \\\"Zemit\u0101ns\\\" | telferi ir tiltiniai kranai | SWF Krantechnik\",\"breadcrumb\":{\"@id\":\"https:\\\/\\\/cranes.lv\\\/lt\\\/#breadcrumb\"},\"inLanguage\":\"lt-LT\",\"potentialAction\":[{\"@type\":\"ReadAction\",\"target\":[\"https:\\\/\\\/cranes.lv\\\/lt\\\/\"]}]},{\"@type\":\"ImageObject\",\"inLanguage\":\"lt-LT\",\"@id\":\"https:\\\/\\\/cranes.lv\\\/lt\\\/#primaryimage\",\"url\":\"https:\\\/\\\/cranes.lv\\\/wp-content\\\/uploads\\\/2017\\\/04\\\/Girl-right-1-1.png\",\"contentUrl\":\"https:\\\/\\\/cranes.lv\\\/wp-content\\\/uploads\\\/2017\\\/04\\\/Girl-right-1-1.png\"},{\"@type\":\"BreadcrumbList\",\"@id\":\"https:\\\/\\\/cranes.lv\\\/lt\\\/#breadcrumb\",\"itemListElement\":[{\"@type\":\"ListItem\",\"position\":1,\"name\":\"\u0413\u043b\u0430\u0432\u043d\u0430\u044f \u0441\u0442\u0440\u0430\u043d\u0438\u0446\u0430\",\"item\":\"https:\\\/\\\/cranes.lv\\\/lt\\\/\"},{\"@type\":\"ListItem\",\"position\":2,\"name\":\"Pagrindinis | telferi ir tiltiniai kranai | SWF Krantechnik\"}]},{\"@type\":\"WebSite\",\"@id\":\"https:\\\/\\\/cranes.lv\\\/#website\",\"url\":\"https:\\\/\\\/cranes.lv\\\/\",\"name\":\"Zemitans\",\"description\":\"\",\"publisher\":{\"@id\":\"https:\\\/\\\/cranes.lv\\\/#organization\"},\"potentialAction\":[{\"@type\":\"SearchAction\",\"target\":{\"@type\":\"EntryPoint\",\"urlTemplate\":\"https:\\\/\\\/cranes.lv\\\/?s={search_term_string}\"},\"query-input\":{\"@type\":\"PropertyValueSpecification\",\"valueRequired\":true,\"valueName\":\"search_term_string\"}}],\"inLanguage\":\"lt-LT\"},{\"@type\":\"Organization\",\"@id\":\"https:\\\/\\\/cranes.lv\\\/#organization\",\"name\":\"Zemitans\",\"url\":\"https:\\\/\\\/cranes.lv\\\/\",\"logo\":{\"@type\":\"ImageObject\",\"inLanguage\":\"lt-LT\",\"@id\":\"https:\\\/\\\/cranes.lv\\\/#\\\/schema\\\/logo\\\/image\\\/\",\"url\":\"https:\\\/\\\/cranes.lv\\\/wp-content\\\/uploads\\\/2024\\\/03\\\/Zemitans-1.svg\",\"contentUrl\":\"https:\\\/\\\/cranes.lv\\\/wp-content\\\/uploads\\\/2024\\\/03\\\/Zemitans-1.svg\",\"width\":300,\"height\":70,\"caption\":\"Zemitans\"},\"image\":{\"@id\":\"https:\\\/\\\/cranes.lv\\\/#\\\/schema\\\/logo\\\/image\\\/\"},\"sameAs\":[\"https:\\\/\\\/www.facebook.com\\\/profile.php?id=61551090123372\"]}]}<\/script>\n<!-- \/ Yoast SEO plugin. -->","yoast_head_json":{"title":"Pagrindinis | telferi ir tiltiniai kranai | SWF Krantechnik - SIA &quot;Zemit\u0101ns&quot;","description":"Pagrindinis | SIA \"Zemit\u0101ns\" | telferi ir tiltiniai kranai | SWF Krantechnik","robots":{"index":"index","follow":"follow","max-snippet":"max-snippet:-1","max-image-preview":"max-image-preview:large","max-video-preview":"max-video-preview:-1"},"canonical":"https:\/\/cranes.lv\/lt\/","og_locale":"lt_LT","og_type":"article","og_title":"Pagrindinis | telferi ir tiltiniai kranai | SWF Krantechnik - SIA &quot;Zemit\u0101ns&quot;","og_description":"Pagrindinis | SIA \"Zemit\u0101ns\" | telferi ir tiltiniai kranai | SWF Krantechnik","og_url":"https:\/\/cranes.lv\/lt\/","og_site_name":"SIA &quot;Zemit\u0101ns&quot;","article_publisher":"https:\/\/www.facebook.com\/profile.php?id=61551090123372","article_modified_time":"2024-05-21T15:59:48+00:00","og_image":[{"width":500,"height":432,"url":"https:\/\/cranes.lv\/wp-content\/uploads\/2024\/04\/chainster_gt-1.png","type":"image\/png"}],"twitter_card":"summary_large_image","twitter_misc":{"Est. reading time":"4 minut\u0117s"},"schema":{"@context":"https:\/\/schema.org","@graph":[{"@type":"WebPage","@id":"https:\/\/cranes.lv\/lt\/","url":"https:\/\/cranes.lv\/lt\/","name":"Pagrindinis | telferi ir tiltiniai kranai | SWF Krantechnik - SIA &quot;Zemit\u0101ns&quot;","isPartOf":{"@id":"https:\/\/cranes.lv\/#website"},"primaryImageOfPage":{"@id":"https:\/\/cranes.lv\/lt\/#primaryimage"},"image":{"@id":"https:\/\/cranes.lv\/lt\/#primaryimage"},"thumbnailUrl":"https:\/\/cranes.lv\/wp-content\/uploads\/2017\/04\/Girl-right-1-1.png","datePublished":"2024-03-26T14:04:28+00:00","dateModified":"2024-05-21T15:59:48+00:00","description":"Pagrindinis | SIA \"Zemit\u0101ns\" | telferi ir tiltiniai kranai | SWF Krantechnik","breadcrumb":{"@id":"https:\/\/cranes.lv\/lt\/#breadcrumb"},"inLanguage":"lt-LT","potentialAction":[{"@type":"ReadAction","target":["https:\/\/cranes.lv\/lt\/"]}]},{"@type":"ImageObject","inLanguage":"lt-LT","@id":"https:\/\/cranes.lv\/lt\/#primaryimage","url":"https:\/\/cranes.lv\/wp-content\/uploads\/2017\/04\/Girl-right-1-1.png","contentUrl":"https:\/\/cranes.lv\/wp-content\/uploads\/2017\/04\/Girl-right-1-1.png"},{"@type":"BreadcrumbList","@id":"https:\/\/cranes.lv\/lt\/#breadcrumb","itemListElement":[{"@type":"ListItem","position":1,"name":"\u0413\u043b\u0430\u0432\u043d\u0430\u044f \u0441\u0442\u0440\u0430\u043d\u0438\u0446\u0430","item":"https:\/\/cranes.lv\/lt\/"},{"@type":"ListItem","position":2,"name":"Pagrindinis | telferi ir tiltiniai kranai | SWF Krantechnik"}]},{"@type":"WebSite","@id":"https:\/\/cranes.lv\/#website","url":"https:\/\/cranes.lv\/","name":"Zemitans","description":"","publisher":{"@id":"https:\/\/cranes.lv\/#organization"},"potentialAction":[{"@type":"SearchAction","target":{"@type":"EntryPoint","urlTemplate":"https:\/\/cranes.lv\/?s={search_term_string}"},"query-input":{"@type":"PropertyValueSpecification","valueRequired":true,"valueName":"search_term_string"}}],"inLanguage":"lt-LT"},{"@type":"Organization","@id":"https:\/\/cranes.lv\/#organization","name":"Zemitans","url":"https:\/\/cranes.lv\/","logo":{"@type":"ImageObject","inLanguage":"lt-LT","@id":"https:\/\/cranes.lv\/#\/schema\/logo\/image\/","url":"https:\/\/cranes.lv\/wp-content\/uploads\/2024\/03\/Zemitans-1.svg","contentUrl":"https:\/\/cranes.lv\/wp-content\/uploads\/2024\/03\/Zemitans-1.svg","width":300,"height":70,"caption":"Zemitans"},"image":{"@id":"https:\/\/cranes.lv\/#\/schema\/logo\/image\/"},"sameAs":["https:\/\/www.facebook.com\/profile.php?id=61551090123372"]}]}},"jetpack_sharing_enabled":true,"_links":{"self":[{"href":"https:\/\/cranes.lv\/lt\/wp-json\/wp\/v2\/pages\/989134","targetHints":{"allow":["GET"]}}],"collection":[{"href":"https:\/\/cranes.lv\/lt\/wp-json\/wp\/v2\/pages"}],"about":[{"href":"https:\/\/cranes.lv\/lt\/wp-json\/wp\/v2\/types\/page"}],"author":[{"embeddable":true,"href":"https:\/\/cranes.lv\/lt\/wp-json\/wp\/v2\/users\/247047761"}],"replies":[{"embeddable":true,"href":"https:\/\/cranes.lv\/lt\/wp-json\/wp\/v2\/comments?post=989134"}],"version-history":[{"count":14,"href":"https:\/\/cranes.lv\/lt\/wp-json\/wp\/v2\/pages\/989134\/revisions"}],"predecessor-version":[{"id":990962,"href":"https:\/\/cranes.lv\/lt\/wp-json\/wp\/v2\/pages\/989134\/revisions\/990962"}],"wp:attachment":[{"href":"https:\/\/cranes.lv\/lt\/wp-json\/wp\/v2\/media?parent=989134"}],"curies":[{"name":"wp","href":"https:\/\/api.w.org\/{rel}","templated":true}]}}