{"id":990363,"date":"2024-04-02T16:40:41","date_gmt":"2024-04-02T13:40:41","guid":{"rendered":"https:\/\/cranes.lv\/?post_type=product&#038;p=990363"},"modified":"2024-04-14T13:28:12","modified_gmt":"2024-04-14T10:28:12","slug":"%d0%ba%d0%b0%d0%b1%d0%b5%d0%bb%d1%8c%d0%bd%d0%b0%d1%8f-%d1%81%d0%b8%d1%81%d1%82%d0%b5%d0%bc%d0%b0-%d0%bf%d0%b8%d1%82%d0%b0%d0%bd%d0%b8%d1%8f-ee","status":"publish","type":"product","link":"https:\/\/cranes.lv\/et\/product\/%d0%ba%d0%b0%d0%b1%d0%b5%d0%bb%d1%8c%d0%bd%d0%b0%d1%8f-%d1%81%d0%b8%d1%81%d1%82%d0%b5%d0%bc%d0%b0-%d0%bf%d0%b8%d1%82%d0%b0%d0%bd%d0%b8%d1%8f-ee\/","title":{"rendered":"Toitekaabel"},"content":{"rendered":"","protected":false},"excerpt":{"rendered":"<h4>Toitekaabel<\/h4>\n<p>Akapp-Stemmann Festoon on turvaline, t\u00f5hus ja \u00f6konoomne k\u00f6ieveos\u00fcsteem. Teisaldatavad lamedad kaablid riputatakse k\u00e4rudele, mis liiguvad mobiilseadmega terasest C-profiilis (vt joonist).<br \/>\nAkapp-Stemmann Festooni s\u00fcsteeme kasutatakse selleks, et tagada k\u00f5igi mobiilseadmete sujuv toiteahel ja juhtimine n\u00e4iteks j\u00e4rgnevate seadmete puhul:<br \/>\n\u2022 kraanid<br \/>\n\u2022 liftid<br \/>\n\u2022 palju mud sisetranspordiseadmed<br \/>\n\u2022 masinad v\u00f5i t\u00f6\u00f6riistad<br \/>\nNeid s\u00fcsteeme kasutatakse paljudes rakendustes ja v\u00e4ga erinevates keskkonnatingimustes \u00fcle kogu maailma nii sise- kui ka v\u00e4listingimustes.<br \/>\nAkapp-Stemmanni kamms\u00fcsteem<br \/>\nC-profiili eriline kuju tagab kaablik\u00e4ru sujuva t\u00f6\u00f6, mist\u00f5ttu on k\u00e4ru mehaaniliselt vastupidav ja kulub v\u00e4he.<br \/>\nProfiile saab kasutada ka v\u00e4litingimustes ning tolmuses ja niiskes keskkonnas.<br \/>\nM\u00f6\u00f6da C-profiili liikuvad k\u00e4rurattad puhastavad pinda, ennetavad tolmu kogunemist jne.<\/p>\n","protected":false},"featured_media":990461,"template":"","meta":{"_acf_changed":false,"_crdt_document":"","inline_featured_image":false},"product_brand":[],"product_cat":[805831],"product_tag":[],"class_list":{"0":"post-990363","1":"product","2":"type-product","3":"status-publish","4":"has-post-thumbnail","6":"product_cat-equipment-ee","8":"first","9":"instock","10":"shipping-taxable","11":"product-type-simple"},"acf":[],"yoast_head":"<!-- This site is optimized with the Yoast SEO plugin v27.3 - https:\/\/yoast.com\/product\/yoast-seo-wordpress\/ -->\n<title>Toitekaabel - SIA &quot;Zemit\u0101ns&quot;<\/title>\n<meta name=\"description\" content=\"SIA &quot;Zemit\u0101ns&quot; \u044f\u0432\u043b\u044f\u0435\u0442\u0441\u044f \u043e\u0444\u0438\u0446\u0438\u0430\u043b\u044c\u043d\u044b\u043c \u043f\u0430\u0440\u0442\u043d\u0451\u0440\u043e\u043c SWF Krantechnik \u043d\u0435\u043c\u0435\u0446\u043a\u043e\u0439 \u043a\u043e\u043c\u043f\u0430\u043d\u0438\u0438 \u043f\u043e \u043f\u0440\u043e\u0438\u0437\u0432\u043e\u0434\u0441\u0442\u0432\u0443 \u043c\u043e\u0441\u0442\u043e\u0432\u044b\u0445, \u043a\u043e\u043d\u0441\u043e\u043b\u044c\u043d\u044b\u0445 \u043a\u0440\u0430\u043d\u043e\u0432 \u0438 \u0442\u0435\u043b\u044c\u0444\u0435\u0440\u043e\u0432 \u0440\u0430\u0437\u043b\u0438\u0447\u043d\u043e\u0433\u043e \u043d\u0430\u0437\u043d\u0430\u0447\u0435\u043d\u0438\u044f.\" \/>\n<meta name=\"robots\" content=\"index, follow, max-snippet:-1, max-image-preview:large, max-video-preview:-1\" \/>\n<link rel=\"canonical\" href=\"https:\/\/cranes.lv\/product\/\u043a\u0430\u0431\u0435\u043b\u044c\u043d\u0430\u044f-\u0441\u0438\u0441\u0442\u0435\u043c\u0430-\u043f\u0438\u0442\u0430\u043d\u0438\u044f-ee\/\" \/>\n<meta property=\"og:locale\" content=\"et_EE\" \/>\n<meta property=\"og:type\" content=\"article\" \/>\n<meta property=\"og:title\" content=\"Toitekaabel - SIA &quot;Zemit\u0101ns&quot;\" \/>\n<meta property=\"og:description\" content=\"SIA &quot;Zemit\u0101ns&quot; \u044f\u0432\u043b\u044f\u0435\u0442\u0441\u044f \u043e\u0444\u0438\u0446\u0438\u0430\u043b\u044c\u043d\u044b\u043c \u043f\u0430\u0440\u0442\u043d\u0451\u0440\u043e\u043c SWF Krantechnik \u043d\u0435\u043c\u0435\u0446\u043a\u043e\u0439 \u043a\u043e\u043c\u043f\u0430\u043d\u0438\u0438 \u043f\u043e \u043f\u0440\u043e\u0438\u0437\u0432\u043e\u0434\u0441\u0442\u0432\u0443 \u043c\u043e\u0441\u0442\u043e\u0432\u044b\u0445, \u043a\u043e\u043d\u0441\u043e\u043b\u044c\u043d\u044b\u0445 \u043a\u0440\u0430\u043d\u043e\u0432 \u0438 \u0442\u0435\u043b\u044c\u0444\u0435\u0440\u043e\u0432 \u0440\u0430\u0437\u043b\u0438\u0447\u043d\u043e\u0433\u043e \u043d\u0430\u0437\u043d\u0430\u0447\u0435\u043d\u0438\u044f.\" \/>\n<meta property=\"og:url\" content=\"https:\/\/cranes.lv\/product\/\u043a\u0430\u0431\u0435\u043b\u044c\u043d\u0430\u044f-\u0441\u0438\u0441\u0442\u0435\u043c\u0430-\u043f\u0438\u0442\u0430\u043d\u0438\u044f-ee\/\" \/>\n<meta property=\"og:site_name\" content=\"SIA &quot;Zemit\u0101ns&quot;\" \/>\n<meta property=\"article:publisher\" content=\"https:\/\/www.facebook.com\/profile.php?id=61551090123372\" \/>\n<meta property=\"article:modified_time\" content=\"2024-04-14T10:28:12+00:00\" \/>\n<meta property=\"og:image\" content=\"https:\/\/i0.wp.com\/cranes.lv\/wp-content\/uploads\/2024\/04\/P1000925_Festoon.jpg?fit=1024%2C768&ssl=1\" \/>\n\t<meta property=\"og:image:width\" content=\"1024\" \/>\n\t<meta property=\"og:image:height\" content=\"768\" \/>\n\t<meta property=\"og:image:type\" content=\"image\/jpeg\" \/>\n<meta name=\"twitter:card\" content=\"summary_large_image\" \/>\n<meta name=\"twitter:label1\" content=\"Est. reading time\" \/>\n\t<meta name=\"twitter:data1\" content=\"1 minut\" \/>\n<script type=\"application\/ld+json\" class=\"yoast-schema-graph\">{\"@context\":\"https:\\\/\\\/schema.org\",\"@graph\":[{\"@type\":\"WebPage\",\"@id\":\"https:\\\/\\\/cranes.lv\\\/product\\\/%d0%ba%d0%b0%d0%b1%d0%b5%d0%bb%d1%8c%d0%bd%d0%b0%d1%8f-%d1%81%d0%b8%d1%81%d1%82%d0%b5%d0%bc%d0%b0-%d0%bf%d0%b8%d1%82%d0%b0%d0%bd%d0%b8%d1%8f-ee\\\/\",\"url\":\"https:\\\/\\\/cranes.lv\\\/product\\\/%d0%ba%d0%b0%d0%b1%d0%b5%d0%bb%d1%8c%d0%bd%d0%b0%d1%8f-%d1%81%d0%b8%d1%81%d1%82%d0%b5%d0%bc%d0%b0-%d0%bf%d0%b8%d1%82%d0%b0%d0%bd%d0%b8%d1%8f-ee\\\/\",\"name\":\"Toitekaabel - SIA &quot;Zemit\u0101ns&quot;\",\"isPartOf\":{\"@id\":\"https:\\\/\\\/cranes.lv\\\/#website\"},\"primaryImageOfPage\":{\"@id\":\"https:\\\/\\\/cranes.lv\\\/product\\\/%d0%ba%d0%b0%d0%b1%d0%b5%d0%bb%d1%8c%d0%bd%d0%b0%d1%8f-%d1%81%d0%b8%d1%81%d1%82%d0%b5%d0%bc%d0%b0-%d0%bf%d0%b8%d1%82%d0%b0%d0%bd%d0%b8%d1%8f-ee\\\/#primaryimage\"},\"image\":{\"@id\":\"https:\\\/\\\/cranes.lv\\\/product\\\/%d0%ba%d0%b0%d0%b1%d0%b5%d0%bb%d1%8c%d0%bd%d0%b0%d1%8f-%d1%81%d0%b8%d1%81%d1%82%d0%b5%d0%bc%d0%b0-%d0%bf%d0%b8%d1%82%d0%b0%d0%bd%d0%b8%d1%8f-ee\\\/#primaryimage\"},\"thumbnailUrl\":\"https:\\\/\\\/i0.wp.com\\\/cranes.lv\\\/wp-content\\\/uploads\\\/2024\\\/04\\\/P1000925_Festoon.jpg?fit=1024%2C768&ssl=1\",\"datePublished\":\"2024-04-02T13:40:41+00:00\",\"dateModified\":\"2024-04-14T10:28:12+00:00\",\"description\":\"SIA \\\"Zemit\u0101ns\\\" \u044f\u0432\u043b\u044f\u0435\u0442\u0441\u044f \u043e\u0444\u0438\u0446\u0438\u0430\u043b\u044c\u043d\u044b\u043c \u043f\u0430\u0440\u0442\u043d\u0451\u0440\u043e\u043c SWF Krantechnik \u043d\u0435\u043c\u0435\u0446\u043a\u043e\u0439 \u043a\u043e\u043c\u043f\u0430\u043d\u0438\u0438 \u043f\u043e \u043f\u0440\u043e\u0438\u0437\u0432\u043e\u0434\u0441\u0442\u0432\u0443 \u043c\u043e\u0441\u0442\u043e\u0432\u044b\u0445, \u043a\u043e\u043d\u0441\u043e\u043b\u044c\u043d\u044b\u0445 \u043a\u0440\u0430\u043d\u043e\u0432 \u0438 \u0442\u0435\u043b\u044c\u0444\u0435\u0440\u043e\u0432 \u0440\u0430\u0437\u043b\u0438\u0447\u043d\u043e\u0433\u043e \u043d\u0430\u0437\u043d\u0430\u0447\u0435\u043d\u0438\u044f.\",\"breadcrumb\":{\"@id\":\"https:\\\/\\\/cranes.lv\\\/product\\\/%d0%ba%d0%b0%d0%b1%d0%b5%d0%bb%d1%8c%d0%bd%d0%b0%d1%8f-%d1%81%d0%b8%d1%81%d1%82%d0%b5%d0%bc%d0%b0-%d0%bf%d0%b8%d1%82%d0%b0%d0%bd%d0%b8%d1%8f-ee\\\/#breadcrumb\"},\"inLanguage\":\"et\",\"potentialAction\":[{\"@type\":\"ReadAction\",\"target\":[\"https:\\\/\\\/cranes.lv\\\/product\\\/%d0%ba%d0%b0%d0%b1%d0%b5%d0%bb%d1%8c%d0%bd%d0%b0%d1%8f-%d1%81%d0%b8%d1%81%d1%82%d0%b5%d0%bc%d0%b0-%d0%bf%d0%b8%d1%82%d0%b0%d0%bd%d0%b8%d1%8f-ee\\\/\"]}]},{\"@type\":\"ImageObject\",\"inLanguage\":\"et\",\"@id\":\"https:\\\/\\\/cranes.lv\\\/product\\\/%d0%ba%d0%b0%d0%b1%d0%b5%d0%bb%d1%8c%d0%bd%d0%b0%d1%8f-%d1%81%d0%b8%d1%81%d1%82%d0%b5%d0%bc%d0%b0-%d0%bf%d0%b8%d1%82%d0%b0%d0%bd%d0%b8%d1%8f-ee\\\/#primaryimage\",\"url\":\"https:\\\/\\\/i0.wp.com\\\/cranes.lv\\\/wp-content\\\/uploads\\\/2024\\\/04\\\/P1000925_Festoon.jpg?fit=1024%2C768&ssl=1\",\"contentUrl\":\"https:\\\/\\\/i0.wp.com\\\/cranes.lv\\\/wp-content\\\/uploads\\\/2024\\\/04\\\/P1000925_Festoon.jpg?fit=1024%2C768&ssl=1\",\"width\":1024,\"height\":768},{\"@type\":\"BreadcrumbList\",\"@id\":\"https:\\\/\\\/cranes.lv\\\/product\\\/%d0%ba%d0%b0%d0%b1%d0%b5%d0%bb%d1%8c%d0%bd%d0%b0%d1%8f-%d1%81%d0%b8%d1%81%d1%82%d0%b5%d0%bc%d0%b0-%d0%bf%d0%b8%d1%82%d0%b0%d0%bd%d0%b8%d1%8f-ee\\\/#breadcrumb\",\"itemListElement\":[{\"@type\":\"ListItem\",\"position\":1,\"name\":\"\u0413\u043b\u0430\u0432\u043d\u0430\u044f \u0441\u0442\u0440\u0430\u043d\u0438\u0446\u0430\",\"item\":\"https:\\\/\\\/cranes.lv\\\/ee\\\/\"},{\"@type\":\"ListItem\",\"position\":2,\"name\":\"\u041f\u0440\u043e\u0434\u0443\u043a\u0442\u044b 2\",\"item\":\"https:\\\/\\\/cranes.lv\\\/?page_id=13251\"},{\"@type\":\"ListItem\",\"position\":3,\"name\":\"Toitekaabel\"}]},{\"@type\":\"WebSite\",\"@id\":\"https:\\\/\\\/cranes.lv\\\/#website\",\"url\":\"https:\\\/\\\/cranes.lv\\\/\",\"name\":\"Zemitans\",\"description\":\"\",\"publisher\":{\"@id\":\"https:\\\/\\\/cranes.lv\\\/#organization\"},\"potentialAction\":[{\"@type\":\"SearchAction\",\"target\":{\"@type\":\"EntryPoint\",\"urlTemplate\":\"https:\\\/\\\/cranes.lv\\\/?s={search_term_string}\"},\"query-input\":{\"@type\":\"PropertyValueSpecification\",\"valueRequired\":true,\"valueName\":\"search_term_string\"}}],\"inLanguage\":\"et\"},{\"@type\":\"Organization\",\"@id\":\"https:\\\/\\\/cranes.lv\\\/#organization\",\"name\":\"Zemitans\",\"url\":\"https:\\\/\\\/cranes.lv\\\/\",\"logo\":{\"@type\":\"ImageObject\",\"inLanguage\":\"et\",\"@id\":\"https:\\\/\\\/cranes.lv\\\/#\\\/schema\\\/logo\\\/image\\\/\",\"url\":\"https:\\\/\\\/cranes.lv\\\/wp-content\\\/uploads\\\/2024\\\/03\\\/Zemitans-1.svg\",\"contentUrl\":\"https:\\\/\\\/cranes.lv\\\/wp-content\\\/uploads\\\/2024\\\/03\\\/Zemitans-1.svg\",\"width\":300,\"height\":70,\"caption\":\"Zemitans\"},\"image\":{\"@id\":\"https:\\\/\\\/cranes.lv\\\/#\\\/schema\\\/logo\\\/image\\\/\"},\"sameAs\":[\"https:\\\/\\\/www.facebook.com\\\/profile.php?id=61551090123372\"]}]}<\/script>\n<!-- \/ Yoast SEO plugin. -->","yoast_head_json":{"title":"Toitekaabel - SIA &quot;Zemit\u0101ns&quot;","description":"SIA \"Zemit\u0101ns\" \u044f\u0432\u043b\u044f\u0435\u0442\u0441\u044f \u043e\u0444\u0438\u0446\u0438\u0430\u043b\u044c\u043d\u044b\u043c \u043f\u0430\u0440\u0442\u043d\u0451\u0440\u043e\u043c SWF Krantechnik \u043d\u0435\u043c\u0435\u0446\u043a\u043e\u0439 \u043a\u043e\u043c\u043f\u0430\u043d\u0438\u0438 \u043f\u043e \u043f\u0440\u043e\u0438\u0437\u0432\u043e\u0434\u0441\u0442\u0432\u0443 \u043c\u043e\u0441\u0442\u043e\u0432\u044b\u0445, \u043a\u043e\u043d\u0441\u043e\u043b\u044c\u043d\u044b\u0445 \u043a\u0440\u0430\u043d\u043e\u0432 \u0438 \u0442\u0435\u043b\u044c\u0444\u0435\u0440\u043e\u0432 \u0440\u0430\u0437\u043b\u0438\u0447\u043d\u043e\u0433\u043e \u043d\u0430\u0437\u043d\u0430\u0447\u0435\u043d\u0438\u044f.","robots":{"index":"index","follow":"follow","max-snippet":"max-snippet:-1","max-image-preview":"max-image-preview:large","max-video-preview":"max-video-preview:-1"},"canonical":"https:\/\/cranes.lv\/product\/\u043a\u0430\u0431\u0435\u043b\u044c\u043d\u0430\u044f-\u0441\u0438\u0441\u0442\u0435\u043c\u0430-\u043f\u0438\u0442\u0430\u043d\u0438\u044f-ee\/","og_locale":"et_EE","og_type":"article","og_title":"Toitekaabel - SIA &quot;Zemit\u0101ns&quot;","og_description":"SIA \"Zemit\u0101ns\" \u044f\u0432\u043b\u044f\u0435\u0442\u0441\u044f \u043e\u0444\u0438\u0446\u0438\u0430\u043b\u044c\u043d\u044b\u043c \u043f\u0430\u0440\u0442\u043d\u0451\u0440\u043e\u043c SWF Krantechnik \u043d\u0435\u043c\u0435\u0446\u043a\u043e\u0439 \u043a\u043e\u043c\u043f\u0430\u043d\u0438\u0438 \u043f\u043e \u043f\u0440\u043e\u0438\u0437\u0432\u043e\u0434\u0441\u0442\u0432\u0443 \u043c\u043e\u0441\u0442\u043e\u0432\u044b\u0445, \u043a\u043e\u043d\u0441\u043e\u043b\u044c\u043d\u044b\u0445 \u043a\u0440\u0430\u043d\u043e\u0432 \u0438 \u0442\u0435\u043b\u044c\u0444\u0435\u0440\u043e\u0432 \u0440\u0430\u0437\u043b\u0438\u0447\u043d\u043e\u0433\u043e \u043d\u0430\u0437\u043d\u0430\u0447\u0435\u043d\u0438\u044f.","og_url":"https:\/\/cranes.lv\/product\/\u043a\u0430\u0431\u0435\u043b\u044c\u043d\u0430\u044f-\u0441\u0438\u0441\u0442\u0435\u043c\u0430-\u043f\u0438\u0442\u0430\u043d\u0438\u044f-ee\/","og_site_name":"SIA &quot;Zemit\u0101ns&quot;","article_publisher":"https:\/\/www.facebook.com\/profile.php?id=61551090123372","article_modified_time":"2024-04-14T10:28:12+00:00","og_image":[{"width":1024,"height":768,"url":"https:\/\/i0.wp.com\/cranes.lv\/wp-content\/uploads\/2024\/04\/P1000925_Festoon.jpg?fit=1024%2C768&ssl=1","type":"image\/jpeg"}],"twitter_card":"summary_large_image","twitter_misc":{"Est. reading time":"1 minut"},"schema":{"@context":"https:\/\/schema.org","@graph":[{"@type":"WebPage","@id":"https:\/\/cranes.lv\/product\/%d0%ba%d0%b0%d0%b1%d0%b5%d0%bb%d1%8c%d0%bd%d0%b0%d1%8f-%d1%81%d0%b8%d1%81%d1%82%d0%b5%d0%bc%d0%b0-%d0%bf%d0%b8%d1%82%d0%b0%d0%bd%d0%b8%d1%8f-ee\/","url":"https:\/\/cranes.lv\/product\/%d0%ba%d0%b0%d0%b1%d0%b5%d0%bb%d1%8c%d0%bd%d0%b0%d1%8f-%d1%81%d0%b8%d1%81%d1%82%d0%b5%d0%bc%d0%b0-%d0%bf%d0%b8%d1%82%d0%b0%d0%bd%d0%b8%d1%8f-ee\/","name":"Toitekaabel - SIA &quot;Zemit\u0101ns&quot;","isPartOf":{"@id":"https:\/\/cranes.lv\/#website"},"primaryImageOfPage":{"@id":"https:\/\/cranes.lv\/product\/%d0%ba%d0%b0%d0%b1%d0%b5%d0%bb%d1%8c%d0%bd%d0%b0%d1%8f-%d1%81%d0%b8%d1%81%d1%82%d0%b5%d0%bc%d0%b0-%d0%bf%d0%b8%d1%82%d0%b0%d0%bd%d0%b8%d1%8f-ee\/#primaryimage"},"image":{"@id":"https:\/\/cranes.lv\/product\/%d0%ba%d0%b0%d0%b1%d0%b5%d0%bb%d1%8c%d0%bd%d0%b0%d1%8f-%d1%81%d0%b8%d1%81%d1%82%d0%b5%d0%bc%d0%b0-%d0%bf%d0%b8%d1%82%d0%b0%d0%bd%d0%b8%d1%8f-ee\/#primaryimage"},"thumbnailUrl":"https:\/\/i0.wp.com\/cranes.lv\/wp-content\/uploads\/2024\/04\/P1000925_Festoon.jpg?fit=1024%2C768&ssl=1","datePublished":"2024-04-02T13:40:41+00:00","dateModified":"2024-04-14T10:28:12+00:00","description":"SIA \"Zemit\u0101ns\" \u044f\u0432\u043b\u044f\u0435\u0442\u0441\u044f \u043e\u0444\u0438\u0446\u0438\u0430\u043b\u044c\u043d\u044b\u043c \u043f\u0430\u0440\u0442\u043d\u0451\u0440\u043e\u043c SWF Krantechnik \u043d\u0435\u043c\u0435\u0446\u043a\u043e\u0439 \u043a\u043e\u043c\u043f\u0430\u043d\u0438\u0438 \u043f\u043e \u043f\u0440\u043e\u0438\u0437\u0432\u043e\u0434\u0441\u0442\u0432\u0443 \u043c\u043e\u0441\u0442\u043e\u0432\u044b\u0445, \u043a\u043e\u043d\u0441\u043e\u043b\u044c\u043d\u044b\u0445 \u043a\u0440\u0430\u043d\u043e\u0432 \u0438 \u0442\u0435\u043b\u044c\u0444\u0435\u0440\u043e\u0432 \u0440\u0430\u0437\u043b\u0438\u0447\u043d\u043e\u0433\u043e \u043d\u0430\u0437\u043d\u0430\u0447\u0435\u043d\u0438\u044f.","breadcrumb":{"@id":"https:\/\/cranes.lv\/product\/%d0%ba%d0%b0%d0%b1%d0%b5%d0%bb%d1%8c%d0%bd%d0%b0%d1%8f-%d1%81%d0%b8%d1%81%d1%82%d0%b5%d0%bc%d0%b0-%d0%bf%d0%b8%d1%82%d0%b0%d0%bd%d0%b8%d1%8f-ee\/#breadcrumb"},"inLanguage":"et","potentialAction":[{"@type":"ReadAction","target":["https:\/\/cranes.lv\/product\/%d0%ba%d0%b0%d0%b1%d0%b5%d0%bb%d1%8c%d0%bd%d0%b0%d1%8f-%d1%81%d0%b8%d1%81%d1%82%d0%b5%d0%bc%d0%b0-%d0%bf%d0%b8%d1%82%d0%b0%d0%bd%d0%b8%d1%8f-ee\/"]}]},{"@type":"ImageObject","inLanguage":"et","@id":"https:\/\/cranes.lv\/product\/%d0%ba%d0%b0%d0%b1%d0%b5%d0%bb%d1%8c%d0%bd%d0%b0%d1%8f-%d1%81%d0%b8%d1%81%d1%82%d0%b5%d0%bc%d0%b0-%d0%bf%d0%b8%d1%82%d0%b0%d0%bd%d0%b8%d1%8f-ee\/#primaryimage","url":"https:\/\/i0.wp.com\/cranes.lv\/wp-content\/uploads\/2024\/04\/P1000925_Festoon.jpg?fit=1024%2C768&ssl=1","contentUrl":"https:\/\/i0.wp.com\/cranes.lv\/wp-content\/uploads\/2024\/04\/P1000925_Festoon.jpg?fit=1024%2C768&ssl=1","width":1024,"height":768},{"@type":"BreadcrumbList","@id":"https:\/\/cranes.lv\/product\/%d0%ba%d0%b0%d0%b1%d0%b5%d0%bb%d1%8c%d0%bd%d0%b0%d1%8f-%d1%81%d0%b8%d1%81%d1%82%d0%b5%d0%bc%d0%b0-%d0%bf%d0%b8%d1%82%d0%b0%d0%bd%d0%b8%d1%8f-ee\/#breadcrumb","itemListElement":[{"@type":"ListItem","position":1,"name":"\u0413\u043b\u0430\u0432\u043d\u0430\u044f \u0441\u0442\u0440\u0430\u043d\u0438\u0446\u0430","item":"https:\/\/cranes.lv\/ee\/"},{"@type":"ListItem","position":2,"name":"\u041f\u0440\u043e\u0434\u0443\u043a\u0442\u044b 2","item":"https:\/\/cranes.lv\/?page_id=13251"},{"@type":"ListItem","position":3,"name":"Toitekaabel"}]},{"@type":"WebSite","@id":"https:\/\/cranes.lv\/#website","url":"https:\/\/cranes.lv\/","name":"Zemitans","description":"","publisher":{"@id":"https:\/\/cranes.lv\/#organization"},"potentialAction":[{"@type":"SearchAction","target":{"@type":"EntryPoint","urlTemplate":"https:\/\/cranes.lv\/?s={search_term_string}"},"query-input":{"@type":"PropertyValueSpecification","valueRequired":true,"valueName":"search_term_string"}}],"inLanguage":"et"},{"@type":"Organization","@id":"https:\/\/cranes.lv\/#organization","name":"Zemitans","url":"https:\/\/cranes.lv\/","logo":{"@type":"ImageObject","inLanguage":"et","@id":"https:\/\/cranes.lv\/#\/schema\/logo\/image\/","url":"https:\/\/cranes.lv\/wp-content\/uploads\/2024\/03\/Zemitans-1.svg","contentUrl":"https:\/\/cranes.lv\/wp-content\/uploads\/2024\/03\/Zemitans-1.svg","width":300,"height":70,"caption":"Zemitans"},"image":{"@id":"https:\/\/cranes.lv\/#\/schema\/logo\/image\/"},"sameAs":["https:\/\/www.facebook.com\/profile.php?id=61551090123372"]}]}},"jetpack_sharing_enabled":true,"_links":{"self":[{"href":"https:\/\/cranes.lv\/et\/wp-json\/wp\/v2\/product\/990363","targetHints":{"allow":["GET"]}}],"collection":[{"href":"https:\/\/cranes.lv\/et\/wp-json\/wp\/v2\/product"}],"about":[{"href":"https:\/\/cranes.lv\/et\/wp-json\/wp\/v2\/types\/product"}],"wp:featuredmedia":[{"embeddable":true,"href":"https:\/\/cranes.lv\/et\/wp-json\/wp\/v2\/media\/990461"}],"wp:attachment":[{"href":"https:\/\/cranes.lv\/et\/wp-json\/wp\/v2\/media?parent=990363"}],"wp:term":[{"taxonomy":"product_brand","embeddable":true,"href":"https:\/\/cranes.lv\/et\/wp-json\/wp\/v2\/product_brand?post=990363"},{"taxonomy":"product_cat","embeddable":true,"href":"https:\/\/cranes.lv\/et\/wp-json\/wp\/v2\/product_cat?post=990363"},{"taxonomy":"product_tag","embeddable":true,"href":"https:\/\/cranes.lv\/et\/wp-json\/wp\/v2\/product_tag?post=990363"}],"curies":[{"name":"wp","href":"https:\/\/api.w.org\/{rel}","templated":true}]}}