{"id":989314,"date":"2024-03-20T12:30:31","date_gmt":"2024-03-20T10:30:31","guid":{"rendered":"https:\/\/cranes.lv\/?page_id=989314"},"modified":"2024-04-21T20:57:18","modified_gmt":"2024-04-21T17:57:18","slug":"hooldus-kraanad","status":"publish","type":"page","link":"https:\/\/cranes.lv\/et\/hooldus-kraanad\/","title":{"rendered":"Tehnohooldus"},"content":{"rendered":"<div class=\"vgblk-rw-wrapper limit-wrapper\">\r\n<h3>\r\n\tKraanade <br \/><strong>tehnohooldus<\/strong>\r\n\t<\/h3>\r\n\tMeie ettev\u00f5te teenindab erinevate ettev\u00f5tete ja tootjate sild-, pukk- ja portaalkraanasid. Pakume t\u00f5steseadmetele individuaalseid hooldusprogramme vastavalt teie toodete omadustele.\r\nIga-aastane hooldus on t\u00f5steseadmete, sealhulgas kraanade hooldamise vajalik osa. T\u00e4nu regulaarsele hooldusele on v\u00f5imalik pikendada kraanade eluiga, tuvastada \u00f5igeaegselt rikkeid ja v\u00e4ltida kulukaid remondit\u00f6id.\r\nKraana hooldus on puhastus-, juhtimis- ja diagnostika-, kinnitus-, reguleerimis- ja m\u00e4\u00e4rimismeetmete kompleks, et s\u00e4ilitada kraana funktsionaalsus k\u00f5igil t\u00f6\u00f6etappidel.\r\nMeiega on v\u00f5imalik s\u00f5lmida kraana hoolduslepinguid, mille alusel hooldame kliendi kraanat kokkulepitud aja jooksul. Teenindus on kohandatud konkreetse seadme spetsiifikale ja selle eesm\u00e4rk on t\u00f5sta kraana j\u00f5udlust, v\u00e4ltides rikkeid.\r\nKraana hoolduslepingu s\u00f5lmimisega v\u00e4hendavad meie kliendid seadmete seisakutest tekkivaid kadusid ja garanteeritake pidev tootmisprotsess.\r\nKorrap\u00e4rase hoolduse tulemusena saate meilt tehtud hoolduse aruande, kus kajastub hinnang kraana \u00fcldisele seisukorrale, tehtud t\u00f6\u00f6de maht ja vajadusel soovitused selle seisukorra parandamiseks. Meie ettev\u00f5te teeb ka h\u00e4daabik\u00f5nesid ja k\u00f5rvaldab rikkeid v\u00f5imalikult l\u00fchikese ajaga. Selleks v\u00f5tke \u00fchendust meie dispet\u0161eriga, et leppida kokku sobiv aeg.\r\n\r\n<\/div><!-- .vgblk-rw-wrapper -->","protected":false},"excerpt":{"rendered":"<p>Kraanade tehnohooldus Meie ettev\u00f5te teenindab erinevate ettev\u00f5tete ja tootjate sild-, pukk- ja portaalkraanasid. Pakume t\u00f5steseadmetele individuaalseid hooldusprogramme vastavalt teie toodete omadustele. Iga-aastane hooldus on t\u00f5steseadmete, sealhulgas kraanade hooldamise vajalik osa. T\u00e4nu regulaarsele hooldusele on v\u00f5imalik pikendada kraanade eluiga, tuvastada \u00f5igeaegselt rikkeid ja v\u00e4ltida kulukaid remondit\u00f6id. Kraana hooldus on puhastus-, juhtimis- ja diagnostika-, kinnitus-, reguleerimis- ja&#8230;<\/p>\n","protected":false},"author":247047761,"featured_media":0,"parent":0,"menu_order":0,"comment_status":"closed","ping_status":"closed","template":"","meta":{"_acf_changed":false,"_crdt_document":"","inline_featured_image":false,"footnotes":""},"class_list":["post-989314","page","type-page","status-publish","hentry"],"acf":[],"yoast_head":"<!-- This site is optimized with the Yoast SEO plugin v27.6 - https:\/\/yoast.com\/product\/yoast-seo-wordpress\/ -->\n<title>Tehnohooldus - SIA &quot;Zemit\u0101ns&quot;<\/title>\n<meta name=\"description\" content=\"Hooldus kraanad | SIA &quot;Zemit\u0101ns&quot; | hoists and bridge cranes | SWF Krantechnik\" \/>\n<meta name=\"robots\" content=\"index, follow, max-snippet:-1, max-image-preview:large, max-video-preview:-1\" \/>\n<link rel=\"canonical\" href=\"https:\/\/cranes.lv\/hooldus-kraanad\/\" \/>\n<meta property=\"og:locale\" content=\"et_EE\" \/>\n<meta property=\"og:type\" content=\"article\" \/>\n<meta property=\"og:title\" content=\"Tehnohooldus - SIA &quot;Zemit\u0101ns&quot;\" \/>\n<meta property=\"og:description\" content=\"Hooldus kraanad | SIA &quot;Zemit\u0101ns&quot; | hoists and bridge cranes | SWF Krantechnik\" \/>\n<meta property=\"og:url\" content=\"https:\/\/cranes.lv\/hooldus-kraanad\/\" \/>\n<meta property=\"og:site_name\" content=\"SIA &quot;Zemit\u0101ns&quot;\" \/>\n<meta property=\"article:publisher\" content=\"https:\/\/www.facebook.com\/profile.php?id=61551090123372\" \/>\n<meta property=\"article:modified_time\" content=\"2024-04-21T17:57:18+00:00\" \/>\n<meta name=\"twitter:card\" content=\"summary_large_image\" \/>\n<meta name=\"twitter:label1\" content=\"Est. reading time\" \/>\n\t<meta name=\"twitter:data1\" content=\"1 minut\" \/>\n<script type=\"application\/ld+json\" class=\"yoast-schema-graph\">{\"@context\":\"https:\\\/\\\/schema.org\",\"@graph\":[{\"@type\":\"WebPage\",\"@id\":\"https:\\\/\\\/cranes.lv\\\/hooldus-kraanad\\\/\",\"url\":\"https:\\\/\\\/cranes.lv\\\/hooldus-kraanad\\\/\",\"name\":\"Tehnohooldus - SIA &quot;Zemit\u0101ns&quot;\",\"isPartOf\":{\"@id\":\"https:\\\/\\\/cranes.lv\\\/#website\"},\"datePublished\":\"2024-03-20T10:30:31+00:00\",\"dateModified\":\"2024-04-21T17:57:18+00:00\",\"description\":\"Hooldus kraanad | SIA \\\"Zemit\u0101ns\\\" | hoists and bridge cranes | SWF Krantechnik\",\"breadcrumb\":{\"@id\":\"https:\\\/\\\/cranes.lv\\\/hooldus-kraanad\\\/#breadcrumb\"},\"inLanguage\":\"et\",\"potentialAction\":[{\"@type\":\"ReadAction\",\"target\":[\"https:\\\/\\\/cranes.lv\\\/hooldus-kraanad\\\/\"]}]},{\"@type\":\"BreadcrumbList\",\"@id\":\"https:\\\/\\\/cranes.lv\\\/hooldus-kraanad\\\/#breadcrumb\",\"itemListElement\":[{\"@type\":\"ListItem\",\"position\":1,\"name\":\"\u0413\u043b\u0430\u0432\u043d\u0430\u044f \u0441\u0442\u0440\u0430\u043d\u0438\u0446\u0430\",\"item\":\"https:\\\/\\\/cranes.lv\\\/ee\\\/\"},{\"@type\":\"ListItem\",\"position\":2,\"name\":\"Tehnohooldus\"}]},{\"@type\":\"WebSite\",\"@id\":\"https:\\\/\\\/cranes.lv\\\/#website\",\"url\":\"https:\\\/\\\/cranes.lv\\\/\",\"name\":\"Zemitans\",\"description\":\"\",\"publisher\":{\"@id\":\"https:\\\/\\\/cranes.lv\\\/#organization\"},\"potentialAction\":[{\"@type\":\"SearchAction\",\"target\":{\"@type\":\"EntryPoint\",\"urlTemplate\":\"https:\\\/\\\/cranes.lv\\\/?s={search_term_string}\"},\"query-input\":{\"@type\":\"PropertyValueSpecification\",\"valueRequired\":true,\"valueName\":\"search_term_string\"}}],\"inLanguage\":\"et\"},{\"@type\":\"Organization\",\"@id\":\"https:\\\/\\\/cranes.lv\\\/#organization\",\"name\":\"Zemitans\",\"url\":\"https:\\\/\\\/cranes.lv\\\/\",\"logo\":{\"@type\":\"ImageObject\",\"inLanguage\":\"et\",\"@id\":\"https:\\\/\\\/cranes.lv\\\/#\\\/schema\\\/logo\\\/image\\\/\",\"url\":\"https:\\\/\\\/cranes.lv\\\/wp-content\\\/uploads\\\/2024\\\/03\\\/Zemitans-1.svg\",\"contentUrl\":\"https:\\\/\\\/cranes.lv\\\/wp-content\\\/uploads\\\/2024\\\/03\\\/Zemitans-1.svg\",\"width\":300,\"height\":70,\"caption\":\"Zemitans\"},\"image\":{\"@id\":\"https:\\\/\\\/cranes.lv\\\/#\\\/schema\\\/logo\\\/image\\\/\"},\"sameAs\":[\"https:\\\/\\\/www.facebook.com\\\/profile.php?id=61551090123372\"]}]}<\/script>\n<!-- \/ Yoast SEO plugin. -->","yoast_head_json":{"title":"Tehnohooldus - SIA &quot;Zemit\u0101ns&quot;","description":"Hooldus kraanad | SIA \"Zemit\u0101ns\" | hoists and bridge cranes | SWF Krantechnik","robots":{"index":"index","follow":"follow","max-snippet":"max-snippet:-1","max-image-preview":"max-image-preview:large","max-video-preview":"max-video-preview:-1"},"canonical":"https:\/\/cranes.lv\/hooldus-kraanad\/","og_locale":"et_EE","og_type":"article","og_title":"Tehnohooldus - SIA &quot;Zemit\u0101ns&quot;","og_description":"Hooldus kraanad | SIA \"Zemit\u0101ns\" | hoists and bridge cranes | SWF Krantechnik","og_url":"https:\/\/cranes.lv\/hooldus-kraanad\/","og_site_name":"SIA &quot;Zemit\u0101ns&quot;","article_publisher":"https:\/\/www.facebook.com\/profile.php?id=61551090123372","article_modified_time":"2024-04-21T17:57:18+00:00","twitter_card":"summary_large_image","twitter_misc":{"Est. reading time":"1 minut"},"schema":{"@context":"https:\/\/schema.org","@graph":[{"@type":"WebPage","@id":"https:\/\/cranes.lv\/hooldus-kraanad\/","url":"https:\/\/cranes.lv\/hooldus-kraanad\/","name":"Tehnohooldus - SIA &quot;Zemit\u0101ns&quot;","isPartOf":{"@id":"https:\/\/cranes.lv\/#website"},"datePublished":"2024-03-20T10:30:31+00:00","dateModified":"2024-04-21T17:57:18+00:00","description":"Hooldus kraanad | SIA \"Zemit\u0101ns\" | hoists and bridge cranes | SWF Krantechnik","breadcrumb":{"@id":"https:\/\/cranes.lv\/hooldus-kraanad\/#breadcrumb"},"inLanguage":"et","potentialAction":[{"@type":"ReadAction","target":["https:\/\/cranes.lv\/hooldus-kraanad\/"]}]},{"@type":"BreadcrumbList","@id":"https:\/\/cranes.lv\/hooldus-kraanad\/#breadcrumb","itemListElement":[{"@type":"ListItem","position":1,"name":"\u0413\u043b\u0430\u0432\u043d\u0430\u044f \u0441\u0442\u0440\u0430\u043d\u0438\u0446\u0430","item":"https:\/\/cranes.lv\/ee\/"},{"@type":"ListItem","position":2,"name":"Tehnohooldus"}]},{"@type":"WebSite","@id":"https:\/\/cranes.lv\/#website","url":"https:\/\/cranes.lv\/","name":"Zemitans","description":"","publisher":{"@id":"https:\/\/cranes.lv\/#organization"},"potentialAction":[{"@type":"SearchAction","target":{"@type":"EntryPoint","urlTemplate":"https:\/\/cranes.lv\/?s={search_term_string}"},"query-input":{"@type":"PropertyValueSpecification","valueRequired":true,"valueName":"search_term_string"}}],"inLanguage":"et"},{"@type":"Organization","@id":"https:\/\/cranes.lv\/#organization","name":"Zemitans","url":"https:\/\/cranes.lv\/","logo":{"@type":"ImageObject","inLanguage":"et","@id":"https:\/\/cranes.lv\/#\/schema\/logo\/image\/","url":"https:\/\/cranes.lv\/wp-content\/uploads\/2024\/03\/Zemitans-1.svg","contentUrl":"https:\/\/cranes.lv\/wp-content\/uploads\/2024\/03\/Zemitans-1.svg","width":300,"height":70,"caption":"Zemitans"},"image":{"@id":"https:\/\/cranes.lv\/#\/schema\/logo\/image\/"},"sameAs":["https:\/\/www.facebook.com\/profile.php?id=61551090123372"]}]}},"jetpack_sharing_enabled":true,"_links":{"self":[{"href":"https:\/\/cranes.lv\/et\/wp-json\/wp\/v2\/pages\/989314","targetHints":{"allow":["GET"]}}],"collection":[{"href":"https:\/\/cranes.lv\/et\/wp-json\/wp\/v2\/pages"}],"about":[{"href":"https:\/\/cranes.lv\/et\/wp-json\/wp\/v2\/types\/page"}],"author":[{"embeddable":true,"href":"https:\/\/cranes.lv\/et\/wp-json\/wp\/v2\/users\/247047761"}],"replies":[{"embeddable":true,"href":"https:\/\/cranes.lv\/et\/wp-json\/wp\/v2\/comments?post=989314"}],"version-history":[{"count":6,"href":"https:\/\/cranes.lv\/et\/wp-json\/wp\/v2\/pages\/989314\/revisions"}],"predecessor-version":[{"id":990484,"href":"https:\/\/cranes.lv\/et\/wp-json\/wp\/v2\/pages\/989314\/revisions\/990484"}],"wp:attachment":[{"href":"https:\/\/cranes.lv\/et\/wp-json\/wp\/v2\/media?parent=989314"}],"curies":[{"name":"wp","href":"https:\/\/api.w.org\/{rel}","templated":true}]}}