{"id":989305,"date":"2024-03-20T12:28:55","date_gmt":"2024-03-20T10:28:55","guid":{"rendered":"https:\/\/cranes.lv\/?page_id=989305"},"modified":"2024-04-21T20:55:43","modified_gmt":"2024-04-21T17:55:43","slug":"kraana-remont","status":"publish","type":"page","link":"https:\/\/cranes.lv\/et\/kraana-remont\/","title":{"rendered":"Kraana remont"},"content":{"rendered":"<div class=\"vgblk-rw-wrapper limit-wrapper\">\r\n<h3>\r\n\tKraanade remont <br \/><strong>ja hooldus <\/strong>\r\n\t<\/h3>\r\nTeostame k\u00f5iki kraanaseadmetega seotud remondit\u00f6id. Meie tehnikud viivad remondit\u00f6\u00f6d l\u00e4bi kiirelt. Allpool on toodud peamised meie ettev\u00f5tte poolt pakutavad remondit\u00f6\u00f6d:\r\nPlaanilist ennetavat hooldust teostatakse s\u00f5ltuvalt kraanaseadmete t\u00f6\u00f6 intensiivsusest. Meie ettev\u00f5tte spetsialistid teostavad remondit\u00f6id teiega kokkulepitud ajal vastavalt teie ettev\u00f5tte t\u00f6\u00f6graafikule. Vajalike remondit\u00f6\u00f6de maht koostatakse defektide tuvastamise aktide alusel ja lepitakse kokku kliendiga. Ettev\u00f5ttel on hea teenindusbaas ja vajalik kogus kraanaseadmete varuosi sellistelt ettev\u00f5tetelt nagu SWF Krantechnik, KONECRANES Latvia ja STAHL CraneSystems.\r\nEL-is toodetud kraanade kapitaalremont tehakse siis, kui seadmete lubatud t\u00f6\u00f6ts\u00fckkel (SWP &#8211; Safe work period) on l\u00e4bisaanud. Ettev\u00f5tete SWF Krantechnik ja KONECRANES toodetud kraanade puhul on uue t\u00f5stuki lubatud t\u00f6\u00f6ts\u00fckkel SWP (%) 100%. Lubatud t\u00f6\u00f6ts\u00fckkel l\u00f5peb, kui t\u00f5stuki SWP (%) j\u00f5uab nulli. T\u00f6\u00f6ts\u00fckli l\u00f5pus on vaja teha t\u00f5stukile kapitaalremont (GO), mille j\u00e4rel m\u00e4\u00e4ratakse t\u00f5stukile uus lubatud t\u00f6\u00f6ts\u00fckkel.\r\nT\u00e4nu kapitaalremondile on v\u00f5imalik kraanaseadmete kasutusiga pikendada. T\u00f6\u00f6de maht h\u00f5lmab k\u00f5igi kohustuslikult vahetatavate osade v\u00e4ljavahetamist, et pikendada seadme kasutusiga.\r\nMeie spetsialistid tulevad teie juurde koos k\u00f5igi vajalike t\u00f6\u00f6riistade ja varuosadega, et parandada teie seadmeid.\r\n\r\n<\/div><!-- .vgblk-rw-wrapper -->","protected":false},"excerpt":{"rendered":"<p>Kraanade remont ja hooldus Teostame k\u00f5iki kraanaseadmetega seotud remondit\u00f6id. Meie tehnikud viivad remondit\u00f6\u00f6d l\u00e4bi kiirelt. Allpool on toodud peamised meie ettev\u00f5tte poolt pakutavad remondit\u00f6\u00f6d: Plaanilist ennetavat hooldust teostatakse s\u00f5ltuvalt kraanaseadmete t\u00f6\u00f6 intensiivsusest. Meie ettev\u00f5tte spetsialistid teostavad remondit\u00f6id teiega kokkulepitud ajal vastavalt teie ettev\u00f5tte t\u00f6\u00f6graafikule. Vajalike remondit\u00f6\u00f6de maht koostatakse defektide tuvastamise aktide alusel ja lepitakse kokku&#8230;<\/p>\n","protected":false},"author":247047761,"featured_media":0,"parent":0,"menu_order":0,"comment_status":"closed","ping_status":"closed","template":"","meta":{"_acf_changed":false,"_crdt_document":"","inline_featured_image":false,"footnotes":""},"class_list":["post-989305","page","type-page","status-publish","hentry"],"acf":[],"yoast_head":"<!-- This site is optimized with the Yoast SEO plugin v27.6 - https:\/\/yoast.com\/product\/yoast-seo-wordpress\/ -->\n<title>Kraana remont - SIA &quot;Zemit\u0101ns&quot;<\/title>\n<meta name=\"description\" content=\"Kraana remont | SIA &quot;Zemit\u0101ns&quot; | hoists and bridge cranes | SWF Krantechnik\" \/>\n<meta name=\"robots\" content=\"index, follow, max-snippet:-1, max-image-preview:large, max-video-preview:-1\" \/>\n<link rel=\"canonical\" href=\"https:\/\/cranes.lv\/kraana-remont\/\" \/>\n<meta property=\"og:locale\" content=\"et_EE\" \/>\n<meta property=\"og:type\" content=\"article\" \/>\n<meta property=\"og:title\" content=\"Kraana remont - SIA &quot;Zemit\u0101ns&quot;\" \/>\n<meta property=\"og:description\" content=\"Kraana remont | SIA &quot;Zemit\u0101ns&quot; | hoists and bridge cranes | SWF Krantechnik\" \/>\n<meta property=\"og:url\" content=\"https:\/\/cranes.lv\/kraana-remont\/\" \/>\n<meta property=\"og:site_name\" content=\"SIA &quot;Zemit\u0101ns&quot;\" \/>\n<meta property=\"article:publisher\" content=\"https:\/\/www.facebook.com\/profile.php?id=61551090123372\" \/>\n<meta property=\"article:modified_time\" content=\"2024-04-21T17:55:43+00:00\" \/>\n<meta name=\"twitter:card\" content=\"summary_large_image\" \/>\n<meta name=\"twitter:label1\" content=\"Est. reading time\" \/>\n\t<meta name=\"twitter:data1\" content=\"1 minut\" \/>\n<script type=\"application\/ld+json\" class=\"yoast-schema-graph\">{\"@context\":\"https:\\\/\\\/schema.org\",\"@graph\":[{\"@type\":\"WebPage\",\"@id\":\"https:\\\/\\\/cranes.lv\\\/kraana-remont\\\/\",\"url\":\"https:\\\/\\\/cranes.lv\\\/kraana-remont\\\/\",\"name\":\"Kraana remont - SIA &quot;Zemit\u0101ns&quot;\",\"isPartOf\":{\"@id\":\"https:\\\/\\\/cranes.lv\\\/#website\"},\"datePublished\":\"2024-03-20T10:28:55+00:00\",\"dateModified\":\"2024-04-21T17:55:43+00:00\",\"description\":\"Kraana remont | SIA \\\"Zemit\u0101ns\\\" | hoists and bridge cranes | SWF Krantechnik\",\"breadcrumb\":{\"@id\":\"https:\\\/\\\/cranes.lv\\\/kraana-remont\\\/#breadcrumb\"},\"inLanguage\":\"et\",\"potentialAction\":[{\"@type\":\"ReadAction\",\"target\":[\"https:\\\/\\\/cranes.lv\\\/kraana-remont\\\/\"]}]},{\"@type\":\"BreadcrumbList\",\"@id\":\"https:\\\/\\\/cranes.lv\\\/kraana-remont\\\/#breadcrumb\",\"itemListElement\":[{\"@type\":\"ListItem\",\"position\":1,\"name\":\"\u0413\u043b\u0430\u0432\u043d\u0430\u044f \u0441\u0442\u0440\u0430\u043d\u0438\u0446\u0430\",\"item\":\"https:\\\/\\\/cranes.lv\\\/ee\\\/\"},{\"@type\":\"ListItem\",\"position\":2,\"name\":\"Kraana remont\"}]},{\"@type\":\"WebSite\",\"@id\":\"https:\\\/\\\/cranes.lv\\\/#website\",\"url\":\"https:\\\/\\\/cranes.lv\\\/\",\"name\":\"Zemitans\",\"description\":\"\",\"publisher\":{\"@id\":\"https:\\\/\\\/cranes.lv\\\/#organization\"},\"potentialAction\":[{\"@type\":\"SearchAction\",\"target\":{\"@type\":\"EntryPoint\",\"urlTemplate\":\"https:\\\/\\\/cranes.lv\\\/?s={search_term_string}\"},\"query-input\":{\"@type\":\"PropertyValueSpecification\",\"valueRequired\":true,\"valueName\":\"search_term_string\"}}],\"inLanguage\":\"et\"},{\"@type\":\"Organization\",\"@id\":\"https:\\\/\\\/cranes.lv\\\/#organization\",\"name\":\"Zemitans\",\"url\":\"https:\\\/\\\/cranes.lv\\\/\",\"logo\":{\"@type\":\"ImageObject\",\"inLanguage\":\"et\",\"@id\":\"https:\\\/\\\/cranes.lv\\\/#\\\/schema\\\/logo\\\/image\\\/\",\"url\":\"https:\\\/\\\/cranes.lv\\\/wp-content\\\/uploads\\\/2024\\\/03\\\/Zemitans-1.svg\",\"contentUrl\":\"https:\\\/\\\/cranes.lv\\\/wp-content\\\/uploads\\\/2024\\\/03\\\/Zemitans-1.svg\",\"width\":300,\"height\":70,\"caption\":\"Zemitans\"},\"image\":{\"@id\":\"https:\\\/\\\/cranes.lv\\\/#\\\/schema\\\/logo\\\/image\\\/\"},\"sameAs\":[\"https:\\\/\\\/www.facebook.com\\\/profile.php?id=61551090123372\"]}]}<\/script>\n<!-- \/ Yoast SEO plugin. -->","yoast_head_json":{"title":"Kraana remont - SIA &quot;Zemit\u0101ns&quot;","description":"Kraana remont | SIA \"Zemit\u0101ns\" | hoists and bridge cranes | SWF Krantechnik","robots":{"index":"index","follow":"follow","max-snippet":"max-snippet:-1","max-image-preview":"max-image-preview:large","max-video-preview":"max-video-preview:-1"},"canonical":"https:\/\/cranes.lv\/kraana-remont\/","og_locale":"et_EE","og_type":"article","og_title":"Kraana remont - SIA &quot;Zemit\u0101ns&quot;","og_description":"Kraana remont | SIA \"Zemit\u0101ns\" | hoists and bridge cranes | SWF Krantechnik","og_url":"https:\/\/cranes.lv\/kraana-remont\/","og_site_name":"SIA &quot;Zemit\u0101ns&quot;","article_publisher":"https:\/\/www.facebook.com\/profile.php?id=61551090123372","article_modified_time":"2024-04-21T17:55:43+00:00","twitter_card":"summary_large_image","twitter_misc":{"Est. reading time":"1 minut"},"schema":{"@context":"https:\/\/schema.org","@graph":[{"@type":"WebPage","@id":"https:\/\/cranes.lv\/kraana-remont\/","url":"https:\/\/cranes.lv\/kraana-remont\/","name":"Kraana remont - SIA &quot;Zemit\u0101ns&quot;","isPartOf":{"@id":"https:\/\/cranes.lv\/#website"},"datePublished":"2024-03-20T10:28:55+00:00","dateModified":"2024-04-21T17:55:43+00:00","description":"Kraana remont | SIA \"Zemit\u0101ns\" | hoists and bridge cranes | SWF Krantechnik","breadcrumb":{"@id":"https:\/\/cranes.lv\/kraana-remont\/#breadcrumb"},"inLanguage":"et","potentialAction":[{"@type":"ReadAction","target":["https:\/\/cranes.lv\/kraana-remont\/"]}]},{"@type":"BreadcrumbList","@id":"https:\/\/cranes.lv\/kraana-remont\/#breadcrumb","itemListElement":[{"@type":"ListItem","position":1,"name":"\u0413\u043b\u0430\u0432\u043d\u0430\u044f \u0441\u0442\u0440\u0430\u043d\u0438\u0446\u0430","item":"https:\/\/cranes.lv\/ee\/"},{"@type":"ListItem","position":2,"name":"Kraana remont"}]},{"@type":"WebSite","@id":"https:\/\/cranes.lv\/#website","url":"https:\/\/cranes.lv\/","name":"Zemitans","description":"","publisher":{"@id":"https:\/\/cranes.lv\/#organization"},"potentialAction":[{"@type":"SearchAction","target":{"@type":"EntryPoint","urlTemplate":"https:\/\/cranes.lv\/?s={search_term_string}"},"query-input":{"@type":"PropertyValueSpecification","valueRequired":true,"valueName":"search_term_string"}}],"inLanguage":"et"},{"@type":"Organization","@id":"https:\/\/cranes.lv\/#organization","name":"Zemitans","url":"https:\/\/cranes.lv\/","logo":{"@type":"ImageObject","inLanguage":"et","@id":"https:\/\/cranes.lv\/#\/schema\/logo\/image\/","url":"https:\/\/cranes.lv\/wp-content\/uploads\/2024\/03\/Zemitans-1.svg","contentUrl":"https:\/\/cranes.lv\/wp-content\/uploads\/2024\/03\/Zemitans-1.svg","width":300,"height":70,"caption":"Zemitans"},"image":{"@id":"https:\/\/cranes.lv\/#\/schema\/logo\/image\/"},"sameAs":["https:\/\/www.facebook.com\/profile.php?id=61551090123372"]}]}},"jetpack_sharing_enabled":true,"_links":{"self":[{"href":"https:\/\/cranes.lv\/et\/wp-json\/wp\/v2\/pages\/989305","targetHints":{"allow":["GET"]}}],"collection":[{"href":"https:\/\/cranes.lv\/et\/wp-json\/wp\/v2\/pages"}],"about":[{"href":"https:\/\/cranes.lv\/et\/wp-json\/wp\/v2\/types\/page"}],"author":[{"embeddable":true,"href":"https:\/\/cranes.lv\/et\/wp-json\/wp\/v2\/users\/247047761"}],"replies":[{"embeddable":true,"href":"https:\/\/cranes.lv\/et\/wp-json\/wp\/v2\/comments?post=989305"}],"version-history":[{"count":4,"href":"https:\/\/cranes.lv\/et\/wp-json\/wp\/v2\/pages\/989305\/revisions"}],"predecessor-version":[{"id":990485,"href":"https:\/\/cranes.lv\/et\/wp-json\/wp\/v2\/pages\/989305\/revisions\/990485"}],"wp:attachment":[{"href":"https:\/\/cranes.lv\/et\/wp-json\/wp\/v2\/media?parent=989305"}],"curies":[{"name":"wp","href":"https:\/\/api.w.org\/{rel}","templated":true}]}}