{"id":989296,"date":"2024-03-20T12:27:15","date_gmt":"2024-03-20T10:27:15","guid":{"rendered":"https:\/\/cranes.lv\/?page_id=989296"},"modified":"2024-04-21T20:55:26","modified_gmt":"2024-04-21T17:55:26","slug":"kraana-registreerimine","status":"publish","type":"page","link":"https:\/\/cranes.lv\/et\/kraana-registreerimine\/","title":{"rendered":"Kraana registreerimine"},"content":{"rendered":"<div class=\"vgblk-rw-wrapper limit-wrapper\">\r\n<h3>\r\n\tKraana <br \/><strong>registreerimine <\/strong>\r\n\t<\/h3>\r\n\tKraana registreerimine on t\u00f6\u00f6 oluline etapp, mis n\u00f5uab hoolikat l\u00e4henemist ja teatud protseduuride rakendamist. P\u00e4rast paigaldust\u00f6\u00f6de l\u00f5petamist ja enne kraana kasutuselev\u00f5ttu tuleb kraana funktsionaalsuse ja ohutuse tagamiseks viia l\u00e4bi erinevaid katseid.\r\nP\u00e4rast paigaldamist tuleb k\u00f5igepealt l\u00e4bi teostad katsed. See h\u00f5lmab k\u00f5igi kraana p\u00f5hikomponentide ja mehhanismide tehnilistele n\u00f5uetele ja ohutusstandarditele vastavuse kontrollimist. Testimine v\u00f5ib h\u00f5lmata kandev\u00f5imet, j\u00f5udlust, funktsionaalsust ja konstruktsiooni tugevust.\r\nP\u00e4rast testide edukat sooritamist on vaja koostada kraana pass. Kraana pass on dokument, mis sisaldab teavet kraana tehniliste omaduste, tootja, valmistamiskuup\u00e4eva, katsetamise ja muude oluliste andmete kohta. See dokument aitab kraanat tuvastadaa ning on ka kraana registreerimise ja edasise hoolduse aluseks.\r\nP\u00e4rast kraana passi koostamist on vaja kraana registreerida vastavas asutuses v\u00f5i kontrollis. Enamikus riikides on spetsiaalsed inspektsioonid v\u00f5i volitatud organisatsioonid, kes vastutavad ohtlike seadmete, sealhulgas kraanade registreerimise ja kontrollimise eest. Kraana registreerimine h\u00f5lmab tavaliselt kraana passi koopia esitamist, spetsiaalse vormi v\u00f5i avalduse t\u00e4itmist ja k\u00f5igi kohaldatavate tasude v\u00f5i maksude maksmist.\r\n\r\n<\/div><!-- .vgblk-rw-wrapper -->","protected":false},"excerpt":{"rendered":"<p>Kraana registreerimine Kraana registreerimine on t\u00f6\u00f6 oluline etapp, mis n\u00f5uab hoolikat l\u00e4henemist ja teatud protseduuride rakendamist. P\u00e4rast paigaldust\u00f6\u00f6de l\u00f5petamist ja enne kraana kasutuselev\u00f5ttu tuleb kraana funktsionaalsuse ja ohutuse tagamiseks viia l\u00e4bi erinevaid katseid. P\u00e4rast paigaldamist tuleb k\u00f5igepealt l\u00e4bi teostad katsed. See h\u00f5lmab k\u00f5igi kraana p\u00f5hikomponentide ja mehhanismide tehnilistele n\u00f5uetele ja ohutusstandarditele vastavuse kontrollimist. Testimine v\u00f5ib&#8230;<\/p>\n","protected":false},"author":247047761,"featured_media":0,"parent":0,"menu_order":0,"comment_status":"closed","ping_status":"closed","template":"","meta":{"_acf_changed":false,"_crdt_document":"","inline_featured_image":false,"footnotes":""},"class_list":["post-989296","page","type-page","status-publish","hentry"],"acf":[],"yoast_head":"<!-- This site is optimized with the Yoast SEO plugin v27.1.1 - https:\/\/yoast.com\/product\/yoast-seo-wordpress\/ -->\n<title>Kraana registreerimine - SIA &quot;Zemit\u0101ns&quot;<\/title>\n<meta name=\"description\" content=\"Kraana registreerimine | SIA &quot;Zemit\u0101ns&quot; | hoists and bridge cranes | SWF Krantechnik\" \/>\n<meta name=\"robots\" content=\"index, follow, max-snippet:-1, max-image-preview:large, max-video-preview:-1\" \/>\n<link rel=\"canonical\" href=\"https:\/\/cranes.lv\/kraana-registreerimine\/\" \/>\n<meta property=\"og:locale\" content=\"et_EE\" \/>\n<meta property=\"og:type\" content=\"article\" \/>\n<meta property=\"og:title\" content=\"Kraana registreerimine - SIA &quot;Zemit\u0101ns&quot;\" \/>\n<meta property=\"og:description\" content=\"Kraana registreerimine | SIA &quot;Zemit\u0101ns&quot; | hoists and bridge cranes | SWF Krantechnik\" \/>\n<meta property=\"og:url\" content=\"https:\/\/cranes.lv\/kraana-registreerimine\/\" \/>\n<meta property=\"og:site_name\" content=\"SIA &quot;Zemit\u0101ns&quot;\" \/>\n<meta property=\"article:publisher\" content=\"https:\/\/www.facebook.com\/profile.php?id=61551090123372\" \/>\n<meta property=\"article:modified_time\" content=\"2024-04-21T17:55:26+00:00\" \/>\n<meta name=\"twitter:card\" content=\"summary_large_image\" \/>\n<meta name=\"twitter:label1\" content=\"Est. reading time\" \/>\n\t<meta name=\"twitter:data1\" content=\"1 minut\" \/>\n<script type=\"application\/ld+json\" class=\"yoast-schema-graph\">{\"@context\":\"https:\/\/schema.org\",\"@graph\":[{\"@type\":\"WebPage\",\"@id\":\"https:\/\/cranes.lv\/kraana-registreerimine\/\",\"url\":\"https:\/\/cranes.lv\/kraana-registreerimine\/\",\"name\":\"Kraana registreerimine - SIA &quot;Zemit\u0101ns&quot;\",\"isPartOf\":{\"@id\":\"https:\/\/cranes.lv\/#website\"},\"datePublished\":\"2024-03-20T10:27:15+00:00\",\"dateModified\":\"2024-04-21T17:55:26+00:00\",\"description\":\"Kraana registreerimine | SIA \\\"Zemit\u0101ns\\\" | hoists and bridge cranes | SWF Krantechnik\",\"breadcrumb\":{\"@id\":\"https:\/\/cranes.lv\/kraana-registreerimine\/#breadcrumb\"},\"inLanguage\":\"et\",\"potentialAction\":[{\"@type\":\"ReadAction\",\"target\":[\"https:\/\/cranes.lv\/kraana-registreerimine\/\"]}]},{\"@type\":\"BreadcrumbList\",\"@id\":\"https:\/\/cranes.lv\/kraana-registreerimine\/#breadcrumb\",\"itemListElement\":[{\"@type\":\"ListItem\",\"position\":1,\"name\":\"\u0413\u043b\u0430\u0432\u043d\u0430\u044f \u0441\u0442\u0440\u0430\u043d\u0438\u0446\u0430\",\"item\":\"https:\/\/cranes.lv\/ee\/\"},{\"@type\":\"ListItem\",\"position\":2,\"name\":\"Kraana registreerimine\"}]},{\"@type\":\"WebSite\",\"@id\":\"https:\/\/cranes.lv\/#website\",\"url\":\"https:\/\/cranes.lv\/\",\"name\":\"Zemitans\",\"description\":\"\",\"publisher\":{\"@id\":\"https:\/\/cranes.lv\/#organization\"},\"potentialAction\":[{\"@type\":\"SearchAction\",\"target\":{\"@type\":\"EntryPoint\",\"urlTemplate\":\"https:\/\/cranes.lv\/?s={search_term_string}\"},\"query-input\":{\"@type\":\"PropertyValueSpecification\",\"valueRequired\":true,\"valueName\":\"search_term_string\"}}],\"inLanguage\":\"et\"},{\"@type\":\"Organization\",\"@id\":\"https:\/\/cranes.lv\/#organization\",\"name\":\"Zemitans\",\"url\":\"https:\/\/cranes.lv\/\",\"logo\":{\"@type\":\"ImageObject\",\"inLanguage\":\"et\",\"@id\":\"https:\/\/cranes.lv\/#\/schema\/logo\/image\/\",\"url\":\"https:\/\/cranes.lv\/wp-content\/uploads\/2024\/03\/Zemitans-1.svg\",\"contentUrl\":\"https:\/\/cranes.lv\/wp-content\/uploads\/2024\/03\/Zemitans-1.svg\",\"width\":300,\"height\":70,\"caption\":\"Zemitans\"},\"image\":{\"@id\":\"https:\/\/cranes.lv\/#\/schema\/logo\/image\/\"},\"sameAs\":[\"https:\/\/www.facebook.com\/profile.php?id=61551090123372\"]}]}<\/script>\n<!-- \/ Yoast SEO plugin. -->","yoast_head_json":{"title":"Kraana registreerimine - SIA &quot;Zemit\u0101ns&quot;","description":"Kraana registreerimine | SIA \"Zemit\u0101ns\" | hoists and bridge cranes | SWF Krantechnik","robots":{"index":"index","follow":"follow","max-snippet":"max-snippet:-1","max-image-preview":"max-image-preview:large","max-video-preview":"max-video-preview:-1"},"canonical":"https:\/\/cranes.lv\/kraana-registreerimine\/","og_locale":"et_EE","og_type":"article","og_title":"Kraana registreerimine - SIA &quot;Zemit\u0101ns&quot;","og_description":"Kraana registreerimine | SIA \"Zemit\u0101ns\" | hoists and bridge cranes | SWF Krantechnik","og_url":"https:\/\/cranes.lv\/kraana-registreerimine\/","og_site_name":"SIA &quot;Zemit\u0101ns&quot;","article_publisher":"https:\/\/www.facebook.com\/profile.php?id=61551090123372","article_modified_time":"2024-04-21T17:55:26+00:00","twitter_card":"summary_large_image","twitter_misc":{"Est. reading time":"1 minut"},"schema":{"@context":"https:\/\/schema.org","@graph":[{"@type":"WebPage","@id":"https:\/\/cranes.lv\/kraana-registreerimine\/","url":"https:\/\/cranes.lv\/kraana-registreerimine\/","name":"Kraana registreerimine - SIA &quot;Zemit\u0101ns&quot;","isPartOf":{"@id":"https:\/\/cranes.lv\/#website"},"datePublished":"2024-03-20T10:27:15+00:00","dateModified":"2024-04-21T17:55:26+00:00","description":"Kraana registreerimine | SIA \"Zemit\u0101ns\" | hoists and bridge cranes | SWF Krantechnik","breadcrumb":{"@id":"https:\/\/cranes.lv\/kraana-registreerimine\/#breadcrumb"},"inLanguage":"et","potentialAction":[{"@type":"ReadAction","target":["https:\/\/cranes.lv\/kraana-registreerimine\/"]}]},{"@type":"BreadcrumbList","@id":"https:\/\/cranes.lv\/kraana-registreerimine\/#breadcrumb","itemListElement":[{"@type":"ListItem","position":1,"name":"\u0413\u043b\u0430\u0432\u043d\u0430\u044f \u0441\u0442\u0440\u0430\u043d\u0438\u0446\u0430","item":"https:\/\/cranes.lv\/ee\/"},{"@type":"ListItem","position":2,"name":"Kraana registreerimine"}]},{"@type":"WebSite","@id":"https:\/\/cranes.lv\/#website","url":"https:\/\/cranes.lv\/","name":"Zemitans","description":"","publisher":{"@id":"https:\/\/cranes.lv\/#organization"},"potentialAction":[{"@type":"SearchAction","target":{"@type":"EntryPoint","urlTemplate":"https:\/\/cranes.lv\/?s={search_term_string}"},"query-input":{"@type":"PropertyValueSpecification","valueRequired":true,"valueName":"search_term_string"}}],"inLanguage":"et"},{"@type":"Organization","@id":"https:\/\/cranes.lv\/#organization","name":"Zemitans","url":"https:\/\/cranes.lv\/","logo":{"@type":"ImageObject","inLanguage":"et","@id":"https:\/\/cranes.lv\/#\/schema\/logo\/image\/","url":"https:\/\/cranes.lv\/wp-content\/uploads\/2024\/03\/Zemitans-1.svg","contentUrl":"https:\/\/cranes.lv\/wp-content\/uploads\/2024\/03\/Zemitans-1.svg","width":300,"height":70,"caption":"Zemitans"},"image":{"@id":"https:\/\/cranes.lv\/#\/schema\/logo\/image\/"},"sameAs":["https:\/\/www.facebook.com\/profile.php?id=61551090123372"]}]}},"jetpack_sharing_enabled":true,"_links":{"self":[{"href":"https:\/\/cranes.lv\/et\/wp-json\/wp\/v2\/pages\/989296","targetHints":{"allow":["GET"]}}],"collection":[{"href":"https:\/\/cranes.lv\/et\/wp-json\/wp\/v2\/pages"}],"about":[{"href":"https:\/\/cranes.lv\/et\/wp-json\/wp\/v2\/types\/page"}],"author":[{"embeddable":true,"href":"https:\/\/cranes.lv\/et\/wp-json\/wp\/v2\/users\/247047761"}],"replies":[{"embeddable":true,"href":"https:\/\/cranes.lv\/et\/wp-json\/wp\/v2\/comments?post=989296"}],"version-history":[{"count":4,"href":"https:\/\/cranes.lv\/et\/wp-json\/wp\/v2\/pages\/989296\/revisions"}],"predecessor-version":[{"id":990492,"href":"https:\/\/cranes.lv\/et\/wp-json\/wp\/v2\/pages\/989296\/revisions\/990492"}],"wp:attachment":[{"href":"https:\/\/cranes.lv\/et\/wp-json\/wp\/v2\/media?parent=989296"}],"curies":[{"name":"wp","href":"https:\/\/api.w.org\/{rel}","templated":true}]}}