{"id":989287,"date":"2024-03-20T12:25:42","date_gmt":"2024-03-20T10:25:42","guid":{"rendered":"https:\/\/cranes.lv\/?page_id=989287"},"modified":"2024-04-21T20:55:05","modified_gmt":"2024-04-21T17:55:05","slug":"projektid-sildkraanad","status":"publish","type":"page","link":"https:\/\/cranes.lv\/et\/projektid-sildkraanad\/","title":{"rendered":"Kraana disain"},"content":{"rendered":"<div class=\"vgblk-rw-wrapper limit-wrapper\">\r\n<h3>\r\n\tSildkraana <br \/><strong>projektid<\/strong>\r\n\t<\/h3>\r\nKliendi soovil oleme valmis alustama sobiva kokkulepitud kraanaprojekti koostamist, mis tagab vajaliku ohutustaseme ning funktsionaalsed ja tehnilised n\u00f5uded.\r\nMeie spetsialistide meeskond on v\u00e4ga professionaalne ja kogenud, mis v\u00f5imaldab meil kiiresti ja t\u00f5husalt projekti v\u00e4lja t\u00f6\u00f6tada, v\u00f5ttes arvesse ka k\u00f5ige spetsiifilisemaid kliendisoove. Garanteerime, et kraana konfiguratsioon on konkreetsete \u00fclesannete jaoks v\u00f5imalikult sobiv ja t\u00f5hus.\r\nVajaliku varustuse tellimiseks t\u00e4itke kraana tellimisvorm, mille saab alla laadida ja t\u00e4ita meie kodulehel, ning saatke see meile e-posti teel. Tagame teie tellimuse kiire t\u00f6\u00f6tlemise ja vastame teie k\u00f5ikidele k\u00fcsimustele.\r\nMeie konstruktorite mugavuse huvides anname lisateavet, sealhulgas kraana rataste koormuste, ja AutoCadi jooniste osas. See aitab teil projektiga paremini tutvuda ja veenduda, kas see vastab teie vajadustele ja ootustele.\r\nP\u00fc\u00fcame tagada, et iga meie klient saaks ideaalse lahenduse, mis vastab tema vajadustele ning tagab t\u00f6\u00f6kindluse ja -ohutuse. T\u00e4name, et valisite meie ettev\u00f5tte ning garanteerime teile k\u00f5rgeima teenuse ja toodete kvaliteedi.\r\n\r\n<\/div><!-- .vgblk-rw-wrapper -->","protected":false},"excerpt":{"rendered":"<p>Sildkraana projektid Kliendi soovil oleme valmis alustama sobiva kokkulepitud kraanaprojekti koostamist, mis tagab vajaliku ohutustaseme ning funktsionaalsed ja tehnilised n\u00f5uded. Meie spetsialistide meeskond on v\u00e4ga professionaalne ja kogenud, mis v\u00f5imaldab meil kiiresti ja t\u00f5husalt projekti v\u00e4lja t\u00f6\u00f6tada, v\u00f5ttes arvesse ka k\u00f5ige spetsiifilisemaid kliendisoove. Garanteerime, et kraana konfiguratsioon on konkreetsete \u00fclesannete jaoks v\u00f5imalikult sobiv ja t\u00f5hus&#8230;.<\/p>\n","protected":false},"author":247047761,"featured_media":0,"parent":0,"menu_order":0,"comment_status":"closed","ping_status":"closed","template":"","meta":{"_acf_changed":false,"_crdt_document":"","inline_featured_image":false,"footnotes":""},"class_list":["post-989287","page","type-page","status-publish","hentry"],"acf":[],"yoast_head":"<!-- This site is optimized with the Yoast SEO plugin v27.3 - https:\/\/yoast.com\/product\/yoast-seo-wordpress\/ -->\n<title>Kraana disain - SIA &quot;Zemit\u0101ns&quot;<\/title>\n<meta name=\"description\" content=\"Projektid sildkraanad | SIA &quot;Zemit\u0101ns&quot; | hoists and bridge cranes | SWF Krantechnik\" \/>\n<meta name=\"robots\" content=\"index, follow, max-snippet:-1, max-image-preview:large, max-video-preview:-1\" \/>\n<link rel=\"canonical\" href=\"https:\/\/cranes.lv\/projektid-sildkraanad\/\" \/>\n<meta property=\"og:locale\" content=\"et_EE\" \/>\n<meta property=\"og:type\" content=\"article\" \/>\n<meta property=\"og:title\" content=\"Kraana disain - SIA &quot;Zemit\u0101ns&quot;\" \/>\n<meta property=\"og:description\" content=\"Projektid sildkraanad | SIA &quot;Zemit\u0101ns&quot; | hoists and bridge cranes | SWF Krantechnik\" \/>\n<meta property=\"og:url\" content=\"https:\/\/cranes.lv\/projektid-sildkraanad\/\" \/>\n<meta property=\"og:site_name\" content=\"SIA &quot;Zemit\u0101ns&quot;\" \/>\n<meta property=\"article:publisher\" content=\"https:\/\/www.facebook.com\/profile.php?id=61551090123372\" \/>\n<meta property=\"article:modified_time\" content=\"2024-04-21T17:55:05+00:00\" \/>\n<meta name=\"twitter:card\" content=\"summary_large_image\" \/>\n<meta name=\"twitter:label1\" content=\"Est. reading time\" \/>\n\t<meta name=\"twitter:data1\" content=\"1 minut\" \/>\n<script type=\"application\/ld+json\" class=\"yoast-schema-graph\">{\"@context\":\"https:\\\/\\\/schema.org\",\"@graph\":[{\"@type\":\"WebPage\",\"@id\":\"https:\\\/\\\/cranes.lv\\\/projektid-sildkraanad\\\/\",\"url\":\"https:\\\/\\\/cranes.lv\\\/projektid-sildkraanad\\\/\",\"name\":\"Kraana disain - SIA &quot;Zemit\u0101ns&quot;\",\"isPartOf\":{\"@id\":\"https:\\\/\\\/cranes.lv\\\/#website\"},\"datePublished\":\"2024-03-20T10:25:42+00:00\",\"dateModified\":\"2024-04-21T17:55:05+00:00\",\"description\":\"Projektid sildkraanad | SIA \\\"Zemit\u0101ns\\\" | hoists and bridge cranes | SWF Krantechnik\",\"breadcrumb\":{\"@id\":\"https:\\\/\\\/cranes.lv\\\/projektid-sildkraanad\\\/#breadcrumb\"},\"inLanguage\":\"et\",\"potentialAction\":[{\"@type\":\"ReadAction\",\"target\":[\"https:\\\/\\\/cranes.lv\\\/projektid-sildkraanad\\\/\"]}]},{\"@type\":\"BreadcrumbList\",\"@id\":\"https:\\\/\\\/cranes.lv\\\/projektid-sildkraanad\\\/#breadcrumb\",\"itemListElement\":[{\"@type\":\"ListItem\",\"position\":1,\"name\":\"\u0413\u043b\u0430\u0432\u043d\u0430\u044f \u0441\u0442\u0440\u0430\u043d\u0438\u0446\u0430\",\"item\":\"https:\\\/\\\/cranes.lv\\\/ee\\\/\"},{\"@type\":\"ListItem\",\"position\":2,\"name\":\"Kraana disain\"}]},{\"@type\":\"WebSite\",\"@id\":\"https:\\\/\\\/cranes.lv\\\/#website\",\"url\":\"https:\\\/\\\/cranes.lv\\\/\",\"name\":\"Zemitans\",\"description\":\"\",\"publisher\":{\"@id\":\"https:\\\/\\\/cranes.lv\\\/#organization\"},\"potentialAction\":[{\"@type\":\"SearchAction\",\"target\":{\"@type\":\"EntryPoint\",\"urlTemplate\":\"https:\\\/\\\/cranes.lv\\\/?s={search_term_string}\"},\"query-input\":{\"@type\":\"PropertyValueSpecification\",\"valueRequired\":true,\"valueName\":\"search_term_string\"}}],\"inLanguage\":\"et\"},{\"@type\":\"Organization\",\"@id\":\"https:\\\/\\\/cranes.lv\\\/#organization\",\"name\":\"Zemitans\",\"url\":\"https:\\\/\\\/cranes.lv\\\/\",\"logo\":{\"@type\":\"ImageObject\",\"inLanguage\":\"et\",\"@id\":\"https:\\\/\\\/cranes.lv\\\/#\\\/schema\\\/logo\\\/image\\\/\",\"url\":\"https:\\\/\\\/cranes.lv\\\/wp-content\\\/uploads\\\/2024\\\/03\\\/Zemitans-1.svg\",\"contentUrl\":\"https:\\\/\\\/cranes.lv\\\/wp-content\\\/uploads\\\/2024\\\/03\\\/Zemitans-1.svg\",\"width\":300,\"height\":70,\"caption\":\"Zemitans\"},\"image\":{\"@id\":\"https:\\\/\\\/cranes.lv\\\/#\\\/schema\\\/logo\\\/image\\\/\"},\"sameAs\":[\"https:\\\/\\\/www.facebook.com\\\/profile.php?id=61551090123372\"]}]}<\/script>\n<!-- \/ Yoast SEO plugin. -->","yoast_head_json":{"title":"Kraana disain - SIA &quot;Zemit\u0101ns&quot;","description":"Projektid sildkraanad | SIA \"Zemit\u0101ns\" | hoists and bridge cranes | SWF Krantechnik","robots":{"index":"index","follow":"follow","max-snippet":"max-snippet:-1","max-image-preview":"max-image-preview:large","max-video-preview":"max-video-preview:-1"},"canonical":"https:\/\/cranes.lv\/projektid-sildkraanad\/","og_locale":"et_EE","og_type":"article","og_title":"Kraana disain - SIA &quot;Zemit\u0101ns&quot;","og_description":"Projektid sildkraanad | SIA \"Zemit\u0101ns\" | hoists and bridge cranes | SWF Krantechnik","og_url":"https:\/\/cranes.lv\/projektid-sildkraanad\/","og_site_name":"SIA &quot;Zemit\u0101ns&quot;","article_publisher":"https:\/\/www.facebook.com\/profile.php?id=61551090123372","article_modified_time":"2024-04-21T17:55:05+00:00","twitter_card":"summary_large_image","twitter_misc":{"Est. reading time":"1 minut"},"schema":{"@context":"https:\/\/schema.org","@graph":[{"@type":"WebPage","@id":"https:\/\/cranes.lv\/projektid-sildkraanad\/","url":"https:\/\/cranes.lv\/projektid-sildkraanad\/","name":"Kraana disain - SIA &quot;Zemit\u0101ns&quot;","isPartOf":{"@id":"https:\/\/cranes.lv\/#website"},"datePublished":"2024-03-20T10:25:42+00:00","dateModified":"2024-04-21T17:55:05+00:00","description":"Projektid sildkraanad | SIA \"Zemit\u0101ns\" | hoists and bridge cranes | SWF Krantechnik","breadcrumb":{"@id":"https:\/\/cranes.lv\/projektid-sildkraanad\/#breadcrumb"},"inLanguage":"et","potentialAction":[{"@type":"ReadAction","target":["https:\/\/cranes.lv\/projektid-sildkraanad\/"]}]},{"@type":"BreadcrumbList","@id":"https:\/\/cranes.lv\/projektid-sildkraanad\/#breadcrumb","itemListElement":[{"@type":"ListItem","position":1,"name":"\u0413\u043b\u0430\u0432\u043d\u0430\u044f \u0441\u0442\u0440\u0430\u043d\u0438\u0446\u0430","item":"https:\/\/cranes.lv\/ee\/"},{"@type":"ListItem","position":2,"name":"Kraana disain"}]},{"@type":"WebSite","@id":"https:\/\/cranes.lv\/#website","url":"https:\/\/cranes.lv\/","name":"Zemitans","description":"","publisher":{"@id":"https:\/\/cranes.lv\/#organization"},"potentialAction":[{"@type":"SearchAction","target":{"@type":"EntryPoint","urlTemplate":"https:\/\/cranes.lv\/?s={search_term_string}"},"query-input":{"@type":"PropertyValueSpecification","valueRequired":true,"valueName":"search_term_string"}}],"inLanguage":"et"},{"@type":"Organization","@id":"https:\/\/cranes.lv\/#organization","name":"Zemitans","url":"https:\/\/cranes.lv\/","logo":{"@type":"ImageObject","inLanguage":"et","@id":"https:\/\/cranes.lv\/#\/schema\/logo\/image\/","url":"https:\/\/cranes.lv\/wp-content\/uploads\/2024\/03\/Zemitans-1.svg","contentUrl":"https:\/\/cranes.lv\/wp-content\/uploads\/2024\/03\/Zemitans-1.svg","width":300,"height":70,"caption":"Zemitans"},"image":{"@id":"https:\/\/cranes.lv\/#\/schema\/logo\/image\/"},"sameAs":["https:\/\/www.facebook.com\/profile.php?id=61551090123372"]}]}},"jetpack_sharing_enabled":true,"_links":{"self":[{"href":"https:\/\/cranes.lv\/et\/wp-json\/wp\/v2\/pages\/989287","targetHints":{"allow":["GET"]}}],"collection":[{"href":"https:\/\/cranes.lv\/et\/wp-json\/wp\/v2\/pages"}],"about":[{"href":"https:\/\/cranes.lv\/et\/wp-json\/wp\/v2\/types\/page"}],"author":[{"embeddable":true,"href":"https:\/\/cranes.lv\/et\/wp-json\/wp\/v2\/users\/247047761"}],"replies":[{"embeddable":true,"href":"https:\/\/cranes.lv\/et\/wp-json\/wp\/v2\/comments?post=989287"}],"version-history":[{"count":5,"href":"https:\/\/cranes.lv\/et\/wp-json\/wp\/v2\/pages\/989287\/revisions"}],"predecessor-version":[{"id":990481,"href":"https:\/\/cranes.lv\/et\/wp-json\/wp\/v2\/pages\/989287\/revisions\/990481"}],"wp:attachment":[{"href":"https:\/\/cranes.lv\/et\/wp-json\/wp\/v2\/media?parent=989287"}],"curies":[{"name":"wp","href":"https:\/\/api.w.org\/{rel}","templated":true}]}}