{"id":989278,"date":"2024-03-20T12:23:52","date_gmt":"2024-03-20T10:23:52","guid":{"rendered":"https:\/\/cranes.lv\/?page_id=989278"},"modified":"2024-04-21T20:56:03","modified_gmt":"2024-04-21T17:56:03","slug":"kraana-rajad","status":"publish","type":"page","link":"https:\/\/cranes.lv\/et\/kraana-rajad\/","title":{"rendered":"Kraanaalune tee"},"content":{"rendered":"<div class=\"vgblk-rw-wrapper limit-wrapper\">\r\n<h3>\r\n\tKraanaalune tee\r\n\t<\/h3>\r\n\tKvaliteetne kraanatee aitab tagada kraanaseadmete usaldusv\u00e4\u00e4rset ja pikaajalist kasutust. T\u00f5stemehhanismide kasutusiga s\u00f5ltub ka kraanatee seisukorrast. Seadmete seisundi j\u00e4lgimine ja remont vastavalt tootjate n\u00f5uetele suurendab teie kraanaseadmete efektiivsust ja kasutusiga.\r\nKraanadeteede projekteerimine, valmistamine, paigaldus ja remont on \u00fcks meie ettev\u00f5tte p\u00f5hitegevusi.\r\nPakume kraanatee projekti arendamist;\r\n \u2022 Kraanatee paigaldus vastavalt projektile;\r\n \u2022 Kraanatee remont;\r\n \u2022 Kraanatee geomeetria taastamine;\r\n \u2022 Pakume teie hoonele konstruktsioonim\u00f5\u00f5tmisteenust, et pakkuda v\u00e4lja optimaalne kraana projekt ning projekteerida ja paigaldada sellele kraanarajad.\r\nKraanatee on r\u00f6\u00f6bastee, mida m\u00f6\u00f6da kraanad liiguvad. Kraanateed on t\u00f5stemehhanismide kinnitamise (paigaldamise) aluseks (sildkraanad). Need on m\u00f5eldud kraana t\u00f5steseadmete teisaldamiseks.\r\n\r\n<\/div><!-- .vgblk-rw-wrapper -->","protected":false},"excerpt":{"rendered":"<p>Kraanaalune tee Kvaliteetne kraanatee aitab tagada kraanaseadmete usaldusv\u00e4\u00e4rset ja pikaajalist kasutust. T\u00f5stemehhanismide kasutusiga s\u00f5ltub ka kraanatee seisukorrast. Seadmete seisundi j\u00e4lgimine ja remont vastavalt tootjate n\u00f5uetele suurendab teie kraanaseadmete efektiivsust ja kasutusiga. Kraanadeteede projekteerimine, valmistamine, paigaldus ja remont on \u00fcks meie ettev\u00f5tte p\u00f5hitegevusi. Pakume kraanatee projekti arendamist; \u2022 Kraanatee paigaldus vastavalt projektile; \u2022 Kraanatee remont; \u2022&#8230;<\/p>\n","protected":false},"author":247047761,"featured_media":0,"parent":0,"menu_order":0,"comment_status":"closed","ping_status":"closed","template":"","meta":{"_acf_changed":false,"_crdt_document":"","inline_featured_image":false,"footnotes":""},"class_list":["post-989278","page","type-page","status-publish","hentry"],"acf":[],"yoast_head":"<!-- This site is optimized with the Yoast SEO plugin v27.6 - https:\/\/yoast.com\/product\/yoast-seo-wordpress\/ -->\n<title>Kraanaalune tee - SIA &quot;Zemit\u0101ns&quot;<\/title>\n<meta name=\"description\" content=\"Kraana rajad | SIA &quot;Zemit\u0101ns&quot; | hoists and bridge cranes | SWF Krantechnik\" \/>\n<meta name=\"robots\" content=\"index, follow, max-snippet:-1, max-image-preview:large, max-video-preview:-1\" \/>\n<link rel=\"canonical\" href=\"https:\/\/cranes.lv\/kraana-rajad\/\" \/>\n<meta property=\"og:locale\" content=\"et_EE\" \/>\n<meta property=\"og:type\" content=\"article\" \/>\n<meta property=\"og:title\" content=\"Kraanaalune tee - SIA &quot;Zemit\u0101ns&quot;\" \/>\n<meta property=\"og:description\" content=\"Kraana rajad | SIA &quot;Zemit\u0101ns&quot; | hoists and bridge cranes | SWF Krantechnik\" \/>\n<meta property=\"og:url\" content=\"https:\/\/cranes.lv\/kraana-rajad\/\" \/>\n<meta property=\"og:site_name\" content=\"SIA &quot;Zemit\u0101ns&quot;\" \/>\n<meta property=\"article:publisher\" content=\"https:\/\/www.facebook.com\/profile.php?id=61551090123372\" \/>\n<meta property=\"article:modified_time\" content=\"2024-04-21T17:56:03+00:00\" \/>\n<meta name=\"twitter:card\" content=\"summary_large_image\" \/>\n<meta name=\"twitter:label1\" content=\"Est. reading time\" \/>\n\t<meta name=\"twitter:data1\" content=\"1 minut\" \/>\n<script type=\"application\/ld+json\" class=\"yoast-schema-graph\">{\"@context\":\"https:\\\/\\\/schema.org\",\"@graph\":[{\"@type\":\"WebPage\",\"@id\":\"https:\\\/\\\/cranes.lv\\\/kraana-rajad\\\/\",\"url\":\"https:\\\/\\\/cranes.lv\\\/kraana-rajad\\\/\",\"name\":\"Kraanaalune tee - SIA &quot;Zemit\u0101ns&quot;\",\"isPartOf\":{\"@id\":\"https:\\\/\\\/cranes.lv\\\/#website\"},\"datePublished\":\"2024-03-20T10:23:52+00:00\",\"dateModified\":\"2024-04-21T17:56:03+00:00\",\"description\":\"Kraana rajad | SIA \\\"Zemit\u0101ns\\\" | hoists and bridge cranes | SWF Krantechnik\",\"breadcrumb\":{\"@id\":\"https:\\\/\\\/cranes.lv\\\/kraana-rajad\\\/#breadcrumb\"},\"inLanguage\":\"et\",\"potentialAction\":[{\"@type\":\"ReadAction\",\"target\":[\"https:\\\/\\\/cranes.lv\\\/kraana-rajad\\\/\"]}]},{\"@type\":\"BreadcrumbList\",\"@id\":\"https:\\\/\\\/cranes.lv\\\/kraana-rajad\\\/#breadcrumb\",\"itemListElement\":[{\"@type\":\"ListItem\",\"position\":1,\"name\":\"\u0413\u043b\u0430\u0432\u043d\u0430\u044f \u0441\u0442\u0440\u0430\u043d\u0438\u0446\u0430\",\"item\":\"https:\\\/\\\/cranes.lv\\\/ee\\\/\"},{\"@type\":\"ListItem\",\"position\":2,\"name\":\"Kraanaalune tee\"}]},{\"@type\":\"WebSite\",\"@id\":\"https:\\\/\\\/cranes.lv\\\/#website\",\"url\":\"https:\\\/\\\/cranes.lv\\\/\",\"name\":\"Zemitans\",\"description\":\"\",\"publisher\":{\"@id\":\"https:\\\/\\\/cranes.lv\\\/#organization\"},\"potentialAction\":[{\"@type\":\"SearchAction\",\"target\":{\"@type\":\"EntryPoint\",\"urlTemplate\":\"https:\\\/\\\/cranes.lv\\\/?s={search_term_string}\"},\"query-input\":{\"@type\":\"PropertyValueSpecification\",\"valueRequired\":true,\"valueName\":\"search_term_string\"}}],\"inLanguage\":\"et\"},{\"@type\":\"Organization\",\"@id\":\"https:\\\/\\\/cranes.lv\\\/#organization\",\"name\":\"Zemitans\",\"url\":\"https:\\\/\\\/cranes.lv\\\/\",\"logo\":{\"@type\":\"ImageObject\",\"inLanguage\":\"et\",\"@id\":\"https:\\\/\\\/cranes.lv\\\/#\\\/schema\\\/logo\\\/image\\\/\",\"url\":\"https:\\\/\\\/cranes.lv\\\/wp-content\\\/uploads\\\/2024\\\/03\\\/Zemitans-1.svg\",\"contentUrl\":\"https:\\\/\\\/cranes.lv\\\/wp-content\\\/uploads\\\/2024\\\/03\\\/Zemitans-1.svg\",\"width\":300,\"height\":70,\"caption\":\"Zemitans\"},\"image\":{\"@id\":\"https:\\\/\\\/cranes.lv\\\/#\\\/schema\\\/logo\\\/image\\\/\"},\"sameAs\":[\"https:\\\/\\\/www.facebook.com\\\/profile.php?id=61551090123372\"]}]}<\/script>\n<!-- \/ Yoast SEO plugin. -->","yoast_head_json":{"title":"Kraanaalune tee - SIA &quot;Zemit\u0101ns&quot;","description":"Kraana rajad | SIA \"Zemit\u0101ns\" | hoists and bridge cranes | SWF Krantechnik","robots":{"index":"index","follow":"follow","max-snippet":"max-snippet:-1","max-image-preview":"max-image-preview:large","max-video-preview":"max-video-preview:-1"},"canonical":"https:\/\/cranes.lv\/kraana-rajad\/","og_locale":"et_EE","og_type":"article","og_title":"Kraanaalune tee - SIA &quot;Zemit\u0101ns&quot;","og_description":"Kraana rajad | SIA \"Zemit\u0101ns\" | hoists and bridge cranes | SWF Krantechnik","og_url":"https:\/\/cranes.lv\/kraana-rajad\/","og_site_name":"SIA &quot;Zemit\u0101ns&quot;","article_publisher":"https:\/\/www.facebook.com\/profile.php?id=61551090123372","article_modified_time":"2024-04-21T17:56:03+00:00","twitter_card":"summary_large_image","twitter_misc":{"Est. reading time":"1 minut"},"schema":{"@context":"https:\/\/schema.org","@graph":[{"@type":"WebPage","@id":"https:\/\/cranes.lv\/kraana-rajad\/","url":"https:\/\/cranes.lv\/kraana-rajad\/","name":"Kraanaalune tee - SIA &quot;Zemit\u0101ns&quot;","isPartOf":{"@id":"https:\/\/cranes.lv\/#website"},"datePublished":"2024-03-20T10:23:52+00:00","dateModified":"2024-04-21T17:56:03+00:00","description":"Kraana rajad | SIA \"Zemit\u0101ns\" | hoists and bridge cranes | SWF Krantechnik","breadcrumb":{"@id":"https:\/\/cranes.lv\/kraana-rajad\/#breadcrumb"},"inLanguage":"et","potentialAction":[{"@type":"ReadAction","target":["https:\/\/cranes.lv\/kraana-rajad\/"]}]},{"@type":"BreadcrumbList","@id":"https:\/\/cranes.lv\/kraana-rajad\/#breadcrumb","itemListElement":[{"@type":"ListItem","position":1,"name":"\u0413\u043b\u0430\u0432\u043d\u0430\u044f \u0441\u0442\u0440\u0430\u043d\u0438\u0446\u0430","item":"https:\/\/cranes.lv\/ee\/"},{"@type":"ListItem","position":2,"name":"Kraanaalune tee"}]},{"@type":"WebSite","@id":"https:\/\/cranes.lv\/#website","url":"https:\/\/cranes.lv\/","name":"Zemitans","description":"","publisher":{"@id":"https:\/\/cranes.lv\/#organization"},"potentialAction":[{"@type":"SearchAction","target":{"@type":"EntryPoint","urlTemplate":"https:\/\/cranes.lv\/?s={search_term_string}"},"query-input":{"@type":"PropertyValueSpecification","valueRequired":true,"valueName":"search_term_string"}}],"inLanguage":"et"},{"@type":"Organization","@id":"https:\/\/cranes.lv\/#organization","name":"Zemitans","url":"https:\/\/cranes.lv\/","logo":{"@type":"ImageObject","inLanguage":"et","@id":"https:\/\/cranes.lv\/#\/schema\/logo\/image\/","url":"https:\/\/cranes.lv\/wp-content\/uploads\/2024\/03\/Zemitans-1.svg","contentUrl":"https:\/\/cranes.lv\/wp-content\/uploads\/2024\/03\/Zemitans-1.svg","width":300,"height":70,"caption":"Zemitans"},"image":{"@id":"https:\/\/cranes.lv\/#\/schema\/logo\/image\/"},"sameAs":["https:\/\/www.facebook.com\/profile.php?id=61551090123372"]}]}},"jetpack_sharing_enabled":true,"_links":{"self":[{"href":"https:\/\/cranes.lv\/et\/wp-json\/wp\/v2\/pages\/989278","targetHints":{"allow":["GET"]}}],"collection":[{"href":"https:\/\/cranes.lv\/et\/wp-json\/wp\/v2\/pages"}],"about":[{"href":"https:\/\/cranes.lv\/et\/wp-json\/wp\/v2\/types\/page"}],"author":[{"embeddable":true,"href":"https:\/\/cranes.lv\/et\/wp-json\/wp\/v2\/users\/247047761"}],"replies":[{"embeddable":true,"href":"https:\/\/cranes.lv\/et\/wp-json\/wp\/v2\/comments?post=989278"}],"version-history":[{"count":7,"href":"https:\/\/cranes.lv\/et\/wp-json\/wp\/v2\/pages\/989278\/revisions"}],"predecessor-version":[{"id":990491,"href":"https:\/\/cranes.lv\/et\/wp-json\/wp\/v2\/pages\/989278\/revisions\/990491"}],"wp:attachment":[{"href":"https:\/\/cranes.lv\/et\/wp-json\/wp\/v2\/media?parent=989278"}],"curies":[{"name":"wp","href":"https:\/\/api.w.org\/{rel}","templated":true}]}}