{"id":989240,"date":"2024-03-20T12:12:23","date_gmt":"2024-03-20T10:12:23","guid":{"rendered":"https:\/\/cranes.lv\/?page_id=989240"},"modified":"2024-04-21T20:58:05","modified_gmt":"2024-04-21T17:58:05","slug":"teenused","status":"publish","type":"page","link":"https:\/\/cranes.lv\/et\/teenused\/","title":{"rendered":"Teenused"},"content":{"rendered":"<div class=\"vgblk-rw-wrapper limit-wrapper\">\r\n<h5>\r\n\tMUUTA IDEED TULEMUSEKS\r\n\t<\/h5>\r\n<h2>\r\n\t<strong>Teenused<\/strong>\r\n\t<\/h2>\r\n<h4>\r\n\t\t\t<a href=\"\/projektid-sildkraanad\/\" title=\"Projektid sildkraanad\" target=\"_self\" rel=\"noopener\">\r\n\tProjektid sildkraanad\r\n\t\t\t<\/a>\r\n\t<\/h4>\r\n\t<p>Meie spetsialistid t\u00f6\u00f6tavad kiiresti ja \u00f5igeaegselt v\u00e4lja k\u00f5ige sobivama kraana konfiguratsiooni, mis vastab kliendi k\u00f5rgeimatele n\u00f5udmistele.<\/p>\r\n<h4>\r\n\t\t\t<a href=\"\/kraanade-moderniseerimine\/\" title=\"Kraanade moderniseerimine\" target=\"_self\" rel=\"noopener\">\r\n\tKraanade moderniseerimine\r\n\t\t\t<\/a>\r\n\t<\/h4>\r\n\t<p>Kraana moderniseerimine meie kraanaspetsialistide poolt v\u00f5ib parandada teie kraana t\u00f6\u00f6kindlust, ohutust ja tootlikkust.<\/p>\r\n<h4>\r\n\t\t\t<a href=\"\/hooldus-kraanad\/\" title=\"Hooldus kraanad\" target=\"_self\" rel=\"noopener\">\r\n\tHooldus kraanad\r\n\t\t\t<\/a>\r\n\t<\/h4>\r\n\t<p>Regulaarne hooldus v\u00f5ib pikendada kraanade kasutusiga ja v\u00e4ltida kulukaid remondit\u00f6id.<\/p>\r\n<h4>\r\n\t\t\t<a href=\"\/kraana-remont\/\" title=\"Kraana remont\" target=\"_self\" rel=\"noopener\">\r\n\tKraana remont\r\n\t\t\t<\/a>\r\n\t<\/h4>\r\n\t<p>Suuremahuline kapitaalremont v\u00f5imaldab pikendada seadme kasutusiga. T\u00f6\u00f6de ulatus h\u00f5lmab k\u00f5igi vahetatavate osade v\u00e4ljavahetamist.<\/p>\r\n<h4>\r\n\t\t\t<a href=\"\/originaal-varuosad\/\" title=\"Originaal varuosad\" target=\"_self\" rel=\"noopener\">\r\n\tOriginaal varuosad\r\n\t\t\t<\/a>\r\n\t<\/h4>\r\n\t<p>SWF Krantechnik&#8217;i t\u00f5steseadmed ja kraanakomponendid vastavad k\u00f5ige rangematele kvaliteedistandarditele ja ohutusn\u00f5uetele.<\/p>\r\n<h4>\r\n\t\t\t<a href=\"\/kraanade-paigaldamine\/\" title=\"Kraanade paigaldamine\" target=\"_self\" rel=\"noopener\">\r\n\tKraanade paigaldamine\r\n\t\t\t<\/a>\r\n\t<\/h4>\r\n\t<p>Meie spetsialistid v\u00f5ivad teostada teie jaoks professionaalset sildkraanade, p\u00fcstkraanade, kraanar\u00f6\u00f6pmete ja muude t\u00f5steseadmete paigaldamist.<\/p>\r\n<h4>\r\n\t\t\t<a href=\"\/kraana-rajad\/\" title=\"Kraana rajad\" target=\"_self\" rel=\"noopener\">\r\n\tKraana rajad\r\n\t\t\t<\/a>\r\n\t<\/h4>\r\n\t<p>Kvaliteetne kraanatee garanteerib usaldusv\u00e4\u00e4rsemat ja pikaajalist kraanaseadmete ekspluateerimist. Kraanatee seisundi eest s\u00f5ltub ka t\u00f5steseadmete eluiga.<\/p>\r\n<h4>\r\n\t\t\t<a href=\"\/kraana-registreerimine\/\" title=\"Kraana registreerimine\" target=\"_self\" rel=\"noopener\">\r\n\tKraana registreerimine\r\n\t\t\t<\/a>\r\n\t<\/h4>\r\n\t<p>P\u00e4rast paigaldust\u00f6\u00f6de l\u00f5petamist katsetame kraanat, koostame selle passi ja registreerime selle ohtlike seadmete inspektsioonis.<\/p>\r\n<h5>\r\n\tSIA &#8220;Zemit\u0101ns&#8221; on Saksa ettev\u00f5tte SWF Krantechnik ametlik partner, kes toodab sildkraanasid, varrukakraanasid ja telfereid erinevateks otstarveteks.\r\n\t<\/h5>\r\n\r\n<\/div><!-- .vgblk-rw-wrapper -->","protected":false},"excerpt":{"rendered":"<p>MUUTA IDEED TULEMUSEKS Teenused Projektid sildkraanad Meie spetsialistid t\u00f6\u00f6tavad kiiresti ja \u00f5igeaegselt v\u00e4lja k\u00f5ige sobivama kraana konfiguratsiooni, mis vastab kliendi k\u00f5rgeimatele n\u00f5udmistele. Kraanade moderniseerimine Kraana moderniseerimine meie kraanaspetsialistide poolt v\u00f5ib parandada teie kraana t\u00f6\u00f6kindlust, ohutust ja tootlikkust. Hooldus kraanad Regulaarne hooldus v\u00f5ib pikendada kraanade kasutusiga ja v\u00e4ltida kulukaid remondit\u00f6id. Kraana remont Suuremahuline kapitaalremont v\u00f5imaldab pikendada&#8230;<\/p>\n","protected":false},"author":247047761,"featured_media":0,"parent":0,"menu_order":0,"comment_status":"closed","ping_status":"closed","template":"","meta":{"_acf_changed":false,"_crdt_document":"","inline_featured_image":false,"footnotes":""},"class_list":["post-989240","page","type-page","status-publish","hentry"],"acf":[],"yoast_head":"<!-- This site is optimized with the Yoast SEO plugin v26.8 - https:\/\/yoast.com\/product\/yoast-seo-wordpress\/ -->\n<title>Teenused - SIA &quot;Zemit\u0101ns&quot;<\/title>\n<meta name=\"description\" content=\"Teenused | SIA &quot;Zemit\u0101ns&quot; | hoists and bridge cranes | SWF Krantechnik\" \/>\n<meta name=\"robots\" content=\"index, follow, max-snippet:-1, max-image-preview:large, max-video-preview:-1\" \/>\n<link rel=\"canonical\" href=\"https:\/\/cranes.lv\/teenused\/\" \/>\n<meta property=\"og:locale\" content=\"et_EE\" \/>\n<meta property=\"og:type\" content=\"article\" \/>\n<meta property=\"og:title\" content=\"Teenused - SIA &quot;Zemit\u0101ns&quot;\" \/>\n<meta property=\"og:description\" content=\"Teenused | SIA &quot;Zemit\u0101ns&quot; | hoists and bridge cranes | SWF Krantechnik\" \/>\n<meta property=\"og:url\" content=\"https:\/\/cranes.lv\/teenused\/\" \/>\n<meta property=\"og:site_name\" content=\"SIA &quot;Zemit\u0101ns&quot;\" \/>\n<meta property=\"article:publisher\" content=\"https:\/\/www.facebook.com\/profile.php?id=61551090123372\" \/>\n<meta property=\"article:modified_time\" content=\"2024-04-21T17:58:05+00:00\" \/>\n<meta name=\"twitter:card\" content=\"summary_large_image\" \/>\n<meta name=\"twitter:label1\" content=\"Est. reading time\" \/>\n\t<meta name=\"twitter:data1\" content=\"1 minut\" \/>\n<script type=\"application\/ld+json\" class=\"yoast-schema-graph\">{\"@context\":\"https:\/\/schema.org\",\"@graph\":[{\"@type\":\"WebPage\",\"@id\":\"https:\/\/cranes.lv\/teenused\/\",\"url\":\"https:\/\/cranes.lv\/teenused\/\",\"name\":\"Teenused - SIA &quot;Zemit\u0101ns&quot;\",\"isPartOf\":{\"@id\":\"https:\/\/cranes.lv\/#website\"},\"datePublished\":\"2024-03-20T10:12:23+00:00\",\"dateModified\":\"2024-04-21T17:58:05+00:00\",\"description\":\"Teenused | SIA \\\"Zemit\u0101ns\\\" | hoists and bridge cranes | SWF Krantechnik\",\"breadcrumb\":{\"@id\":\"https:\/\/cranes.lv\/teenused\/#breadcrumb\"},\"inLanguage\":\"et\",\"potentialAction\":[{\"@type\":\"ReadAction\",\"target\":[\"https:\/\/cranes.lv\/teenused\/\"]}]},{\"@type\":\"BreadcrumbList\",\"@id\":\"https:\/\/cranes.lv\/teenused\/#breadcrumb\",\"itemListElement\":[{\"@type\":\"ListItem\",\"position\":1,\"name\":\"\u0413\u043b\u0430\u0432\u043d\u0430\u044f \u0441\u0442\u0440\u0430\u043d\u0438\u0446\u0430\",\"item\":\"https:\/\/cranes.lv\/ee\/\"},{\"@type\":\"ListItem\",\"position\":2,\"name\":\"Teenused\"}]},{\"@type\":\"WebSite\",\"@id\":\"https:\/\/cranes.lv\/#website\",\"url\":\"https:\/\/cranes.lv\/\",\"name\":\"Zemitans\",\"description\":\"\",\"publisher\":{\"@id\":\"https:\/\/cranes.lv\/#organization\"},\"potentialAction\":[{\"@type\":\"SearchAction\",\"target\":{\"@type\":\"EntryPoint\",\"urlTemplate\":\"https:\/\/cranes.lv\/?s={search_term_string}\"},\"query-input\":{\"@type\":\"PropertyValueSpecification\",\"valueRequired\":true,\"valueName\":\"search_term_string\"}}],\"inLanguage\":\"et\"},{\"@type\":\"Organization\",\"@id\":\"https:\/\/cranes.lv\/#organization\",\"name\":\"Zemitans\",\"url\":\"https:\/\/cranes.lv\/\",\"logo\":{\"@type\":\"ImageObject\",\"inLanguage\":\"et\",\"@id\":\"https:\/\/cranes.lv\/#\/schema\/logo\/image\/\",\"url\":\"https:\/\/cranes.lv\/wp-content\/uploads\/2024\/03\/Zemitans-1.svg\",\"contentUrl\":\"https:\/\/cranes.lv\/wp-content\/uploads\/2024\/03\/Zemitans-1.svg\",\"width\":300,\"height\":70,\"caption\":\"Zemitans\"},\"image\":{\"@id\":\"https:\/\/cranes.lv\/#\/schema\/logo\/image\/\"},\"sameAs\":[\"https:\/\/www.facebook.com\/profile.php?id=61551090123372\"]}]}<\/script>\n<!-- \/ Yoast SEO plugin. -->","yoast_head_json":{"title":"Teenused - SIA &quot;Zemit\u0101ns&quot;","description":"Teenused | SIA \"Zemit\u0101ns\" | hoists and bridge cranes | SWF Krantechnik","robots":{"index":"index","follow":"follow","max-snippet":"max-snippet:-1","max-image-preview":"max-image-preview:large","max-video-preview":"max-video-preview:-1"},"canonical":"https:\/\/cranes.lv\/teenused\/","og_locale":"et_EE","og_type":"article","og_title":"Teenused - SIA &quot;Zemit\u0101ns&quot;","og_description":"Teenused | SIA \"Zemit\u0101ns\" | hoists and bridge cranes | SWF Krantechnik","og_url":"https:\/\/cranes.lv\/teenused\/","og_site_name":"SIA &quot;Zemit\u0101ns&quot;","article_publisher":"https:\/\/www.facebook.com\/profile.php?id=61551090123372","article_modified_time":"2024-04-21T17:58:05+00:00","twitter_card":"summary_large_image","twitter_misc":{"Est. reading time":"1 minut"},"schema":{"@context":"https:\/\/schema.org","@graph":[{"@type":"WebPage","@id":"https:\/\/cranes.lv\/teenused\/","url":"https:\/\/cranes.lv\/teenused\/","name":"Teenused - SIA &quot;Zemit\u0101ns&quot;","isPartOf":{"@id":"https:\/\/cranes.lv\/#website"},"datePublished":"2024-03-20T10:12:23+00:00","dateModified":"2024-04-21T17:58:05+00:00","description":"Teenused | SIA \"Zemit\u0101ns\" | hoists and bridge cranes | SWF Krantechnik","breadcrumb":{"@id":"https:\/\/cranes.lv\/teenused\/#breadcrumb"},"inLanguage":"et","potentialAction":[{"@type":"ReadAction","target":["https:\/\/cranes.lv\/teenused\/"]}]},{"@type":"BreadcrumbList","@id":"https:\/\/cranes.lv\/teenused\/#breadcrumb","itemListElement":[{"@type":"ListItem","position":1,"name":"\u0413\u043b\u0430\u0432\u043d\u0430\u044f \u0441\u0442\u0440\u0430\u043d\u0438\u0446\u0430","item":"https:\/\/cranes.lv\/ee\/"},{"@type":"ListItem","position":2,"name":"Teenused"}]},{"@type":"WebSite","@id":"https:\/\/cranes.lv\/#website","url":"https:\/\/cranes.lv\/","name":"Zemitans","description":"","publisher":{"@id":"https:\/\/cranes.lv\/#organization"},"potentialAction":[{"@type":"SearchAction","target":{"@type":"EntryPoint","urlTemplate":"https:\/\/cranes.lv\/?s={search_term_string}"},"query-input":{"@type":"PropertyValueSpecification","valueRequired":true,"valueName":"search_term_string"}}],"inLanguage":"et"},{"@type":"Organization","@id":"https:\/\/cranes.lv\/#organization","name":"Zemitans","url":"https:\/\/cranes.lv\/","logo":{"@type":"ImageObject","inLanguage":"et","@id":"https:\/\/cranes.lv\/#\/schema\/logo\/image\/","url":"https:\/\/cranes.lv\/wp-content\/uploads\/2024\/03\/Zemitans-1.svg","contentUrl":"https:\/\/cranes.lv\/wp-content\/uploads\/2024\/03\/Zemitans-1.svg","width":300,"height":70,"caption":"Zemitans"},"image":{"@id":"https:\/\/cranes.lv\/#\/schema\/logo\/image\/"},"sameAs":["https:\/\/www.facebook.com\/profile.php?id=61551090123372"]}]}},"jetpack_sharing_enabled":true,"_links":{"self":[{"href":"https:\/\/cranes.lv\/et\/wp-json\/wp\/v2\/pages\/989240","targetHints":{"allow":["GET"]}}],"collection":[{"href":"https:\/\/cranes.lv\/et\/wp-json\/wp\/v2\/pages"}],"about":[{"href":"https:\/\/cranes.lv\/et\/wp-json\/wp\/v2\/types\/page"}],"author":[{"embeddable":true,"href":"https:\/\/cranes.lv\/et\/wp-json\/wp\/v2\/users\/247047761"}],"replies":[{"embeddable":true,"href":"https:\/\/cranes.lv\/et\/wp-json\/wp\/v2\/comments?post=989240"}],"version-history":[{"count":10,"href":"https:\/\/cranes.lv\/et\/wp-json\/wp\/v2\/pages\/989240\/revisions"}],"predecessor-version":[{"id":990658,"href":"https:\/\/cranes.lv\/et\/wp-json\/wp\/v2\/pages\/989240\/revisions\/990658"}],"wp:attachment":[{"href":"https:\/\/cranes.lv\/et\/wp-json\/wp\/v2\/media?parent=989240"}],"curies":[{"name":"wp","href":"https:\/\/api.w.org\/{rel}","templated":true}]}}