{"id":989170,"date":"2024-04-03T00:19:24","date_gmt":"2024-04-02T21:19:24","guid":{"rendered":"https:\/\/cranes.lv\/?page_id=989170"},"modified":"2024-04-17T20:44:38","modified_gmt":"2024-04-17T17:44:38","slug":"karjaar","status":"publish","type":"page","link":"https:\/\/cranes.lv\/et\/karjaar\/","title":{"rendered":"Karj\u00e4\u00e4r"},"content":{"rendered":"<div class=\"vgblk-rw-wrapper limit-wrapper\">\r\n<h2>\r\n\tVabad<br \/><strong>t\u00f6\u00f6kohad<\/strong>\r\n\t<\/h2>\r\n\t<p>Kui otsite p\u00f5nevat t\u00f6\u00f6d, mis pakub v\u00f5imalusi professionaalseks arenguks ja korralikku palka, siis pakume teile t\u00e4pselt seda, mida te otsite.<\/p>\r\n\t<a href=\"\/kontaktid\/\" target=\"_self\" role=\"button\" rel=\"noopener\">\r\n\t\t\t\t\tV\u00f5tke meiega \u00fchendust\r\n\t<\/a>\r\n<h3>\r\n\tMeeskonnat\u00f6\u00f6\r\n\t<\/h3>\r\n\t<p>Me vajame iseloomuga inimesi &#8211; neid, kes ei karda riskeerida. Nad m\u00f5istavad, et nende elu muutmiseks on vaja kirge, vastupidavust ja visadust.<\/p>\r\n<h4>\r\n\tElektriku<br \/><strong>vaba t\u00f6\u00f6koht<\/strong>\r\n\t<\/h4>\r\n\t<p>Otsime kvalifitseeritud elektrikut, kellel on hea arusaamine elektrotehnikast ja kogemused antud valdkonnas.<\/p>\r\n<h4>\r\n\tVajalikud<br \/><strong>oskused<\/strong>\r\n\t<\/h4>\r\n\t<ol>\r\n<li>Elektrotehnilised teadmised: elektris\u00fcsteemide ja -seadmete p\u00f5him\u00f5tete m\u00f5istmine.<\/li>\r\n<li>Skeemide ja jooniste lugemise oskus: v\u00f5ime anal\u00fc\u00fcsida ja t\u00f5lgendada tehnilist dokumentatsiooni.<\/li>\r\n<\/ol>\r\n<h4>\r\n\t<br \/><strong>Suhtlemisoskus<\/strong>\r\n\t<\/h4>\r\n\t<ol>\r\n<li>Suhtlemisoskus: v\u00f5ime suhelda t\u00f5husalt klientide ja kolleegidega, et m\u00f5ista n\u00f5udeid ja lahendada probleeme.<\/li>\r\n<li>Organiseerimisv\u00f5ime: v\u00f5ime planeerida ja juhtida aega, et t\u00e4ita \u00fclesandeid \u00f5igeaegselt.<\/li>\r\n<\/ol>\r\n<h4>\r\n\tAnal\u00fc\u00fctilised<br \/><strong>oskused<\/strong>\r\n\t<\/h4>\r\n\t<ol>\r\n<li>Anal\u00fc\u00fctiline m\u00f5tteviis: v\u00f5ime anal\u00fc\u00fcsida keerulisi olukordi ja leida t\u00f5husaid lahendusi.<\/li>\r\n<li>Tehniline p\u00e4devus: valmisolek pidevalt t\u00e4iendada oma teadmisi ja oskusi elektrotehnika valdkonnas.<\/li>\r\n<\/ol>\r\n<h4>\r\n\tKeevitaja<br \/><strong>vaba t\u00f6\u00f6koht<\/strong>\r\n\t<\/h4>\r\n\t<p>Meie ettev\u00f5te otsib kogenud keevitajat, kellel on k\u00f5rged keevitusoskused ja professionaalsus.<\/p>\r\n<h4>\r\n\tTehnilised <br \/><strong>n\u00f5uded<\/strong>\r\n\t<\/h4>\r\n\t<ol>\r\n<li>Erialased oskused: v\u00f5ime keevitada metallkonstruktsioone, kasutades erinevaid keevitusmeetodeid.<\/li>\r\n<li>Materjalide tundmine: teadmised erinevate metallmaterjalide omadustest ja nendega t\u00f6\u00f6tamisest.<\/li>\r\n<\/ol>\r\n<h4>\r\n\tVajalik <br \/><strong>kogemus<\/strong>\r\n\t<\/h4>\r\n\t<ol>\r\n<li>Seadmete kasutamine: kogemus erinevate keevitusseadmete ja -seadmete kasutamisel.<\/li>\r\n<li>Stressitaluvus: v\u00f5ime t\u00f6\u00f6tada tihedas keskkonnas ja t\u00e4htaegade surve all.<\/li>\r\n<\/ol>\r\n<h4>\r\n\t<br \/><strong>Meeskonnat\u00f6\u00f6<\/strong>\r\n\t<\/h4>\r\n\t<ol>\r\n<li>Suhtlemisoskus: v\u00f5ime suhelda t\u00f5husalt klientide ja kolleegidega, et m\u00f5ista n\u00f5udeid ja koordineerida t\u00f6\u00f6d.<\/li>\r\n<li>T\u00e4psus ja t\u00e4helepanelikkus: t\u00e4helepanu \u00fcksikasjadele ja v\u00f5ime s\u00e4ilitada t\u00f6\u00f6 t\u00e4psus.<\/li>\r\n<\/ol>\r\n\r\n<\/div><!-- .vgblk-rw-wrapper -->","protected":false},"excerpt":{"rendered":"<p>Vabadt\u00f6\u00f6kohad Kui otsite p\u00f5nevat t\u00f6\u00f6d, mis pakub v\u00f5imalusi professionaalseks arenguks ja korralikku palka, siis pakume teile t\u00e4pselt seda, mida te otsite. V\u00f5tke meiega \u00fchendust Meeskonnat\u00f6\u00f6 Me vajame iseloomuga inimesi &#8211; neid, kes ei karda riskeerida. Nad m\u00f5istavad, et nende elu muutmiseks on vaja kirge, vastupidavust ja visadust. Elektrikuvaba t\u00f6\u00f6koht Otsime kvalifitseeritud elektrikut, kellel on hea&#8230;<\/p>\n","protected":false},"author":247047761,"featured_media":0,"parent":0,"menu_order":0,"comment_status":"closed","ping_status":"closed","template":"","meta":{"_acf_changed":false,"_crdt_document":"","inline_featured_image":false,"footnotes":""},"class_list":["post-989170","page","type-page","status-publish","hentry"],"acf":[],"yoast_head":"<!-- This site is optimized with the Yoast SEO plugin v27.3 - https:\/\/yoast.com\/product\/yoast-seo-wordpress\/ -->\n<title>Karj\u00e4\u00e4r - SIA &quot;Zemit\u0101ns&quot;<\/title>\n<meta name=\"description\" content=\"Karj\u00e4\u00e4r | SIA &quot;Zemit\u0101ns&quot; | hoists and bridge cranes | SWF Krantechnik\" \/>\n<meta name=\"robots\" content=\"index, follow, max-snippet:-1, max-image-preview:large, max-video-preview:-1\" \/>\n<link rel=\"canonical\" href=\"https:\/\/cranes.lv\/karjaar\/\" \/>\n<meta property=\"og:locale\" content=\"et_EE\" \/>\n<meta property=\"og:type\" content=\"article\" \/>\n<meta property=\"og:title\" content=\"Karj\u00e4\u00e4r - SIA &quot;Zemit\u0101ns&quot;\" \/>\n<meta property=\"og:description\" content=\"Karj\u00e4\u00e4r | SIA &quot;Zemit\u0101ns&quot; | hoists and bridge cranes | SWF Krantechnik\" \/>\n<meta property=\"og:url\" content=\"https:\/\/cranes.lv\/karjaar\/\" \/>\n<meta property=\"og:site_name\" content=\"SIA &quot;Zemit\u0101ns&quot;\" \/>\n<meta property=\"article:publisher\" content=\"https:\/\/www.facebook.com\/profile.php?id=61551090123372\" \/>\n<meta property=\"article:modified_time\" content=\"2024-04-17T17:44:38+00:00\" \/>\n<meta name=\"twitter:card\" content=\"summary_large_image\" \/>\n<meta name=\"twitter:label1\" content=\"Est. reading time\" \/>\n\t<meta name=\"twitter:data1\" content=\"2 minutit\" \/>\n<script type=\"application\/ld+json\" class=\"yoast-schema-graph\">{\"@context\":\"https:\\\/\\\/schema.org\",\"@graph\":[{\"@type\":\"WebPage\",\"@id\":\"https:\\\/\\\/cranes.lv\\\/karjaar\\\/\",\"url\":\"https:\\\/\\\/cranes.lv\\\/karjaar\\\/\",\"name\":\"Karj\u00e4\u00e4r - SIA &quot;Zemit\u0101ns&quot;\",\"isPartOf\":{\"@id\":\"https:\\\/\\\/cranes.lv\\\/#website\"},\"datePublished\":\"2024-04-02T21:19:24+00:00\",\"dateModified\":\"2024-04-17T17:44:38+00:00\",\"description\":\"Karj\u00e4\u00e4r | SIA \\\"Zemit\u0101ns\\\" | hoists and bridge cranes | SWF Krantechnik\",\"breadcrumb\":{\"@id\":\"https:\\\/\\\/cranes.lv\\\/karjaar\\\/#breadcrumb\"},\"inLanguage\":\"et\",\"potentialAction\":[{\"@type\":\"ReadAction\",\"target\":[\"https:\\\/\\\/cranes.lv\\\/karjaar\\\/\"]}]},{\"@type\":\"BreadcrumbList\",\"@id\":\"https:\\\/\\\/cranes.lv\\\/karjaar\\\/#breadcrumb\",\"itemListElement\":[{\"@type\":\"ListItem\",\"position\":1,\"name\":\"\u0413\u043b\u0430\u0432\u043d\u0430\u044f \u0441\u0442\u0440\u0430\u043d\u0438\u0446\u0430\",\"item\":\"https:\\\/\\\/cranes.lv\\\/ee\\\/\"},{\"@type\":\"ListItem\",\"position\":2,\"name\":\"Karj\u00e4\u00e4r\"}]},{\"@type\":\"WebSite\",\"@id\":\"https:\\\/\\\/cranes.lv\\\/#website\",\"url\":\"https:\\\/\\\/cranes.lv\\\/\",\"name\":\"Zemitans\",\"description\":\"\",\"publisher\":{\"@id\":\"https:\\\/\\\/cranes.lv\\\/#organization\"},\"potentialAction\":[{\"@type\":\"SearchAction\",\"target\":{\"@type\":\"EntryPoint\",\"urlTemplate\":\"https:\\\/\\\/cranes.lv\\\/?s={search_term_string}\"},\"query-input\":{\"@type\":\"PropertyValueSpecification\",\"valueRequired\":true,\"valueName\":\"search_term_string\"}}],\"inLanguage\":\"et\"},{\"@type\":\"Organization\",\"@id\":\"https:\\\/\\\/cranes.lv\\\/#organization\",\"name\":\"Zemitans\",\"url\":\"https:\\\/\\\/cranes.lv\\\/\",\"logo\":{\"@type\":\"ImageObject\",\"inLanguage\":\"et\",\"@id\":\"https:\\\/\\\/cranes.lv\\\/#\\\/schema\\\/logo\\\/image\\\/\",\"url\":\"https:\\\/\\\/cranes.lv\\\/wp-content\\\/uploads\\\/2024\\\/03\\\/Zemitans-1.svg\",\"contentUrl\":\"https:\\\/\\\/cranes.lv\\\/wp-content\\\/uploads\\\/2024\\\/03\\\/Zemitans-1.svg\",\"width\":300,\"height\":70,\"caption\":\"Zemitans\"},\"image\":{\"@id\":\"https:\\\/\\\/cranes.lv\\\/#\\\/schema\\\/logo\\\/image\\\/\"},\"sameAs\":[\"https:\\\/\\\/www.facebook.com\\\/profile.php?id=61551090123372\"]}]}<\/script>\n<!-- \/ Yoast SEO plugin. -->","yoast_head_json":{"title":"Karj\u00e4\u00e4r - SIA &quot;Zemit\u0101ns&quot;","description":"Karj\u00e4\u00e4r | SIA \"Zemit\u0101ns\" | hoists and bridge cranes | SWF Krantechnik","robots":{"index":"index","follow":"follow","max-snippet":"max-snippet:-1","max-image-preview":"max-image-preview:large","max-video-preview":"max-video-preview:-1"},"canonical":"https:\/\/cranes.lv\/karjaar\/","og_locale":"et_EE","og_type":"article","og_title":"Karj\u00e4\u00e4r - SIA &quot;Zemit\u0101ns&quot;","og_description":"Karj\u00e4\u00e4r | SIA \"Zemit\u0101ns\" | hoists and bridge cranes | SWF Krantechnik","og_url":"https:\/\/cranes.lv\/karjaar\/","og_site_name":"SIA &quot;Zemit\u0101ns&quot;","article_publisher":"https:\/\/www.facebook.com\/profile.php?id=61551090123372","article_modified_time":"2024-04-17T17:44:38+00:00","twitter_card":"summary_large_image","twitter_misc":{"Est. reading time":"2 minutit"},"schema":{"@context":"https:\/\/schema.org","@graph":[{"@type":"WebPage","@id":"https:\/\/cranes.lv\/karjaar\/","url":"https:\/\/cranes.lv\/karjaar\/","name":"Karj\u00e4\u00e4r - SIA &quot;Zemit\u0101ns&quot;","isPartOf":{"@id":"https:\/\/cranes.lv\/#website"},"datePublished":"2024-04-02T21:19:24+00:00","dateModified":"2024-04-17T17:44:38+00:00","description":"Karj\u00e4\u00e4r | SIA \"Zemit\u0101ns\" | hoists and bridge cranes | SWF Krantechnik","breadcrumb":{"@id":"https:\/\/cranes.lv\/karjaar\/#breadcrumb"},"inLanguage":"et","potentialAction":[{"@type":"ReadAction","target":["https:\/\/cranes.lv\/karjaar\/"]}]},{"@type":"BreadcrumbList","@id":"https:\/\/cranes.lv\/karjaar\/#breadcrumb","itemListElement":[{"@type":"ListItem","position":1,"name":"\u0413\u043b\u0430\u0432\u043d\u0430\u044f \u0441\u0442\u0440\u0430\u043d\u0438\u0446\u0430","item":"https:\/\/cranes.lv\/ee\/"},{"@type":"ListItem","position":2,"name":"Karj\u00e4\u00e4r"}]},{"@type":"WebSite","@id":"https:\/\/cranes.lv\/#website","url":"https:\/\/cranes.lv\/","name":"Zemitans","description":"","publisher":{"@id":"https:\/\/cranes.lv\/#organization"},"potentialAction":[{"@type":"SearchAction","target":{"@type":"EntryPoint","urlTemplate":"https:\/\/cranes.lv\/?s={search_term_string}"},"query-input":{"@type":"PropertyValueSpecification","valueRequired":true,"valueName":"search_term_string"}}],"inLanguage":"et"},{"@type":"Organization","@id":"https:\/\/cranes.lv\/#organization","name":"Zemitans","url":"https:\/\/cranes.lv\/","logo":{"@type":"ImageObject","inLanguage":"et","@id":"https:\/\/cranes.lv\/#\/schema\/logo\/image\/","url":"https:\/\/cranes.lv\/wp-content\/uploads\/2024\/03\/Zemitans-1.svg","contentUrl":"https:\/\/cranes.lv\/wp-content\/uploads\/2024\/03\/Zemitans-1.svg","width":300,"height":70,"caption":"Zemitans"},"image":{"@id":"https:\/\/cranes.lv\/#\/schema\/logo\/image\/"},"sameAs":["https:\/\/www.facebook.com\/profile.php?id=61551090123372"]}]}},"jetpack_sharing_enabled":true,"_links":{"self":[{"href":"https:\/\/cranes.lv\/et\/wp-json\/wp\/v2\/pages\/989170","targetHints":{"allow":["GET"]}}],"collection":[{"href":"https:\/\/cranes.lv\/et\/wp-json\/wp\/v2\/pages"}],"about":[{"href":"https:\/\/cranes.lv\/et\/wp-json\/wp\/v2\/types\/page"}],"author":[{"embeddable":true,"href":"https:\/\/cranes.lv\/et\/wp-json\/wp\/v2\/users\/247047761"}],"replies":[{"embeddable":true,"href":"https:\/\/cranes.lv\/et\/wp-json\/wp\/v2\/comments?post=989170"}],"version-history":[{"count":7,"href":"https:\/\/cranes.lv\/et\/wp-json\/wp\/v2\/pages\/989170\/revisions"}],"predecessor-version":[{"id":990432,"href":"https:\/\/cranes.lv\/et\/wp-json\/wp\/v2\/pages\/989170\/revisions\/990432"}],"wp:attachment":[{"href":"https:\/\/cranes.lv\/et\/wp-json\/wp\/v2\/media?parent=989170"}],"curies":[{"name":"wp","href":"https:\/\/api.w.org\/{rel}","templated":true}]}}