{"id":989131,"date":"2024-03-26T16:04:28","date_gmt":"2024-03-26T14:04:28","guid":{"rendered":"https:\/\/cranes.lv\/?page_id=989131"},"modified":"2024-05-21T18:58:30","modified_gmt":"2024-05-21T15:58:30","slug":"ee","status":"publish","type":"page","link":"https:\/\/cranes.lv\/et\/","title":{"rendered":"Avaleht | telferid ja sildkraanad | SWF Krantechnik"},"content":{"rendered":"<div class=\"vgblk-rw-wrapper limit-wrapper\">\r\n<h4>Meie t\u00f6\u00f6 lugu numbrites:<\/h4>\r\n<h3>55+<\/h3>\r\n<h4>Edukalt ellu viidud <strong>projekti<\/strong><\/h4>\r\n<h3>1000+<\/h3>\r\n<h4>Meie ettev\u00f5tte <strong>klienti<\/strong><\/h4>\r\n<h3>20+<\/h3>\r\n<h4><strong>Aastat<\/strong> kogemust kraanaseadmete turul<\/h4>\r\n<h3>RAKENDUSVALDKONNAD<\/h3>\r\n<p>Meie ettev\u00f5tte poolt omandatud ulatuslik kogemus v\u00f5imaldab meil seda rakendada erinevates valdkondades<\/p>\r\n<h3>Puidut\u00f6\u00f6tlemine<\/h3>\r\n<p>Kasutatakse suurte palkide, saematerjali, seadmete ja t\u00f6\u00f6riistade teisaldamiseks<\/p>\r\n<p><a role=\"button\" href=\"\/teenused\/\" target=\"_self\" rel=\"noopener\"> Loe edasi <\/a><\/p>\r\n<h3>Energiasektor<\/h3>\r\n<p>Kasutamine seadmete t\u00f5stmiseks ja paigaldamiseks energiapaigaldistesse ja elektrijaamadesse.<\/p>\r\n<p><a role=\"button\" href=\"\/teenused\/\" target=\"_self\" rel=\"noopener\"> Loe edasi <\/a><\/p>\r\n<h3>Metallit\u00f6\u00f6tlemine<\/h3>\r\n<p>Kasutatakse raskemetallist toorikute teisaldamiseks ja seadmete paigaldamiseks.<\/p>\r\n<p><a role=\"button\" href=\"\/teenused\/\" target=\"_self\" rel=\"noopener\"> Loe edasi <\/a><\/p>\r\n<h3>Tootmine <br \/>raudbetoonist<\/h3>\r\n<p>Kasutada armatuurpuuride ja betooni valamise vormide teisaldamiseks ja paigaldamiseks.<\/p>\r\n<p><a role=\"button\" href=\"\/teenused\/\" target=\"_self\" rel=\"noopener\"> Loe edasi <\/a><\/p>\r\n<h3>KARJ\u00c4\u00c4R<\/h3>\r\n<p>Liituge meie kasvava meeskonnaga. Ootame endaga liituma andekaid spetsialiste, kes soovivad oma ideid ellu viia.<\/p>\r\n<h2>Saavutame edu \u00fcheskoos<\/h2>\r\n<p>Meie ettev\u00f5te pakub klientidele kaasaegseid ja t\u00e4iustatud tehnoloogiaid, mis suurendavad tootmise efektiivsust.<\/p>\r\n<p>\u25ce Usume pikaajalisesse koost\u00f6\u00f6sse oma klientidega.<br \/>\u25ce Meil on m\u00e4rkimisv\u00e4\u00e4rsed kogemused ja oskused ning litsentsid.<br \/>\u25ce J\u00e4lgime t\u00e4helepanelikult kraanaseadmete uusi arenguid.<br \/>\u25ce K\u00f5iki meie t\u00f6id viivad l\u00e4bi suure kogemusega kvalifitseeritud spetsialistid.<\/p>\r\n<h2>Kasvagem <strong>koos<\/strong><\/h2>\r\n<p>Liituge meie kasvava meeskonnaga. Ootame endaga liituma andekaid spetsialiste, kes soovivad oma ideid ellu viia.<\/p>\r\n<p><a role=\"button\" href=\"\/karjaar\/\" target=\"_self\" rel=\"noopener\"> Vaata vabu t\u00f6\u00f6kohti <\/a> <img data-recalc-dims=\"1\" loading=\"lazy\" decoding=\"async\" title=\"Girl-right\" src=\"https:\/\/i0.wp.com\/cranes.lv\/wp-content\/uploads\/2017\/04\/Girl-right-1-1.png?resize=692%2C801&#038;ssl=1\" sizes=\"auto, (max-width: 768px) 100vw, 100vw\" srcset=\"https:\/\/i0.wp.com\/zemitanssia.wpcomstaging.com\/wp-content\/uploads\/2017\/04\/Girl-right-1-1.png?w=692&amp;ssl=1 692w, https:\/\/i0.wp.com\/zemitanssia.wpcomstaging.com\/wp-content\/uploads\/2017\/04\/Girl-right-1-1.png?resize=259%2C300&amp;ssl=1 259w, https:\/\/i0.wp.com\/zemitanssia.wpcomstaging.com\/wp-content\/uploads\/2017\/04\/Girl-right-1-1.png?resize=630%2C729&amp;ssl=1 630w, https:\/\/i0.wp.com\/zemitanssia.wpcomstaging.com\/wp-content\/uploads\/2017\/04\/Girl-right-1-1.png?resize=420%2C486&amp;ssl=1 420w, https:\/\/i0.wp.com\/zemitanssia.wpcomstaging.com\/wp-content\/uploads\/2017\/04\/Girl-right-1-1.png?resize=315%2C365&amp;ssl=1 315w\" alt=\"Girl-right\" width=\"692\" height=\"801\" \/><\/p>\r\n<h3>Meie kontor<\/h3>\r\n<p>Asume Riias, L\u00e4tis, aadressil Republikas laukums 3, LV-1010.<\/p>\r\n<p><a role=\"button\" href=\"\/kontaktid\/\" target=\"_self\" rel=\"noopener\"> Leia kontor kaardil <\/a><\/p>\r\n<h3>V\u00f5tke meiega \u00fchendust<\/h3>\r\n<p>Professionaalsete n\u00f5uannete saamiseks v\u00f5tke meiega \u00fchendust kontaktvormi kaudu.<\/p>\r\n<p><a role=\"button\" href=\"\/kontaktid\/\" target=\"_self\" rel=\"noopener\"> T\u00e4itke vorm <\/a><\/p>\r\n<h3>Abi<\/h3>\r\n<p>Ugege teavet meie toodete kohta<\/p>\r\n<p><a role=\"button\" href=\"\/kontaktid\/\" target=\"_self\" rel=\"noopener\"> V\u00f5tke meiega \u00fchendust <\/a><\/p>\r\n<\/div><!-- .vgblk-rw-wrapper -->","protected":false},"excerpt":{"rendered":"<p>Meie t\u00f6\u00f6 lugu numbrites: 55+ Edukalt ellu viidud projekti 1000+ Meie ettev\u00f5tte klienti 20+ Aastat kogemust kraanaseadmete turul RAKENDUSVALDKONNAD Meie ettev\u00f5tte poolt omandatud ulatuslik kogemus v\u00f5imaldab meil seda rakendada erinevates valdkondades Puidut\u00f6\u00f6tlemine Kasutatakse suurte palkide, saematerjali, seadmete ja t\u00f6\u00f6riistade teisaldamiseks Loe edasi Energiasektor Kasutamine seadmete t\u00f5stmiseks ja paigaldamiseks energiapaigaldistesse ja elektrijaamadesse. Loe edasi Metallit\u00f6\u00f6tlemine Kasutatakse&#8230;<\/p>\n","protected":false},"author":247047761,"featured_media":0,"parent":0,"menu_order":0,"comment_status":"closed","ping_status":"closed","template":"","meta":{"_acf_changed":false,"_crdt_document":"","inline_featured_image":false,"footnotes":""},"class_list":["post-989131","page","type-page","status-publish","hentry"],"acf":[],"yoast_head":"<!-- This site is optimized with the Yoast SEO plugin v27.6 - https:\/\/yoast.com\/product\/yoast-seo-wordpress\/ -->\n<title>Avaleht | telferid ja sildkraanad | SWF Krantechnik - SIA &quot;Zemit\u0101ns&quot;<\/title>\n<meta name=\"description\" content=\"Avaleht | SIA &quot;Zemit\u0101ns&quot; | telferid ja sildkraanad | SWF Krantechnik\" \/>\n<meta name=\"robots\" content=\"index, follow, max-snippet:-1, max-image-preview:large, max-video-preview:-1\" \/>\n<link rel=\"canonical\" href=\"https:\/\/cranes.lv\/ee\/\" \/>\n<meta property=\"og:locale\" content=\"et_EE\" \/>\n<meta property=\"og:type\" content=\"article\" \/>\n<meta property=\"og:title\" content=\"Avaleht | telferid ja sildkraanad | SWF Krantechnik - SIA &quot;Zemit\u0101ns&quot;\" \/>\n<meta property=\"og:description\" content=\"Avaleht | SIA &quot;Zemit\u0101ns&quot; | telferid ja sildkraanad | SWF Krantechnik\" \/>\n<meta property=\"og:url\" content=\"https:\/\/cranes.lv\/ee\/\" \/>\n<meta property=\"og:site_name\" content=\"SIA &quot;Zemit\u0101ns&quot;\" \/>\n<meta property=\"article:publisher\" content=\"https:\/\/www.facebook.com\/profile.php?id=61551090123372\" \/>\n<meta property=\"article:modified_time\" content=\"2024-05-21T15:58:30+00:00\" \/>\n<meta property=\"og:image\" content=\"https:\/\/cranes.lv\/wp-content\/uploads\/2024\/04\/\u0414\u0438\u0437\u0430\u0439\u043d-\u0431\u0435\u0437-\u043d\u0430\u0437\u0432\u0430\u043d\u0438\u044f-\u043a\u043e\u043f\u0438\u044f-4.png\" \/>\n\t<meta property=\"og:image:width\" content=\"1000\" \/>\n\t<meta property=\"og:image:height\" content=\"900\" \/>\n\t<meta property=\"og:image:type\" content=\"image\/png\" \/>\n<meta name=\"twitter:card\" content=\"summary_large_image\" \/>\n<meta name=\"twitter:label1\" content=\"Est. reading time\" \/>\n\t<meta name=\"twitter:data1\" content=\"4 minutit\" \/>\n<script type=\"application\/ld+json\" class=\"yoast-schema-graph\">{\"@context\":\"https:\\\/\\\/schema.org\",\"@graph\":[{\"@type\":\"WebPage\",\"@id\":\"https:\\\/\\\/cranes.lv\\\/ee\\\/\",\"url\":\"https:\\\/\\\/cranes.lv\\\/ee\\\/\",\"name\":\"Avaleht | telferid ja sildkraanad | SWF Krantechnik - SIA &quot;Zemit\u0101ns&quot;\",\"isPartOf\":{\"@id\":\"https:\\\/\\\/cranes.lv\\\/#website\"},\"primaryImageOfPage\":{\"@id\":\"https:\\\/\\\/cranes.lv\\\/ee\\\/#primaryimage\"},\"image\":{\"@id\":\"https:\\\/\\\/cranes.lv\\\/ee\\\/#primaryimage\"},\"thumbnailUrl\":\"https:\\\/\\\/cranes.lv\\\/wp-content\\\/uploads\\\/2017\\\/04\\\/Girl-right-1-1.png\",\"datePublished\":\"2024-03-26T14:04:28+00:00\",\"dateModified\":\"2024-05-21T15:58:30+00:00\",\"description\":\"Avaleht | SIA \\\"Zemit\u0101ns\\\" | telferid ja sildkraanad | SWF Krantechnik\",\"breadcrumb\":{\"@id\":\"https:\\\/\\\/cranes.lv\\\/ee\\\/#breadcrumb\"},\"inLanguage\":\"et\",\"potentialAction\":[{\"@type\":\"ReadAction\",\"target\":[\"https:\\\/\\\/cranes.lv\\\/ee\\\/\"]}]},{\"@type\":\"ImageObject\",\"inLanguage\":\"et\",\"@id\":\"https:\\\/\\\/cranes.lv\\\/ee\\\/#primaryimage\",\"url\":\"https:\\\/\\\/cranes.lv\\\/wp-content\\\/uploads\\\/2017\\\/04\\\/Girl-right-1-1.png\",\"contentUrl\":\"https:\\\/\\\/cranes.lv\\\/wp-content\\\/uploads\\\/2017\\\/04\\\/Girl-right-1-1.png\"},{\"@type\":\"BreadcrumbList\",\"@id\":\"https:\\\/\\\/cranes.lv\\\/ee\\\/#breadcrumb\",\"itemListElement\":[{\"@type\":\"ListItem\",\"position\":1,\"name\":\"\u0413\u043b\u0430\u0432\u043d\u0430\u044f \u0441\u0442\u0440\u0430\u043d\u0438\u0446\u0430\",\"item\":\"https:\\\/\\\/cranes.lv\\\/ee\\\/\"},{\"@type\":\"ListItem\",\"position\":2,\"name\":\"Avaleht | telferid ja sildkraanad | SWF Krantechnik\"}]},{\"@type\":\"WebSite\",\"@id\":\"https:\\\/\\\/cranes.lv\\\/#website\",\"url\":\"https:\\\/\\\/cranes.lv\\\/\",\"name\":\"Zemitans\",\"description\":\"\",\"publisher\":{\"@id\":\"https:\\\/\\\/cranes.lv\\\/#organization\"},\"potentialAction\":[{\"@type\":\"SearchAction\",\"target\":{\"@type\":\"EntryPoint\",\"urlTemplate\":\"https:\\\/\\\/cranes.lv\\\/?s={search_term_string}\"},\"query-input\":{\"@type\":\"PropertyValueSpecification\",\"valueRequired\":true,\"valueName\":\"search_term_string\"}}],\"inLanguage\":\"et\"},{\"@type\":\"Organization\",\"@id\":\"https:\\\/\\\/cranes.lv\\\/#organization\",\"name\":\"Zemitans\",\"url\":\"https:\\\/\\\/cranes.lv\\\/\",\"logo\":{\"@type\":\"ImageObject\",\"inLanguage\":\"et\",\"@id\":\"https:\\\/\\\/cranes.lv\\\/#\\\/schema\\\/logo\\\/image\\\/\",\"url\":\"https:\\\/\\\/cranes.lv\\\/wp-content\\\/uploads\\\/2024\\\/03\\\/Zemitans-1.svg\",\"contentUrl\":\"https:\\\/\\\/cranes.lv\\\/wp-content\\\/uploads\\\/2024\\\/03\\\/Zemitans-1.svg\",\"width\":300,\"height\":70,\"caption\":\"Zemitans\"},\"image\":{\"@id\":\"https:\\\/\\\/cranes.lv\\\/#\\\/schema\\\/logo\\\/image\\\/\"},\"sameAs\":[\"https:\\\/\\\/www.facebook.com\\\/profile.php?id=61551090123372\"]}]}<\/script>\n<!-- \/ Yoast SEO plugin. -->","yoast_head_json":{"title":"Avaleht | telferid ja sildkraanad | SWF Krantechnik - SIA &quot;Zemit\u0101ns&quot;","description":"Avaleht | SIA \"Zemit\u0101ns\" | telferid ja sildkraanad | SWF Krantechnik","robots":{"index":"index","follow":"follow","max-snippet":"max-snippet:-1","max-image-preview":"max-image-preview:large","max-video-preview":"max-video-preview:-1"},"canonical":"https:\/\/cranes.lv\/ee\/","og_locale":"et_EE","og_type":"article","og_title":"Avaleht | telferid ja sildkraanad | SWF Krantechnik - SIA &quot;Zemit\u0101ns&quot;","og_description":"Avaleht | SIA \"Zemit\u0101ns\" | telferid ja sildkraanad | SWF Krantechnik","og_url":"https:\/\/cranes.lv\/ee\/","og_site_name":"SIA &quot;Zemit\u0101ns&quot;","article_publisher":"https:\/\/www.facebook.com\/profile.php?id=61551090123372","article_modified_time":"2024-05-21T15:58:30+00:00","og_image":[{"width":1000,"height":900,"url":"https:\/\/cranes.lv\/wp-content\/uploads\/2024\/04\/\u0414\u0438\u0437\u0430\u0439\u043d-\u0431\u0435\u0437-\u043d\u0430\u0437\u0432\u0430\u043d\u0438\u044f-\u043a\u043e\u043f\u0438\u044f-4.png","type":"image\/png"}],"twitter_card":"summary_large_image","twitter_misc":{"Est. reading time":"4 minutit"},"schema":{"@context":"https:\/\/schema.org","@graph":[{"@type":"WebPage","@id":"https:\/\/cranes.lv\/ee\/","url":"https:\/\/cranes.lv\/ee\/","name":"Avaleht | telferid ja sildkraanad | SWF Krantechnik - SIA &quot;Zemit\u0101ns&quot;","isPartOf":{"@id":"https:\/\/cranes.lv\/#website"},"primaryImageOfPage":{"@id":"https:\/\/cranes.lv\/ee\/#primaryimage"},"image":{"@id":"https:\/\/cranes.lv\/ee\/#primaryimage"},"thumbnailUrl":"https:\/\/cranes.lv\/wp-content\/uploads\/2017\/04\/Girl-right-1-1.png","datePublished":"2024-03-26T14:04:28+00:00","dateModified":"2024-05-21T15:58:30+00:00","description":"Avaleht | SIA \"Zemit\u0101ns\" | telferid ja sildkraanad | SWF Krantechnik","breadcrumb":{"@id":"https:\/\/cranes.lv\/ee\/#breadcrumb"},"inLanguage":"et","potentialAction":[{"@type":"ReadAction","target":["https:\/\/cranes.lv\/ee\/"]}]},{"@type":"ImageObject","inLanguage":"et","@id":"https:\/\/cranes.lv\/ee\/#primaryimage","url":"https:\/\/cranes.lv\/wp-content\/uploads\/2017\/04\/Girl-right-1-1.png","contentUrl":"https:\/\/cranes.lv\/wp-content\/uploads\/2017\/04\/Girl-right-1-1.png"},{"@type":"BreadcrumbList","@id":"https:\/\/cranes.lv\/ee\/#breadcrumb","itemListElement":[{"@type":"ListItem","position":1,"name":"\u0413\u043b\u0430\u0432\u043d\u0430\u044f \u0441\u0442\u0440\u0430\u043d\u0438\u0446\u0430","item":"https:\/\/cranes.lv\/ee\/"},{"@type":"ListItem","position":2,"name":"Avaleht | telferid ja sildkraanad | SWF Krantechnik"}]},{"@type":"WebSite","@id":"https:\/\/cranes.lv\/#website","url":"https:\/\/cranes.lv\/","name":"Zemitans","description":"","publisher":{"@id":"https:\/\/cranes.lv\/#organization"},"potentialAction":[{"@type":"SearchAction","target":{"@type":"EntryPoint","urlTemplate":"https:\/\/cranes.lv\/?s={search_term_string}"},"query-input":{"@type":"PropertyValueSpecification","valueRequired":true,"valueName":"search_term_string"}}],"inLanguage":"et"},{"@type":"Organization","@id":"https:\/\/cranes.lv\/#organization","name":"Zemitans","url":"https:\/\/cranes.lv\/","logo":{"@type":"ImageObject","inLanguage":"et","@id":"https:\/\/cranes.lv\/#\/schema\/logo\/image\/","url":"https:\/\/cranes.lv\/wp-content\/uploads\/2024\/03\/Zemitans-1.svg","contentUrl":"https:\/\/cranes.lv\/wp-content\/uploads\/2024\/03\/Zemitans-1.svg","width":300,"height":70,"caption":"Zemitans"},"image":{"@id":"https:\/\/cranes.lv\/#\/schema\/logo\/image\/"},"sameAs":["https:\/\/www.facebook.com\/profile.php?id=61551090123372"]}]}},"jetpack_sharing_enabled":true,"_links":{"self":[{"href":"https:\/\/cranes.lv\/et\/wp-json\/wp\/v2\/pages\/989131","targetHints":{"allow":["GET"]}}],"collection":[{"href":"https:\/\/cranes.lv\/et\/wp-json\/wp\/v2\/pages"}],"about":[{"href":"https:\/\/cranes.lv\/et\/wp-json\/wp\/v2\/types\/page"}],"author":[{"embeddable":true,"href":"https:\/\/cranes.lv\/et\/wp-json\/wp\/v2\/users\/247047761"}],"replies":[{"embeddable":true,"href":"https:\/\/cranes.lv\/et\/wp-json\/wp\/v2\/comments?post=989131"}],"version-history":[{"count":16,"href":"https:\/\/cranes.lv\/et\/wp-json\/wp\/v2\/pages\/989131\/revisions"}],"predecessor-version":[{"id":990961,"href":"https:\/\/cranes.lv\/et\/wp-json\/wp\/v2\/pages\/989131\/revisions\/990961"}],"wp:attachment":[{"href":"https:\/\/cranes.lv\/et\/wp-json\/wp\/v2\/media?parent=989131"}],"curies":[{"name":"wp","href":"https:\/\/api.w.org\/{rel}","templated":true}]}}